{"id":40120,"date":"2025-04-10T12:14:06","date_gmt":"2025-04-10T10:14:06","guid":{"rendered":"https:\/\/myspainfood.com\/producto\/sofrito-a-inigo\/"},"modified":"2025-04-10T12:14:06","modified_gmt":"2025-04-10T10:14:06","slug":"sofrito-a-inigo","status":"publish","type":"product","link":"https:\/\/myspainfood.com\/bg\/producto\/sofrito-a-inigo\/","title":{"rendered":"Sofrito A.I\u00f1igo -"},"content":{"rendered":"<article class=\"4ever-article\" data-clipboard-cangjie=\"[\"root\",{\"copyFrom\":33891801},[\"p\",{\"jc\":\"left\",\"ind\":{},\"spacing\":{}},[\"span\",{\"data-type\":\"text\"},[\"span\",{\"data-type\":\"leaf\"},\"El \"],[\"span\",{\"bold\":true,\"data-type\":\"leaf\"},\"Sofrito A. I\u00f1igo\"],[\"span\",{\"data-type\":\"leaf\"},\" es un aut\u00e9ntico tesoro de la cocina tradicional espa\u00f1ola, elaborado con ingredientes frescos y seleccionados cuidadosamente para brindar el sabor casero que transforma cualquier plato. Este sofrito es la base perfecta para una infinidad de recetas, aportando un toque especial a cada bocado.\"]]],[\"p\",{\"jc\":\"left\",\"ind\":{},\"spacing\":{}},[\"span\",{\"data-type\":\"text\"},[\"span\",{\"data-type\":\"leaf\"},\"\"]]],[\"p\",{\"jc\":\"left\",\"ind\":{},\"spacing\":{}},[\"span\",{\"data-type\":\"text\"},[\"span\",{\"bold\":true,\"data-type\":\"leaf\"},\"Beneficios:\"]]],[\"p\",{\"list\":{\"listId\":\"2nmuyaj4lsn\",\"isOrdered\":false,\"level\":0},\"jc\":\"left\",\"spacing\":{}},[\"span\",{\"data-type\":\"text\"},[\"span\",{\"bold\":true,\"data-type\":\"leaf\"},\"Ahorra Tiempo:\"],[\"span\",{\"data-type\":\"leaf\"},\" Perfecto para quienes buscan la autenticidad del sofrito casero sin invertir horas en la cocina.\"]]],[\"p\",{\"list\":{\"listId\":\"2nmuyaj4lsn\",\"isOrdered\":false,\"level\":0},\"jc\":\"left\",\"spacing\":{}},[\"span\",{\"data-type\":\"text\"},[\"span\",{\"bold\":true,\"data-type\":\"leaf\"},\"Sabor Aut\u00e9ntico:\"],[\"span\",{\"data-type\":\"leaf\"},\" Reproduce fielmente el sofrito tradicional espa\u00f1ol, ofreciendo una base rica y sabrosa para cualquier receta.\"]]],[\"p\",{\"list\":{\"listId\":\"2nmuyaj4lsn\",\"isOrdered\":false,\"level\":0},\"jc\":\"left\",\"spacing\":{}},[\"span\",{\"data-type\":\"text\"},[\"span\",{\"bold\":true,\"data-type\":\"leaf\"},\"Saludable:\"],[\"span\",{\"data-type\":\"leaf\"},\" Hecho con ingredientes naturales y aceite de oliva extra virgen, aportando beneficios para la salud sin comprometer el sabor.\"]]],[\"p\",{\"jc\":\"left\",\"ind\":{},\"spacing\":{}},[\"span\",{\"data-type\":\"text\"},[\"span\",{\"data-type\":\"leaf\"},\"\"]]],[\"p\",{\"jc\":\"left\",\"ind\":{},\"spacing\":{}},[\"span\",{\"data-type\":\"text\"},[\"span\",{\"bold\":true,\"data-type\":\"leaf\"},\"Recomendaciones de Uso:\"]]],[\"p\",{\"list\":{\"listId\":\"yih4f0o7c2\",\"isOrdered\":false,\"level\":0},\"jc\":\"left\",\"spacing\":{}},[\"span\",{\"data-type\":\"text\"},[\"span\",{\"bold\":true,\"data-type\":\"leaf\"},\"Guisos:\"],[\"span\",{\"data-type\":\"leaf\"},\" A\u00f1\u00e1delo a tus guisos de carne, pollo o pescado para realzar su sabor y conseguir un plato m\u00e1s jugoso y sabroso.\"]]],[\"p\",{\"list\":{\"listId\":\"yih4f0o7c2\",\"isOrdered\":false,\"level\":0},\"jc\":\"left\",\"spacing\":{}},[\"span\",{\"data-type\":\"text\"},[\"span\",{\"bold\":true,\"data-type\":\"leaf\"},\"Arroces:\"],[\"span\",{\"data-type\":\"leaf\"},\" Util\u00edzalo como base para paellas y arroces caldosos, aportando el sabor y color caracter\u00edsticos de la cocina espa\u00f1ola.\"]]],[\"p\",{\"list\":{\"listId\":\"yih4f0o7c2\",\"isOrdered\":false,\"level\":0},\"jc\":\"left\",\"spacing\":{}},[\"span\",{\"data-type\":\"text\"},[\"span\",{\"bold\":true,\"data-type\":\"leaf\"},\"Pastas:\"],[\"span\",{\"data-type\":\"leaf\"},\" M\u00e9zclalo con pasta cocida y un poco de queso parmesano para un plato r\u00e1pido y delicioso.\"]]],[\"p\",{\"list\":{\"listId\":\"yih4f0o7c2\",\"isOrdered\":false,\"level\":0},\"jc\":\"left\",\"spacing\":{}},[\"span\",{\"data-type\":\"text\"},[\"span\",{\"bold\":true,\"data-type\":\"leaf\"},\"Salsas:\"],[\"span\",{\"data-type\":\"leaf\"},\" Ideal para preparar salsas de tomate caseras, simplemente a\u00f1adiendo unos pocos ingredientes adicionales seg\u00fan tu preferencia.\"]]],[\"p\",{\"jc\":\"left\",\"ind\":{},\"spacing\":{}},[\"span\",{\"data-type\":\"text\"},[\"span\",{\"data-type\":\"leaf\"},\"\"]]],[\"p\",{\"jc\":\"left\",\"ind\":{},\"spacing\":{}},[\"span\",{\"data-type\":\"text\"},[\"span\",{\"bold\":true,\"data-type\":\"leaf\"},\"Conservaci\u00f3n:\"]]],[\"p\",{\"list\":{\"listId\":\"xul99lc6zvi\",\"isOrdered\":false,\"level\":0},\"jc\":\"left\",\"spacing\":{}},[\"span\",{\"data-type\":\"text\"},[\"span\",{\"data-type\":\"leaf\"},\"Almacenar en un lugar fresco y seco.\"]]],[\"p\",{\"list\":{\"listId\":\"xul99lc6zvi\",\"isOrdered\":false,\"level\":0},\"jc\":\"left\",\"spacing\":{}},[\"span\",{\"data-type\":\"text\"},[\"span\",{\"data-type\":\"leaf\"},\"Una vez abierto, mantener refrigerado y consumir en los pr\u00f3ximos 3-4 d\u00edas.\"]]]]\"><strong>A. I\u00f1igo Sofrito<\/strong> \u0435 \u0437\u0430\u043d\u0430\u044f\u0442\u0447\u0438\u0439\u0441\u043a\u0430 \u043a\u0443\u043b\u0438\u043d\u0430\u0440\u043d\u0430 \u043e\u0441\u043d\u043e\u0432\u0430, \u043a\u043e\u044f\u0442\u043e \u043e\u0431\u043e\u0433\u0430\u0442\u044f\u0432\u0430 \u0432\u0441\u044f\u043a\u0430 \u0440\u0435\u0446\u0435\u043f\u0442\u0430 \u0441 \u043f\u0440\u0435\u0441\u043d\u0438 \u0438 \u0432\u043d\u0438\u043c\u0430\u0442\u0435\u043b\u043d\u043e \u043f\u043e\u0434\u0431\u0440\u0430\u043d\u0438 \u0441\u044a\u0441\u0442\u0430\u0432\u043a\u0438. \u0418\u0434\u0435\u0430\u043b\u0435\u043d \u0437\u0430 \u0442\u0435\u0437\u0438, \u043a\u043e\u0438\u0442\u043e \u0442\u044a\u0440\u0441\u044f\u0442 \u0430\u0432\u0442\u0435\u043d\u0442\u0438\u0447\u043d\u043e\u0441\u0442 \u0432\u044a\u0432 \u0432\u0441\u044f\u043a\u043e \u044f\u0441\u0442\u0438\u0435, \u0442\u043e\u0437\u0438 \u0441\u043e\u0444\u0440\u0438\u0442\u043e, \u043d\u0430\u043f\u0440\u0430\u0432\u0435\u043d \u043e\u0442 \u0437\u0440\u0435\u043b\u0438 \u0434\u043e\u043c\u0430\u0442\u0438, \u043b\u0443\u043a \u0438 \u0447\u0435\u0441\u044a\u043d, \u0433\u0430\u0440\u0430\u043d\u0442\u0438\u0440\u0430 \u0431\u0430\u043b\u0430\u043d\u0441\u0438\u0440\u0430\u043d \u0432\u043a\u0443\u0441, \u043a\u043e\u0439\u0442\u043e \u043f\u043e\u0434\u043e\u0431\u0440\u044f\u0432\u0430 \u0437\u0430\u0434\u0443\u0448\u0435\u043d\u0438 \u044f\u0441\u0442\u0438\u044f, \u044f\u0441\u0442\u0438\u044f \u0441 \u043e\u0440\u0438\u0437, \u043f\u0430\u0441\u0442\u0430 \u0438 \u0434\u0440. \u041a\u0430\u0447\u0435\u0441\u0442\u0432\u043e\u0442\u043e \u043d\u0430 A. I\u00f1igo \u0435 \u0438\u0437\u0432\u0435\u0441\u0442\u043d\u043e \u0432 \u0441\u0435\u043a\u0442\u043e\u0440\u0430 \u043d\u0430 \u043a\u043e\u043d\u0441\u0435\u0440\u0432\u0438\u0440\u0430\u043d\u0435\u0442\u043e, \u043a\u0430\u0442\u043e \u0432\u043d\u0430\u0441\u044f \u0434\u043e\u043c\u0430\u0448\u0435\u043d \u0438 \u0435\u0441\u0442\u0435\u0441\u0442\u0432\u0435\u043d \u043f\u0440\u0438\u0432\u043a\u0443\u0441 \u0432 \u0435\u0436\u0435\u0434\u043d\u0435\u0432\u043d\u0438\u0442\u0435 \u0432\u0438 \u043f\u0440\u0438\u0433\u043e\u0442\u043e\u0432\u043b\u0435\u043d\u0438\u044f.  <\/p>\n<p>\u041f\u0435\u0440\u0444\u0435\u043a\u0442\u0435\u043d \u0437\u0430 \u043a\u0443\u043f\u0443\u0432\u0430\u0447\u0438, \u043a\u043e\u0438\u0442\u043e \u0446\u0435\u043d\u044f\u0442 \u043a\u0430\u0447\u0435\u0441\u0442\u0432\u0435\u043d\u0438\u0442\u0435 \u043f\u0440\u043e\u0434\u0443\u043a\u0442\u0438 \u0438 \u0442\u0440\u0430\u0434\u0438\u0446\u0438\u044f\u0442\u0430, <strong>\u0441\u043e\u0444\u0440\u0438\u0442\u043e\u0442\u043e A. I\u00f1igo<\/strong> \u0441\u0435 \u0432\u043f\u0438\u0441\u0432\u0430 \u0432\u044a\u0432 \u0432\u0441\u044f\u043a\u0430 \u043a\u0443\u0445\u043d\u044f, \u043a\u043e\u044f\u0442\u043e \u0442\u044a\u0440\u0441\u0438 \u043f\u0440\u0430\u043a\u0442\u0438\u0447\u043d\u043e\u0441\u0442, \u0431\u0435\u0437 \u0434\u0430 \u0436\u0435\u0440\u0442\u0432\u0430 \u0432\u043a\u0443\u0441\u0430. \u0421 \u0432\u0441\u044f\u043a\u043e \u0431\u0443\u0440\u043a\u0430\u043d\u0447\u0435 \u0441\u043f\u0435\u0441\u0442\u044f\u0432\u0430\u0442\u0435 \u0432\u0440\u0435\u043c\u0435 \u0438 \u0441\u0438 \u043e\u0441\u0438\u0433\u0443\u0440\u044f\u0432\u0430\u0442\u0435 \u0441\u043e\u0444\u0440\u0438\u0442\u043e, \u043a\u043e\u0435\u0442\u043e \u0437\u0430\u043f\u0430\u0437\u0432\u0430 \u0441\u0432\u0435\u0436\u0435\u0441\u0442\u0442\u0430 \u0438 \u0430\u0432\u0442\u0435\u043d\u0442\u0438\u0447\u043d\u0438\u044f \u0441\u0438 \u0432\u043a\u0443\u0441, \u0438\u0434\u0435\u0430\u043b\u043d\u043e \u043a\u0430\u043a\u0442\u043e \u0437\u0430 \u043e\u0431\u0438\u043a\u043d\u043e\u0432\u0435\u043d\u0438, \u0442\u0430\u043a\u0430 \u0438 \u0437\u0430 \u0433\u0443\u0440\u043c\u0435 \u044f\u0441\u0442\u0438\u044f. \u0417\u0430 \u0442\u0435\u0437\u0438, \u043a\u043e\u0438\u0442\u043e \u0438\u0437\u0441\u043b\u0435\u0434\u0432\u0430\u0442 \u0437\u0430\u043d\u0430\u044f\u0442\u0447\u0438\u0439\u0441\u043a\u0438\u0442\u0435 \u043f\u0440\u043e\u0434\u0443\u043a\u0442\u0438, \u043f\u043e\u0441\u0435\u0442\u0435\u0442\u0435 \u043d\u0430\u0448\u0438\u044f <a href=\"https:\/\/latiendadesami.com\/categoria-producto\/conservas\/\" target=\"_new\" rel=\"noopener noreferrer nofollow\" target=\"_blank\">\u0440\u0430\u0437\u0434\u0435\u043b \u0437\u0430 \u043a\u043e\u043d\u0441\u0435\u0440\u0432\u0438 <\/a>\u0438 \u043d\u0430\u043c\u0435\u0440\u0435\u0442\u0435 \u043f\u0435\u0440\u0444\u0435\u043a\u0442\u043d\u0430\u0442\u0430 \u043a\u043e\u043c\u0431\u0438\u043d\u0430\u0446\u0438\u044f \u043e\u0442 \u0441\u044a\u0441\u0442\u0430\u0432\u043a\u0438, \u043a\u043e\u044f\u0442\u043e \u0440\u0430\u0437\u043a\u0440\u0438\u0432\u0430 \u043d\u0430\u0439-\u0434\u043e\u0431\u0440\u043e\u0442\u043e \u0432 \u0442\u0440\u0430\u0434\u0438\u0446\u0438\u043e\u043d\u043d\u0430\u0442\u0430 \u043a\u0443\u0445\u043d\u044f.  <\/p>\n<p>\u0417\u0430 \u043f\u043e\u0432\u0435\u0447\u0435 \u0432\u0434\u044a\u0445\u043d\u043e\u0432\u0435\u043d\u0438\u0435 \u043a\u0430\u043a \u0434\u0430 \u0438\u0437\u043f\u043e\u043b\u0437\u0432\u0430\u0442\u0435 <strong>\u0441\u043e\u0444\u0440\u0438\u0442\u043e\u0442\u043e \u043d\u0430 A. I\u00f1igo<\/strong> \u0432 \u0440\u0435\u0446\u0435\u043f\u0442\u0438\u0442\u0435 \u0441\u0438 \u0438 \u0437\u0430 \u0434\u0430 \u0441\u0435 \u0438\u043d\u0444\u043e\u0440\u043c\u0438\u0440\u0430\u0442\u0435 \u0437\u0430 \u0434\u0440\u0443\u0433\u0438 \u043a\u0430\u0447\u0435\u0441\u0442\u0432\u0435\u043d\u0438 \u043f\u0440\u043e\u0434\u0443\u043a\u0442\u0438, \u043f\u043e\u0441\u0435\u0442\u0435\u0442\u0435 \u0441\u043f\u0440\u0430\u0432\u043e\u0447\u043d\u0438 \u0441\u0430\u0439\u0442\u043e\u0432\u0435 \u043a\u0430\u0442\u043e <a href=\"https:\/\/academiadegastronomia.org\" target=\"_new\" rel=\"noopener noreferrer nofollow\" target=\"_blank\">\u0418\u0441\u043f\u0430\u043d\u0441\u043a\u0430\u0442\u0430 \u0430\u043a\u0430\u0434\u0435\u043c\u0438\u044f \u043f\u043e \u0433\u0430\u0441\u0442\u0440\u043e\u043d\u043e\u043c\u0438\u044f<\/a>.<\/p>\n<\/article>\n","protected":false},"excerpt":{"rendered":"<p>A. I\u00f1igo Sofrito \u0435 \u0437\u0430\u043d\u0430\u044f\u0442\u0447\u0438\u0439\u0441\u043a\u0430 \u043a\u0443\u043b\u0438\u043d\u0430\u0440\u043d\u0430 \u043e\u0441\u043d\u043e\u0432\u0430, \u043a\u043e\u044f\u0442\u043e \u043e\u0431\u043e\u0433\u0430\u0442\u044f\u0432\u0430 \u0432\u0441\u044f\u043a\u0430 \u0440\u0435\u0446\u0435\u043f\u0442\u0430 \u0441 \u043f\u0440\u0435\u0441\u043d\u0438 \u0438 \u0432\u043d\u0438\u043c\u0430\u0442\u0435\u043b\u043d\u043e \u043f\u043e\u0434\u0431\u0440\u0430\u043d\u0438 \u0441\u044a\u0441\u0442\u0430\u0432\u043a\u0438. \u0418\u0434\u0435\u0430\u043b\u0435\u043d \u0437\u0430 \u0442\u0435\u0437\u0438, \u043a\u043e\u0438\u0442\u043e \u0442\u044a\u0440\u0441\u044f\u0442 \u0430\u0432\u0442\u0435\u043d\u0442\u0438\u0447\u043d\u043e\u0441\u0442 \u0432\u044a\u0432 \u0432\u0441\u044f\u043a\u043e \u044f\u0441\u0442\u0438\u0435, \u0442\u043e\u0437\u0438 \u0441\u043e\u0444\u0440\u0438\u0442\u043e, \u043d\u0430\u043f\u0440\u0430\u0432\u0435\u043d \u043e\u0442 \u0437\u0440\u0435\u043b\u0438 \u0434\u043e\u043c\u0430\u0442\u0438, \u043b\u0443\u043a \u0438 \u0447\u0435\u0441\u044a\u043d, \u0433\u0430\u0440\u0430\u043d\u0442\u0438\u0440\u0430 \u0431\u0430\u043b\u0430\u043d\u0441\u0438\u0440\u0430\u043d \u0432\u043a\u0443\u0441, \u043a\u043e\u0439\u0442\u043e \u043f\u043e\u0434\u043e\u0431\u0440\u044f\u0432\u0430 \u0437\u0430\u0434\u0443\u0448\u0435\u043d\u0438 \u044f\u0441\u0442\u0438\u044f, \u044f\u0441\u0442\u0438\u044f \u0441 \u043e\u0440\u0438\u0437, \u043f\u0430\u0441\u0442\u0430 \u0438 \u0434\u0440. \u041a\u0430\u0447\u0435\u0441\u0442\u0432\u043e\u0442\u043e \u043d\u0430 A. I\u00f1igo \u0435 \u0438\u0437\u0432\u0435\u0441\u0442\u043d\u043e \u0432 [&hellip;]<\/p>\n","protected":false},"featured_media":40125,"template":"","meta":{"_et_pb_use_builder":"","_et_pb_old_content":"","_et_gb_content_width":""},"product_brand":[1461],"product_cat":[1928],"product_tag":[],"class_list":{"0":"post-40120","1":"product","2":"type-product","3":"status-publish","4":"has-post-thumbnail","6":"product_brand-a-inigo","7":"product_cat-1928","9":"first","10":"outofstock","11":"taxable","12":"shipping-taxable","13":"product-type-variable"},"_links":{"self":[{"href":"https:\/\/myspainfood.com\/bg\/wp-json\/wp\/v2\/product\/40120","targetHints":{"allow":["GET"]}}],"collection":[{"href":"https:\/\/myspainfood.com\/bg\/wp-json\/wp\/v2\/product"}],"about":[{"href":"https:\/\/myspainfood.com\/bg\/wp-json\/wp\/v2\/types\/product"}],"wp:featuredmedia":[{"embeddable":true,"href":"https:\/\/myspainfood.com\/bg\/wp-json\/wp\/v2\/media\/40125"}],"wp:attachment":[{"href":"https:\/\/myspainfood.com\/bg\/wp-json\/wp\/v2\/media?parent=40120"}],"wp:term":[{"taxonomy":"product_brand","embeddable":true,"href":"https:\/\/myspainfood.com\/bg\/wp-json\/wp\/v2\/product_brand?post=40120"},{"taxonomy":"product_cat","embeddable":true,"href":"https:\/\/myspainfood.com\/bg\/wp-json\/wp\/v2\/product_cat?post=40120"},{"taxonomy":"product_tag","embeddable":true,"href":"https:\/\/myspainfood.com\/bg\/wp-json\/wp\/v2\/product_tag?post=40120"}],"curies":[{"name":"wp","href":"https:\/\/api.w.org\/{rel}","templated":true}]}}