{"id":40170,"date":"2025-04-10T12:14:06","date_gmt":"2025-04-10T10:14:06","guid":{"rendered":""},"modified":"2025-04-10T12:14:06","modified_gmt":"2025-04-10T10:14:06","slug":"olympos-%d0%b6%d1%8a%d0%bb%d1%82%d0%be%d0%bf%d0%b5%d1%80%d0%ba%d0%be%d0%b2-%d1%82%d0%be%d0%bd-%d0%b2-%d0%bc%d0%b0%d1%80%d0%b8%d0%bd%d0%be%d0%b2%d0%b0%d0%bd-%d1%81%d0%be%d1%81-18-%d0%ba%d0%b8%d0%bb","status":"publish","type":"product","link":"https:\/\/myspainfood.com\/bg\/producto\/olympos-%d0%b6%d1%8a%d0%bb%d1%82%d0%be%d0%bf%d0%b5%d1%80%d0%ba%d0%be%d0%b2-%d1%82%d0%be%d0%bd-%d0%b2-%d0%bc%d0%b0%d1%80%d0%b8%d0%bd%d0%be%d0%b2%d0%b0%d0%bd-%d1%81%d0%be%d1%81-18-%d0%ba%d0%b8%d0%bb\/","title":{"rendered":"Olympos \u0416\u044a\u043b\u0442\u043e\u043f\u0435\u0440\u043a\u043e\u0432 \u0442\u043e\u043d \u0432 \u043c\u0430\u0440\u0438\u043d\u043e\u0432\u0430\u043d \u0441\u043e\u0441 1,8 \u043a\u0438\u043b\u043e\u0433\u0440\u0430\u043c\u0430"},"content":{"rendered":"<article class=\"4ever-article\" data-clipboard-cangjie=\"[\"root\",{\"copyFrom\":33891801},[\"p\",{\"jc\":\"left\",\"ind\":{},\"spacing\":{}},[\"span\",{\"data-type\":\"text\"},[\"span\",{\"data-type\":\"leaf\"},\"Descubre la excelencia del \"],[\"span\",{\"bold\":true,\"data-type\":\"leaf\"},\"At\u00fan Claro en Escabeche Olympos\"],[\"span\",{\"data-type\":\"leaf\"},\", una delicia gourmet que eleva tus comidas cotidianas. Seleccionado cuidadosamente y preparado con los m\u00e1s altos est\u00e1ndares de calidad, este at\u00fan claro ofrece un sabor aut\u00e9ntico y una textura suave que deleitar\u00e1 a tu paladar.\"]]],[\"p\",{\"jc\":\"left\",\"ind\":{},\"spacing\":{}},[\"span\",{\"data-type\":\"text\"},[\"span\",{\"data-type\":\"leaf\"},\"\"]]],[\"p\",{\"jc\":\"left\",\"ind\":{},\"spacing\":{}},[\"span\",{\"data-type\":\"text\"},[\"span\",{\"bold\":true,\"data-type\":\"leaf\"},\"Beneficios:\"]]],[\"p\",{\"list\":{\"listId\":\"ca7ejz8ee1c\",\"isOrdered\":false,\"level\":0},\"jc\":\"left\",\"spacing\":{}},[\"span\",{\"data-type\":\"text\"},[\"span\",{\"bold\":true,\"data-type\":\"leaf\"},\"F\u00e1cil de Usar:\"],[\"span\",{\"data-type\":\"leaf\"},\" Abre la lata y disfruta de su delicioso sabor directamente o como ingrediente principal en tus recetas favoritas.\"]]],[\"p\",{\"list\":{\"listId\":\"ca7ejz8ee1c\",\"isOrdered\":false,\"level\":0},\"jc\":\"left\",\"spacing\":{}},[\"span\",{\"data-type\":\"text\"},[\"span\",{\"bold\":true,\"data-type\":\"leaf\"},\"Saludable:\"],[\"span\",{\"data-type\":\"leaf\"},\" Bajo en grasas saturadas y libre de conservantes artificiales, es una opci\u00f3n nutritiva para toda la familia.\"]]],[\"p\",{\"list\":{\"listId\":\"ca7ejz8ee1c\",\"isOrdered\":false,\"level\":0},\"jc\":\"left\",\"spacing\":{}},[\"span\",{\"data-type\":\"text\"},[\"span\",{\"bold\":true,\"data-type\":\"leaf\"},\"Sabor Aut\u00e9ntico:\"],[\"span\",{\"data-type\":\"leaf\"},\" La preparaci\u00f3n en escabeche realza el sabor natural del at\u00fan, ofreci\u00e9ndote una experiencia gastron\u00f3mica \u00fanica.\"]]],[\"p\",{\"jc\":\"left\",\"ind\":{},\"spacing\":{}},[\"span\",{\"data-type\":\"text\"},[\"span\",{\"data-type\":\"leaf\"},\"\"]]],[\"p\",{\"jc\":\"left\",\"ind\":{},\"spacing\":{}},[\"span\",{\"data-type\":\"text\"},[\"span\",{\"bold\":true,\"data-type\":\"leaf\"},\"Recomendaciones de Uso:\"]]],[\"p\",{\"list\":{\"listId\":\"wuep2lhyiif\",\"isOrdered\":false,\"level\":0},\"jc\":\"left\",\"spacing\":{}},[\"span\",{\"data-type\":\"text\"},[\"span\",{\"bold\":true,\"data-type\":\"leaf\"},\"Ensaladas:\"],[\"span\",{\"data-type\":\"leaf\"},\" Comb\u00ednalo con vegetales frescos y un aderezo ligero para una ensalada nutritiva.\"]]],[\"p\",{\"list\":{\"listId\":\"wuep2lhyiif\",\"isOrdered\":false,\"level\":0},\"jc\":\"left\",\"spacing\":{}},[\"span\",{\"data-type\":\"text\"},[\"span\",{\"bold\":true,\"data-type\":\"leaf\"},\"Tapas:\"],[\"span\",{\"data-type\":\"leaf\"},\" \u00dasalo como ingrediente principal en tapas espa\u00f1olas, junto con pimientos, aceitunas y pan crujiente.\"]]],[\"p\",{\"list\":{\"listId\":\"wuep2lhyiif\",\"isOrdered\":false,\"level\":0},\"jc\":\"left\",\"spacing\":{}},[\"span\",{\"data-type\":\"text\"},[\"span\",{\"bold\":true,\"data-type\":\"leaf\"},\"Platos Principales:\"],[\"span\",{\"data-type\":\"leaf\"},\" A\u00f1\u00e1delo a pastas, arroces o guisos para un plato principal lleno de sabor y nutrientes.\"]]],[\"p\",{\"jc\":\"left\",\"ind\":{},\"spacing\":{}},[\"span\",{\"data-type\":\"text\"},[\"span\",{\"data-type\":\"leaf\"},\"\"]]],[\"p\",{\"jc\":\"left\",\"ind\":{},\"spacing\":{}},[\"span\",{\"data-type\":\"text\"},[\"span\",{\"bold\":true,\"data-type\":\"leaf\"},\"Conservaci\u00f3n:\"]]],[\"p\",{\"list\":{\"listId\":\"x5ptcu8sy7j\",\"isOrdered\":false,\"level\":0},\"jc\":\"left\",\"spacing\":{}},[\"span\",{\"data-type\":\"text\"},[\"span\",{\"data-type\":\"leaf\"},\"Almacenar en un lugar fresco y seco.\"]]],[\"p\",{\"list\":{\"listId\":\"x5ptcu8sy7j\",\"isOrdered\":false,\"level\":0},\"jc\":\"left\",\"spacing\":{}},[\"span\",{\"data-type\":\"text\"},[\"span\",{\"data-type\":\"leaf\"},\"Una vez abierto, mantener refrigerado y consumir en los pr\u00f3ximos 2 d\u00edas.\"]]]]\">\u041e\u0442\u043a\u0440\u0438\u0439\u0442\u0435 \u043f\u0440\u0435\u0432\u044a\u0437\u0445\u043e\u0434\u0441\u0442\u0432\u043e\u0442\u043e \u043d\u0430 \u043c\u0430\u0440\u0438\u043d\u043e\u0432\u0430\u043d\u0430\u0442\u0430 \u0436\u044a\u043b\u0442\u043e\u043f\u0435\u0440\u043a\u0430 \u043d\u0430 Olympos - \u0433\u0443\u0440\u043c\u0435 \u043d\u0430\u0441\u043b\u0430\u0434\u0430, \u043a\u043e\u044f\u0442\u043e \u0438\u0437\u0434\u0438\u0433\u0430 \u043d\u0430 \u043f\u043e-\u0432\u0438\u0441\u043e\u043a\u043e \u043d\u0438\u0432\u043e \u0435\u0436\u0435\u0434\u043d\u0435\u0432\u043d\u0438\u0442\u0435 \u0432\u0438 \u044f\u0441\u0442\u0438\u044f. \u0412\u043d\u0438\u043c\u0430\u0442\u0435\u043b\u043d\u043e \u043f\u043e\u0434\u0431\u0440\u0430\u043d\u0430 \u0438 \u043f\u0440\u0438\u0433\u043e\u0442\u0432\u0435\u043d\u0430 \u043f\u043e \u043d\u0430\u0439-\u0432\u0438\u0441\u043e\u043a\u0438\u0442\u0435 \u0441\u0442\u0430\u043d\u0434\u0430\u0440\u0442\u0438 \u0437\u0430 \u043a\u0430\u0447\u0435\u0441\u0442\u0432\u043e, \u0442\u0430\u0437\u0438 \u043b\u0435\u043a\u0430 \u0440\u0438\u0431\u0430 \u0442\u043e\u043d \u043f\u0440\u0435\u0434\u043b\u0430\u0433\u0430 \u0430\u0432\u0442\u0435\u043d\u0442\u0438\u0447\u0435\u043d \u0432\u043a\u0443\u0441 \u0438 \u0433\u043b\u0430\u0434\u043a\u0430 \u0442\u0435\u043a\u0441\u0442\u0443\u0440\u0430, \u043a\u043e\u0438\u0442\u043e \u0449\u0435 \u0437\u0430\u0440\u0430\u0434\u0432\u0430\u0442 \u043d\u0435\u0431\u0446\u0435\u0442\u043e \u0432\u0438: <\/p>\n<ul>\n<li>\n<div>\u041b\u0435\u0441\u043d\u0430 \u0443\u043f\u043e\u0442\u0440\u0435\u0431\u0430: \u041e\u0442\u0432\u043e\u0440\u0435\u0442\u0435 \u043a\u0443\u0442\u0438\u044f\u0442\u0430 \u0438 \u0441\u0435 \u043d\u0430\u0441\u043b\u0430\u0434\u0435\u0442\u0435 \u043d\u0430 \u0432\u043a\u0443\u0441\u043d\u0438\u044f \u0432\u043a\u0443\u0441 \u0434\u0438\u0440\u0435\u043a\u0442\u043d\u043e \u0438\u043b\u0438 \u043a\u0430\u0442\u043e \u043e\u0441\u043d\u043e\u0432\u043d\u0430 \u0441\u044a\u0441\u0442\u0430\u0432\u043a\u0430 \u0432 \u043b\u044e\u0431\u0438\u043c\u0438\u0442\u0435 \u0441\u0438 \u0440\u0435\u0446\u0435\u043f\u0442\u0438.<\/div>\n<\/li>\n<li>\n<div>\u0417\u0434\u0440\u0430\u0432\u043e\u0441\u043b\u043e\u0432\u0435\u043d: \u0421 \u043d\u0438\u0441\u043a\u043e \u0441\u044a\u0434\u044a\u0440\u0436\u0430\u043d\u0438\u0435 \u043d\u0430 \u043d\u0430\u0441\u0438\u0442\u0435\u043d\u0438 \u043c\u0430\u0437\u043d\u0438\u043d\u0438 \u0438 \u0431\u0435\u0437 \u0438\u0437\u043a\u0443\u0441\u0442\u0432\u0435\u043d\u0438 \u043a\u043e\u043d\u0441\u0435\u0440\u0432\u0430\u043d\u0442\u0438, \u0442\u043e\u0439 \u0435 \u0445\u0440\u0430\u043d\u0438\u0442\u0435\u043b\u0435\u043d \u0438\u0437\u0431\u043e\u0440 \u0437\u0430 \u0446\u044f\u043b\u043e\u0442\u043e \u0441\u0435\u043c\u0435\u0439\u0441\u0442\u0432\u043e.<\/div>\n<\/li>\n<li>\n<div>\u0410\u0432\u0442\u0435\u043d\u0442\u0438\u0447\u0435\u043d \u0432\u043a\u0443\u0441: \u043c\u0430\u0440\u0438\u043d\u043e\u0432\u0430\u043d\u0435\u0442\u043e \u0437\u0430\u0441\u0438\u043b\u0432\u0430 \u0435\u0441\u0442\u0435\u0441\u0442\u0432\u0435\u043d\u0438\u044f \u0432\u043a\u0443\u0441 \u043d\u0430 \u0440\u0438\u0431\u0430\u0442\u0430 \u0442\u043e\u043d \u0438 \u0432\u0438 \u043f\u0440\u0435\u0434\u043b\u0430\u0433\u0430 \u0443\u043d\u0438\u043a\u0430\u043b\u043d\u043e \u0433\u0430\u0441\u0442\u0440\u043e\u043d\u043e\u043c\u0438\u0447\u0435\u0441\u043a\u043e \u0438\u0437\u0436\u0438\u0432\u044f\u0432\u0430\u043d\u0435.<\/div>\n<\/li>\n<\/ul>\n<p>&nbsp;<\/p>\n<p>\u041f\u0440\u0435\u043f\u043e\u0440\u044a\u043a\u0438 \u0437\u0430 \u0443\u043f\u043e\u0442\u0440\u0435\u0431\u0430:<\/p>\n<ul>\n<li>\n<div>\u0421\u0430\u043b\u0430\u0442\u0438: \u041a\u043e\u043c\u0431\u0438\u043d\u0438\u0440\u0430\u0439\u0442\u0435 \u0441 \u043f\u0440\u0435\u0441\u043d\u0438 \u0437\u0435\u043b\u0435\u043d\u0447\u0443\u0446\u0438 \u0438 \u043b\u0435\u043a \u0434\u0440\u0435\u0441\u0438\u043d\u0433 \u0437\u0430 \u043f\u0438\u0442\u0430\u0442\u0435\u043b\u043d\u0430 \u0441\u0430\u043b\u0430\u0442\u0430.<\/div>\n<\/li>\n<li>\n<div>\u0422\u0430\u043f\u0430\u0441: \u0418\u0437\u043f\u043e\u043b\u0437\u0432\u0430\u0439\u0442\u0435 \u0433\u043e \u043a\u0430\u0442\u043e \u043e\u0441\u043d\u043e\u0432\u043d\u0430 \u0441\u044a\u0441\u0442\u0430\u0432\u043a\u0430 \u0432 \u0438\u0441\u043f\u0430\u043d\u0441\u043a\u0438\u0442\u0435 \u0442\u0430\u043f\u0430\u0441, \u0437\u0430\u0435\u0434\u043d\u043e \u0441 \u0447\u0443\u0448\u043a\u0438, \u043c\u0430\u0441\u043b\u0438\u043d\u0438 \u0438 \u0445\u0440\u0443\u043f\u043a\u0430\u0432 \u0445\u043b\u044f\u0431.<\/div>\n<\/li>\n<li>\n<div>\u041e\u0441\u043d\u043e\u0432\u043d\u0438 \u044f\u0441\u0442\u0438\u044f: \u0414\u043e\u0431\u0430\u0432\u0435\u0442\u0435 \u044f \u043a\u044a\u043c \u043c\u0430\u043a\u0430\u0440\u043e\u043d\u0435\u043d\u0438 \u0438\u0437\u0434\u0435\u043b\u0438\u044f, \u044f\u0441\u0442\u0438\u044f \u0441 \u043e\u0440\u0438\u0437 \u0438\u043b\u0438 \u0437\u0430\u0434\u0443\u0448\u0435\u043d\u0438 \u044f\u0441\u0442\u0438\u044f, \u0437\u0430 \u0434\u0430 \u043f\u043e\u043b\u0443\u0447\u0438\u0442\u0435 \u043e\u0441\u043d\u043e\u0432\u043d\u043e \u044f\u0441\u0442\u0438\u0435, \u0438\u0437\u043f\u044a\u043b\u043d\u0435\u043d\u043e \u0441 \u0432\u043a\u0443\u0441 \u0438 \u0445\u0440\u0430\u043d\u0438\u0442\u0435\u043b\u043d\u0438 \u0432\u0435\u0449\u0435\u0441\u0442\u0432\u0430.<\/div>\n<\/li>\n<\/ul>\n<p>&nbsp;<\/p>\n<p>\u041e\u043f\u0430\u0437\u0432\u0430\u043d\u0435 \u043d\u0430 \u043e\u043a\u043e\u043b\u043d\u0430\u0442\u0430 \u0441\u0440\u0435\u0434\u0430:<\/p>\n<ul>\n<li>\n<div>\u0421\u044a\u0445\u0440\u0430\u043d\u044f\u0432\u0430\u0439\u0442\u0435 \u043d\u0430 \u0445\u043b\u0430\u0434\u043d\u043e \u0438 \u0441\u0443\u0445\u043e \u043c\u044f\u0441\u0442\u043e.<\/div>\n<\/li>\n<li>\n<div>\u0421\u043b\u0435\u0434 \u043e\u0442\u0432\u0430\u0440\u044f\u043d\u0435 \u0441\u044a\u0445\u0440\u0430\u043d\u044f\u0432\u0430\u0439\u0442\u0435 \u0432 \u0445\u043b\u0430\u0434\u0438\u043b\u043d\u0438\u043a \u0438 \u043a\u043e\u043d\u0441\u0443\u043c\u0438\u0440\u0430\u0439\u0442\u0435 \u0432 \u0440\u0430\u043c\u043a\u0438\u0442\u0435 \u043d\u0430 2 \u0434\u043d\u0438.<\/div>\n<\/li>\n<\/ul>\n<\/article>\n","protected":false},"excerpt":{"rendered":"<p>\u041e\u0442\u043a\u0440\u0438\u0439\u0442\u0435 \u043f\u0440\u0435\u0432\u044a\u0437\u0445\u043e\u0434\u0441\u0442\u0432\u043e\u0442\u043e \u043d\u0430 \u043c\u0430\u0440\u0438\u043d\u043e\u0432\u0430\u043d\u0430\u0442\u0430 \u0436\u044a\u043b\u0442\u043e\u043f\u0435\u0440\u043a\u0430 \u043d\u0430 Olympos - \u0433\u0443\u0440\u043c\u0435 \u043d\u0430\u0441\u043b\u0430\u0434\u0430, \u043a\u043e\u044f\u0442\u043e \u0438\u0437\u0434\u0438\u0433\u0430 \u043d\u0430 \u043f\u043e-\u0432\u0438\u0441\u043e\u043a\u043e \u043d\u0438\u0432\u043e \u0435\u0436\u0435\u0434\u043d\u0435\u0432\u043d\u0438\u0442\u0435 \u0432\u0438 \u044f\u0441\u0442\u0438\u044f. \u0412\u043d\u0438\u043c\u0430\u0442\u0435\u043b\u043d\u043e \u043f\u043e\u0434\u0431\u0440\u0430\u043d\u0430 \u0438 \u043f\u0440\u0438\u0433\u043e\u0442\u0432\u0435\u043d\u0430 \u043f\u043e \u043d\u0430\u0439-\u0432\u0438\u0441\u043e\u043a\u0438\u0442\u0435 \u0441\u0442\u0430\u043d\u0434\u0430\u0440\u0442\u0438 \u0437\u0430 \u043a\u0430\u0447\u0435\u0441\u0442\u0432\u043e, \u0442\u0430\u0437\u0438 \u043b\u0435\u043a\u0430 \u0440\u0438\u0431\u0430 \u0442\u043e\u043d \u043f\u0440\u0435\u0434\u043b\u0430\u0433\u0430 \u0430\u0432\u0442\u0435\u043d\u0442\u0438\u0447\u0435\u043d \u0432\u043a\u0443\u0441 \u0438 \u0433\u043b\u0430\u0434\u043a\u0430 \u0442\u0435\u043a\u0441\u0442\u0443\u0440\u0430, \u043a\u043e\u0438\u0442\u043e \u0449\u0435 \u0437\u0430\u0440\u0430\u0434\u0432\u0430\u0442 \u043d\u0435\u0431\u0446\u0435\u0442\u043e \u0432\u0438: \u041b\u0435\u0441\u043d\u0430 \u0443\u043f\u043e\u0442\u0440\u0435\u0431\u0430: \u041e\u0442\u0432\u043e\u0440\u0435\u0442\u0435 \u043a\u0443\u0442\u0438\u044f\u0442\u0430 \u0438 \u0441\u0435 \u043d\u0430\u0441\u043b\u0430\u0434\u0435\u0442\u0435 \u043d\u0430 \u0432\u043a\u0443\u0441\u043d\u0438\u044f \u0432\u043a\u0443\u0441 \u0434\u0438\u0440\u0435\u043a\u0442\u043d\u043e \u0438\u043b\u0438 \u043a\u0430\u0442\u043e [&hellip;]<\/p>\n","protected":false},"featured_media":40176,"template":"","meta":{"_et_pb_use_builder":"","_et_pb_old_content":"","_et_gb_content_width":""},"product_brand":[1248],"product_cat":[1928,4347],"product_tag":[],"class_list":{"0":"post-40170","1":"product","2":"type-product","3":"status-publish","4":"has-post-thumbnail","6":"product_brand-olympos","7":"product_cat-1928","8":"product_cat-4347","10":"first","11":"outofstock","12":"taxable","13":"shipping-taxable","14":"product-type-variable"},"_links":{"self":[{"href":"https:\/\/myspainfood.com\/bg\/wp-json\/wp\/v2\/product\/40170","targetHints":{"allow":["GET"]}}],"collection":[{"href":"https:\/\/myspainfood.com\/bg\/wp-json\/wp\/v2\/product"}],"about":[{"href":"https:\/\/myspainfood.com\/bg\/wp-json\/wp\/v2\/types\/product"}],"wp:featuredmedia":[{"embeddable":true,"href":"https:\/\/myspainfood.com\/bg\/wp-json\/wp\/v2\/media\/40176"}],"wp:attachment":[{"href":"https:\/\/myspainfood.com\/bg\/wp-json\/wp\/v2\/media?parent=40170"}],"wp:term":[{"taxonomy":"product_brand","embeddable":true,"href":"https:\/\/myspainfood.com\/bg\/wp-json\/wp\/v2\/product_brand?post=40170"},{"taxonomy":"product_cat","embeddable":true,"href":"https:\/\/myspainfood.com\/bg\/wp-json\/wp\/v2\/product_cat?post=40170"},{"taxonomy":"product_tag","embeddable":true,"href":"https:\/\/myspainfood.com\/bg\/wp-json\/wp\/v2\/product_tag?post=40170"}],"curies":[{"name":"wp","href":"https:\/\/api.w.org\/{rel}","templated":true}]}}