{"id":18522,"date":"2025-04-08T08:43:07","date_gmt":"2025-04-08T06:43:07","guid":{"rendered":"https:\/\/myspainfood.com\/zasady-ochrany-osobnich-udaju\/"},"modified":"2025-05-08T09:59:20","modified_gmt":"2025-05-08T07:59:20","slug":"zasady-ochrany-osobnich-udaju","status":"publish","type":"page","link":"https:\/\/myspainfood.com\/cs\/zasady-ochrany-osobnich-udaju\/","title":{"rendered":"Z\u00e1sady ochrany osobn\u00edch \u00fadaj\u016f"},"content":{"rendered":"\n<p>V\u00edtejte na str\u00e1nk\u00e1ch https:\/\/myspainfood.com (d\u00e1le jen &#8222;str\u00e1nky&#8220;). Ch\u00e1peme, \u017ee soukrom\u00ed online je pro u\u017eivatele na\u0161ich str\u00e1nek d\u016fle\u017eit\u00e9, zejm\u00e9na p\u0159i obchodn\u00edch transakc\u00edch. Toto prohl\u00e1\u0161en\u00ed upravuje na\u0161e z\u00e1sady ochrany osobn\u00edch \u00fadaj\u016f ve vztahu k t\u011bm u\u017eivatel\u016fm Str\u00e1nek (&#8222;N\u00e1v\u0161t\u011bvn\u00edci&#8220;), kte\u0159\u00ed nav\u0161t\u00edv\u00ed Str\u00e1nky, ani\u017e by uzav\u00edrali obchodn\u00ed transakce, a k N\u00e1v\u0161t\u011bvn\u00edk\u016fm, kte\u0159\u00ed se za \u00fa\u010delem uzav\u00edr\u00e1n\u00ed obchodn\u00edch transakc\u00ed na Str\u00e1nk\u00e1ch zaregistruj\u00ed a vyu\u017e\u00edvaj\u00ed r\u016fzn\u00e9 slu\u017eby nab\u00edzen\u00e9 spole\u010dnost\u00ed SUMINISTROS HOSTELEROS, S. L. (souhrnn\u011b &#8222;Slu\u017eby&#8220;) (&#8222;Opr\u00e1vn\u011bn\u00ed z\u00e1kazn\u00edci&#8220;).  <\/p>\n\n<p><strong>&#8222;Osobn\u011b identifikovateln\u00e9 informace<\/strong><\/p>\n\n<p>znamen\u00e1 ve\u0161ker\u00e9 informace, kter\u00e9 identifikuj\u00ed nebo mohou b\u00fdt pou\u017eity k identifikaci, kontaktov\u00e1n\u00ed nebo nalezen\u00ed osoby, kter\u00e9 se tyto informace t\u00fdkaj\u00ed, mimo jin\u00e9 v\u010detn\u011b jm\u00e9na, adresy, telefonn\u00edho \u010d\u00edsla, faxov\u00e9ho \u010d\u00edsla, e-mailov\u00e9 adresy, finan\u010dn\u00edch profil\u016f, \u010d\u00edsla soci\u00e1ln\u00edho poji\u0161t\u011bn\u00ed a informac\u00ed o kreditn\u00ed kart\u011b. Osobn\u011b identifikovateln\u00e9 informace nezahrnuj\u00ed informace, kter\u00e9 jsou shroma\u017e\u010fov\u00e1ny anonymn\u011b (tj. bez identifikace konkr\u00e9tn\u00edho u\u017eivatele), ani demografick\u00e9 informace, kter\u00e9 nejsou spojeny s identifikovanou osobou. <\/p>\n\n<p><strong>Jak\u00e9 osobn\u00ed \u00fadaje jsou shroma\u017e\u010fov\u00e1ny?<\/strong><\/p>\n\n<p>Od v\u0161ech na\u0161ich n\u00e1v\u0161t\u011bvn\u00edk\u016f m\u016f\u017eeme shroma\u017e\u010fovat z\u00e1kladn\u00ed informace o u\u017eivatelsk\u00e9m profilu. Od na\u0161ich autorizovan\u00fdch z\u00e1kazn\u00edk\u016f shroma\u017e\u010fujeme tyto dal\u0161\u00ed informace: jm\u00e9na, adresy, telefonn\u00ed \u010d\u00edsla a e-mailov\u00e9 adresy autorizovan\u00fdch z\u00e1kazn\u00edk\u016f, povahu a velikost podniku a povahu a velikost reklamn\u00edho invent\u00e1\u0159e, kter\u00fd autorizovan\u00fd z\u00e1kazn\u00edk hodl\u00e1 koupit nebo prodat. <\/p>\n\n<p><strong>Kter\u00e9 organizace tyto informace shroma\u017e\u010fuj\u00ed?<\/strong><\/p>\n\n<p>Krom\u011b na\u0161eho p\u0159\u00edm\u00e9ho shroma\u017e\u010fov\u00e1n\u00ed informac\u00ed mohou tyto informace od na\u0161ich n\u00e1v\u0161t\u011bvn\u00edk\u016f a opr\u00e1vn\u011bn\u00fdch z\u00e1kazn\u00edk\u016f shroma\u017e\u010fovat i na\u0161i poskytovatel\u00e9 slu\u017eeb t\u0159et\u00edch stran (nap\u0159\u00edklad spole\u010dnosti vyd\u00e1vaj\u00edc\u00ed kreditn\u00ed karty, clearingov\u00e1 centra a banky), kte\u0159\u00ed mohou poskytovat slu\u017eby, jako jsou \u00fav\u011brov\u00e9 slu\u017eby, poji\u0161t\u011bn\u00ed a slu\u017eby \u00faschovy. Nem\u00e1me kontrolu nad t\u00edm, jak tyto t\u0159et\u00ed strany tyto informace pou\u017e\u00edvaj\u00ed, ale \u017e\u00e1d\u00e1me je, aby zve\u0159ejnily, jak pou\u017e\u00edvaj\u00ed osobn\u00ed \u00fadaje, kter\u00e9 jim poskytli N\u00e1v\u0161t\u011bvn\u00edci a Opr\u00e1vn\u011bn\u00ed z\u00e1kazn\u00edci. N\u011bkter\u00e9 z t\u011bchto t\u0159et\u00edch stran mohou b\u00fdt zprost\u0159edkovateli, kte\u0159\u00ed funguj\u00ed pouze jako \u010dl\u00e1nky distribu\u010dn\u00edho \u0159et\u011bzce a poskytnut\u00e9 informace neukl\u00e1daj\u00ed, neuchov\u00e1vaj\u00ed ani nepou\u017e\u00edvaj\u00ed.  <\/p>\n\n<p><strong>Jak webov\u00e9 str\u00e1nky pou\u017e\u00edvaj\u00ed osobn\u00ed \u00fadaje?<\/strong><\/p>\n\n<p>Osobn\u00ed \u00fadaje pou\u017e\u00edv\u00e1me k personalizaci str\u00e1nek, poskytov\u00e1n\u00ed p\u0159\u00edslu\u0161n\u00fdch slu\u017eeb a pln\u011bn\u00ed po\u017eadavk\u016f na n\u00e1kup a prodej na str\u00e1nk\u00e1ch. N\u00e1v\u0161t\u011bvn\u00edk\u016fm a Opr\u00e1vn\u011bn\u00fdm z\u00e1kazn\u00edk\u016fm m\u016f\u017eeme zas\u00edlat e-maily o mo\u017enostech v\u00fdzkumu nebo n\u00e1kupu a prodeje na Str\u00e1nk\u00e1ch nebo informace t\u00fdkaj\u00edc\u00ed se p\u0159edm\u011btu Str\u00e1nek. Osobn\u00ed \u00fadaje m\u016f\u017eeme tak\u00e9 pou\u017e\u00edt ke kontaktov\u00e1n\u00ed N\u00e1v\u0161t\u011bvn\u00edk\u016f a Opr\u00e1vn\u011bn\u00fdch z\u00e1kazn\u00edk\u016f v reakci na konkr\u00e9tn\u00ed dotazy nebo k poskytnut\u00ed po\u017eadovan\u00fdch informac\u00ed.  <\/p>\n\n<p><strong>S k\u00fdm lze informace sd\u00edlet?<\/strong><\/p>\n\n<p>Osobn\u00ed \u00fadaje Opr\u00e1vn\u011bn\u00fdch z\u00e1kazn\u00edk\u016f mohou b\u00fdt sd\u00edleny s jin\u00fdmi Opr\u00e1vn\u011bn\u00fdmi z\u00e1kazn\u00edky, kte\u0159\u00ed cht\u011bj\u00ed vyhodnotit potenci\u00e1ln\u00ed transakce s jin\u00fdmi Opr\u00e1vn\u011bn\u00fdmi z\u00e1kazn\u00edky. Souhrnn\u00e9 informace o na\u0161ich n\u00e1v\u0161t\u011bvn\u00edc\u00edch, v\u010detn\u011b demografick\u00fdch \u00fadaj\u016f o na\u0161ich n\u00e1v\u0161t\u011bvn\u00edc\u00edch a autorizovan\u00fdch z\u00e1kazn\u00edc\u00edch, m\u016f\u017eeme sd\u00edlet s na\u0161imi p\u0159idru\u017een\u00fdmi agenturami a dodavateli t\u0159et\u00edch stran. Nab\u00edz\u00edme tak\u00e9 mo\u017enost &#8222;odhl\u00e1sit se&#8220; ze zas\u00edl\u00e1n\u00ed informac\u00ed nebo kontaktov\u00e1n\u00ed n\u00e1mi nebo jakoukoli agenturou jednaj\u00edc\u00ed na\u0161\u00edm jm\u00e9nem.  <\/p>\n\n<p><strong>Jak se ukl\u00e1daj\u00ed osobn\u00ed \u00fadaje?<\/strong><\/p>\n\n<p>Osobn\u00ed \u00fadaje shrom\u00e1\u017ed\u011bn\u00e9 spole\u010dnost\u00ed SUMINISTROS HOSTELEROS, S. L. jsou bezpe\u010dn\u011b ulo\u017eeny a nejsou p\u0159\u00edstupn\u00e9 t\u0159et\u00edm stran\u00e1m ani zam\u011bstnanc\u016fm spole\u010dnosti SUMINISTROS HOSTELEROS, S. L. s v\u00fdjimkou v\u00fd\u0161e uveden\u00e9ho pou\u017eit\u00ed.<\/p>\n\n<p><strong>Jak\u00e9 mo\u017enosti maj\u00ed n\u00e1v\u0161t\u011bvn\u00edci p\u0159i shroma\u017e\u010fov\u00e1n\u00ed, pou\u017e\u00edv\u00e1n\u00ed a \u0161\u00ed\u0159en\u00ed informac\u00ed?<\/strong><\/p>\n\n<p>N\u00e1v\u0161t\u011bvn\u00edci a opr\u00e1vn\u011bn\u00ed z\u00e1kazn\u00edci mohou odm\u00edtnout zas\u00edl\u00e1n\u00ed nevy\u017e\u00e1dan\u00fdch informac\u00ed nebo kontaktov\u00e1n\u00ed n\u00e1mi a\/nebo na\u0161imi dodavateli a p\u0159idru\u017een\u00fdmi agenturami t\u00edm, \u017ee odpov\u00ed na e-maily podle pokyn\u016f nebo n\u00e1s kontaktuj\u00ed na adrese.<\/p>\n\n<p><strong>Pou\u017e\u00edvaj\u00ed se na webov\u00fdch str\u00e1nk\u00e1ch soubory cookie?<\/strong><\/p>\n\n<p>Soubory cookie se pou\u017e\u00edvaj\u00ed z r\u016fzn\u00fdch d\u016fvod\u016f. Soubory cookie pou\u017e\u00edv\u00e1me k z\u00edsk\u00e1v\u00e1n\u00ed informac\u00ed o preferenc\u00edch na\u0161ich n\u00e1v\u0161t\u011bvn\u00edk\u016f a o slu\u017eb\u00e1ch, kter\u00e9 si vyb\u00edraj\u00ed. Soubory cookie pou\u017e\u00edv\u00e1me tak\u00e9 pro bezpe\u010dnostn\u00ed \u00fa\u010dely, abychom ochr\u00e1nili na\u0161e autorizovan\u00e9 z\u00e1kazn\u00edky. Pokud je nap\u0159\u00edklad Autorizovan\u00fd z\u00e1kazn\u00edk p\u0159ihl\u00e1\u0161en a str\u00e1nky nepou\u017e\u00edv\u00e1 d\u00e9le ne\u017e 10 minut, automaticky jej odhl\u00e1s\u00edme.   <\/p>\n\n<p><strong>Jak spole\u010dnost SUMINISTROS HOSTELEROS, S. L. pou\u017e\u00edv\u00e1 p\u0159\u00edstupov\u00e9 \u00fadaje?<\/strong><\/p>\n\n<p>Spole\u010dnost SUMINISTROS HOSTELEROS, S. L. pou\u017e\u00edv\u00e1 p\u0159\u00edstupov\u00e9 informace, mimo jin\u00e9 IP adresy, poskytovatele internetov\u00fdch slu\u017eeb a typy prohl\u00ed\u017ee\u010d\u016f, k anal\u00fdze trend\u016f, spr\u00e1v\u011b str\u00e1nek, sledov\u00e1n\u00ed pohybu a pou\u017e\u00edv\u00e1n\u00ed u\u017eivatele a shroma\u017e\u010fov\u00e1n\u00ed \u0161irok\u00fdch demografick\u00fdch informac\u00ed.<\/p>\n\n<p><strong>Kte\u0159\u00ed partne\u0159i nebo poskytovatel\u00e9 slu\u017eeb maj\u00ed p\u0159\u00edstup k osobn\u00edm \u00fadaj\u016fm n\u00e1v\u0161t\u011bvn\u00edk\u016f a\/nebo autorizovan\u00fdch z\u00e1kazn\u00edk\u016f na Str\u00e1nk\u00e1ch?<\/strong><\/p>\n\n<p>Spole\u010dnost SUMINISTROS HOSTELEROS, S. L. uzav\u0159ela a bude i nad\u00e1le uzav\u00edrat smlouvy o spolupr\u00e1ci a dal\u0161\u00ed partnerstv\u00ed s \u0159adou dodavatel\u016f, kte\u0159\u00ed mohou m\u00edt p\u0159\u00edstup k ur\u010dit\u00fdm osobn\u00edm \u00fadaj\u016fm za \u00fa\u010delem posouzen\u00ed vhodnosti opr\u00e1vn\u011bn\u00fdch z\u00e1kazn\u00edk\u016f pro slu\u017ebu. Na\u0161e z\u00e1sady ochrany osobn\u00edch \u00fadaj\u016f se nevztahuj\u00ed na shroma\u017e\u010fov\u00e1n\u00ed nebo pou\u017e\u00edv\u00e1n\u00ed t\u011bchto \u00fadaj\u016f. Zve\u0159ejn\u011bn\u00ed Osobn\u00edch \u00fadaj\u016f za \u00fa\u010delem dodr\u017een\u00ed z\u00e1kona. Osobn\u011b identifikovateln\u00e9 \u00fadaje zve\u0159ejn\u00edme, abychom vyhov\u011bli soudn\u00edmu p\u0159\u00edkazu nebo p\u0159edvol\u00e1n\u00ed nebo \u017e\u00e1dosti org\u00e1nu \u010dinn\u00e9ho v trestn\u00edm \u0159\u00edzen\u00ed o zve\u0159ejn\u011bn\u00ed informac\u00ed. Osobn\u011b identifikovateln\u00e9 \u00fadaje zve\u0159ejn\u00edme tak\u00e9 v p\u0159\u00edpadech, kdy je to p\u0159im\u011b\u0159en\u011b nutn\u00e9 k ochran\u011b bezpe\u010dnosti na\u0161ich n\u00e1v\u0161t\u011bvn\u00edk\u016f a opr\u00e1vn\u011bn\u00fdch z\u00e1kazn\u00edk\u016f.    <\/p>\n\n<p><strong>Jak str\u00e1nka chr\u00e1n\u00ed osobn\u00ed \u00fadaje?<\/strong><\/p>\n\n<p>V\u0161ichni na\u0161i zam\u011bstnanci jsou sezn\u00e1meni s na\u0161imi bezpe\u010dnostn\u00edmi z\u00e1sadami a postupy. K osobn\u00edm \u00fadaj\u016fm na\u0161ich n\u00e1v\u0161t\u011bvn\u00edk\u016f a opr\u00e1vn\u011bn\u00fdch z\u00e1kazn\u00edk\u016f m\u00e1 p\u0159\u00edstup pouze omezen\u00fd po\u010det kvalifikovan\u00fdch zam\u011bstnanc\u016f, kte\u0159\u00ed maj\u00ed k dispozici heslo pro p\u0159\u00edstup k t\u011bmto \u00fadaj\u016fm. Prov\u00e1d\u00edme pravideln\u00e9 audity na\u0161ich bezpe\u010dnostn\u00edch syst\u00e9m\u016f a proces\u016f. Citliv\u00e9 informace, jako jsou \u010d\u00edsla kreditn\u00edch karet nebo \u010d\u00edsla soci\u00e1ln\u00edho zabezpe\u010den\u00ed, jsou chr\u00e1n\u011bny \u0161ifrovac\u00edmi protokoly zaveden\u00fdmi k ochran\u011b informac\u00ed zas\u00edlan\u00fdch p\u0159es internet. P\u0159esto\u017ee p\u0159ij\u00edm\u00e1me komer\u010dn\u011b p\u0159im\u011b\u0159en\u00e1 opat\u0159en\u00ed k udr\u017een\u00ed bezpe\u010dn\u00fdch str\u00e1nek, elektronick\u00e1 komunikace a datab\u00e1ze jsou vystaveny chyb\u00e1m, neopr\u00e1vn\u011bn\u00fdm z\u00e1sah\u016fm a vloup\u00e1n\u00edm a nem\u016f\u017eeme zaru\u010dit, \u017ee k takov\u00fdm ud\u00e1lostem nedojde, a neneseme za n\u011b v\u016f\u010di N\u00e1v\u0161t\u011bvn\u00edk\u016fm nebo Autorizovan\u00fdm z\u00e1kazn\u00edk\u016fm odpov\u011bdnost.    <\/p>\n\n<p><strong>Jak mohou n\u00e1v\u0161t\u011bvn\u00edci opravit nep\u0159esnosti v osobn\u00edch \u00fadaj\u00edch?<\/strong><\/p>\n\n<p>N\u00e1v\u0161t\u011bvn\u00edci a opr\u00e1vn\u011bn\u00ed z\u00e1kazn\u00edci se na n\u00e1s mohou obr\u00e1tit s \u017e\u00e1dost\u00ed o aktualizaci sv\u00fdch osobn\u00edch \u00fadaj\u016f nebo opravu nep\u0159esnost\u00ed prost\u0159ednictv\u00edm e-mailu na adrese hola@myspainfood.com.<\/p>\n\n<p><strong>M\u016f\u017ee n\u00e1v\u0161t\u011bvn\u00edk vymazat nebo deaktivovat osobn\u00ed \u00fadaje shrom\u00e1\u017ed\u011bn\u00e9 na webu?<\/strong><\/p>\n\n<p>N\u00e1v\u0161t\u011bvn\u00edk\u016fm a autorizovan\u00fdm z\u00e1kazn\u00edk\u016fm poskytujeme mechanismus pro odstran\u011bn\u00ed\/deaktivaci osobn\u00edch \u00fadaj\u016f z datab\u00e1ze webu kontaktov\u00e1n\u00edm . Vzhledem k z\u00e1lohov\u00e1n\u00ed a z\u00e1znam\u016fm o vymaz\u00e1n\u00ed v\u0161ak m\u016f\u017ee b\u00fdt nemo\u017en\u00e9 odstranit z\u00e1znam N\u00e1v\u0161t\u011bvn\u00edka, ani\u017e by z\u016fstaly zachov\u00e1ny n\u011bkter\u00e9 zbytkov\u00e9 informace. Pokud jednotlivec po\u017e\u00e1d\u00e1 o deaktivaci sv\u00fdch Osobn\u011b identifikovateln\u00fdch \u00fadaj\u016f, budou tyto \u00fadaje funk\u010dn\u011b vymaz\u00e1ny a my nebudeme Osobn\u011b identifikovateln\u00e9 \u00fadaje t\u00fdkaj\u00edc\u00ed se tohoto jednotlivce v budoucnu \u017e\u00e1dn\u00fdm zp\u016fsobem prod\u00e1vat, p\u0159ed\u00e1vat ani pou\u017e\u00edvat.  <\/p>\n\n<p><strong>Co se stane, pokud se zm\u011bn\u00ed z\u00e1sady ochrany osobn\u00edch \u00fadaj\u016f?<\/strong><\/p>\n\n<p>O zm\u011bn\u00e1ch na\u0161ich z\u00e1sad ochrany osobn\u00edch \u00fadaj\u016f budeme n\u00e1v\u0161t\u011bvn\u00edky a opr\u00e1vn\u011bn\u00e9 z\u00e1kazn\u00edky informovat zve\u0159ejn\u011bn\u00edm t\u011bchto zm\u011bn na Str\u00e1nk\u00e1ch. Pokud v\u0161ak zm\u011bn\u00edme na\u0161e z\u00e1sady ochrany osobn\u00edch \u00fadaj\u016f zp\u016fsobem, kter\u00fd m\u016f\u017ee zp\u016fsobit zve\u0159ejn\u011bn\u00ed Osobn\u00edch \u00fadaj\u016f, o jejich\u017e nezve\u0159ejn\u011bn\u00ed N\u00e1v\u0161t\u011bvn\u00edk nebo Opr\u00e1vn\u011bn\u00fd z\u00e1kazn\u00edk d\u0159\u00edve po\u017e\u00e1dal, budeme takov\u00e9ho N\u00e1v\u0161t\u011bvn\u00edka nebo Opr\u00e1vn\u011bn\u00e9ho z\u00e1kazn\u00edka kontaktovat, abychom mu umo\u017enili takov\u00e9mu zve\u0159ejn\u011bn\u00ed zabr\u00e1nit. <\/p>\n\n<p><strong>Z\u00e1sady vracen\u00ed zbo\u017e\u00ed?<\/strong><\/p>\n\n<p>N\u00e1sleduj\u00edc\u00ed podm\u00ednky pro vr\u00e1cen\u00ed na\u0161ich v\u00fdrobk\u016f neplat\u00ed v p\u0159\u00edpad\u011b uplatn\u011bn\u00ed pr\u00e1va na odstoupen\u00ed od smlouvy. Vr\u00e1cen\u00ed nebo v\u00fdm\u011bna v\u00fdrobk\u016f budou p\u0159ijaty pouze v p\u0159\u00edpad\u011b v\u00fdrobn\u00edch vad, po\u0161kozen\u00ed p\u0159i p\u0159eprav\u011b nebo chyb p\u0159i dod\u00e1n\u00ed. V ka\u017ed\u00e9m p\u0159\u00edpad\u011b nesm\u00ed od p\u0159evzet\u00ed v\u00fdrobku uplynout v\u00edce ne\u017e 14 dn\u00ed a v\u00fdrobek mus\u00ed obsahovat obal a p\u0159\u00edslu\u0161enstv\u00ed. P\u0159edem je t\u0159eba zkontrolovat, zda se jedn\u00e1 o v\u00fdrobn\u00ed nebo balic\u00ed vadu \u010di anom\u00e1lii, a nikoliv o vadu zp\u016fsobenou nespr\u00e1vn\u00fdm nebo nedbal\u00fdm pou\u017e\u00edv\u00e1n\u00edm, manipulac\u00ed nebo skladov\u00e1n\u00edm. V\u017edy k nim mus\u00ed b\u00fdt p\u0159ilo\u017een p\u0159\u00edslu\u0161n\u00fd dodac\u00ed list nebo faktura. Jak v p\u0159\u00edpad\u011b vr\u00e1cen\u00ed z d\u016fvodu v\u00fdrobn\u00ed vady nebo vady obalu, tak v p\u0159\u00edpad\u011b chyby v objedn\u00e1vce bude Z\u00c1KAZN\u00cdKOVI nab\u00eddnuta, pokud to bude mo\u017en\u00e9, jeho v\u00fdm\u011bna za jinou alternativu bez dal\u0161\u00edch n\u00e1klad\u016f a bez n\u00e1roku ze strany Z\u00c1KAZN\u00cdKA na jak\u00fdkoli druh kompenzace. Spole\u010dnost MySpainFood nese odpov\u011bdnost za n\u00e1klady vznikl\u00e9 v souvislosti s odesl\u00e1n\u00edm objedn\u00e1vky. V ka\u017ed\u00e9m p\u0159\u00edpad\u011b vr\u00e1cen\u00ed v\u017edy podl\u00e9h\u00e1 p\u0159edchoz\u00edmu p\u0159ezkoum\u00e1n\u00ed stavu vracen\u00e9ho v\u00fdrobku spole\u010dnost\u00ed MySpainFood a ov\u011b\u0159en\u00ed, zda byly spln\u011bny po\u017eadavky t\u011bchto prodejn\u00edch podm\u00ednek. Po obdr\u017een\u00ed vr\u00e1cen\u00e9ho zbo\u017e\u00ed a v p\u0159\u00edpad\u011b pot\u0159eby vr\u00e1t\u00edme \u00fa\u010dtovanou \u010d\u00e1stku nejpozd\u011bji do 30 dn\u016f a za stejn\u00fdch podm\u00ednek, jak\u00e9 byly pou\u017eity p\u0159i platb\u011b. Spole\u010dnost MySpainFood si vyhrazuje pr\u00e1vo odm\u00edtnout vr\u00e1cen\u00ed zbo\u017e\u00ed sd\u011blen\u00e9 nebo zaslan\u00e9 po uplynut\u00ed lh\u016fty nebo zbo\u017e\u00ed, kter\u00e9 nen\u00ed ve stejn\u00e9m stavu, v jak\u00e9m bylo p\u0159ijato. Vr\u00e1cen\u00ed se vy\u0159izuje zasl\u00e1n\u00edm e-mailu na adresu info@latiendadesami.com s popisem d\u016fvod\u016f a s uveden\u00edm d\u016fvod\u016f vr\u00e1cen\u00ed. Rovn\u011b\u017e bude nutn\u00e9 uv\u00e9st jm\u00e9no a p\u0159\u00edjmen\u00ed a referen\u010dn\u00ed \u010d\u00edslo objedn\u00e1vky. Po obdr\u017een\u00ed \u017e\u00e1dosti ji v\u010das vy\u0159\u00edd\u00edme.            <\/p>\n\n<p><strong>Odkazy:<\/strong><\/p>\n\n<p>https:\/\/myspainfood.com obsahuje odkazy na jin\u00e9 webov\u00e9 str\u00e1nky. Upozor\u0148ujeme, \u017ee kliknut\u00edm na n\u011bkter\u00fd z t\u011bchto odkaz\u016f p\u0159ejdete na jinou webovou str\u00e1nku. Doporu\u010dujeme v\u00e1m, abyste si p\u0159e\u010detli prohl\u00e1\u0161en\u00ed o ochran\u011b osobn\u00edch \u00fadaj\u016f t\u011bchto odkazovan\u00fdch str\u00e1nek, proto\u017ee jejich z\u00e1sady ochrany osobn\u00edch \u00fadaj\u016f se mohou li\u0161it od na\u0161ich.  <\/p>\n","protected":false},"excerpt":{"rendered":"<p>V\u00edtejte na str\u00e1nk\u00e1ch https:\/\/myspainfood.com (d\u00e1le jen &#8222;str\u00e1nky&#8220;). Ch\u00e1peme, \u017ee soukrom\u00ed online je pro u\u017eivatele na\u0161ich str\u00e1nek d\u016fle\u017eit\u00e9, zejm\u00e9na p\u0159i obchodn\u00edch transakc\u00edch. Toto prohl\u00e1\u0161en\u00ed upravuje na\u0161e z\u00e1sady ochrany osobn\u00edch \u00fadaj\u016f ve vztahu k t\u011bm u\u017eivatel\u016fm Str\u00e1nek (&#8222;N\u00e1v\u0161t\u011bvn\u00edci&#8220;), kte\u0159\u00ed nav\u0161t\u00edv\u00ed Str\u00e1nky, ani\u017e by uzav\u00edrali obchodn\u00ed transakce, a k N\u00e1v\u0161t\u011bvn\u00edk\u016fm, kte\u0159\u00ed se za \u00fa\u010delem uzav\u00edr\u00e1n\u00ed obchodn\u00edch transakc\u00ed na [&hellip;]<\/p>\n","protected":false},"author":1,"featured_media":0,"parent":0,"menu_order":0,"comment_status":"closed","ping_status":"closed","template":"","meta":{"_et_pb_use_builder":"","_et_pb_old_content":"","_et_gb_content_width":"","footnotes":""},"class_list":["post-18522","page","type-page","status-publish","hentry"],"_links":{"self":[{"href":"https:\/\/myspainfood.com\/cs\/wp-json\/wp\/v2\/pages\/18522","targetHints":{"allow":["GET"]}}],"collection":[{"href":"https:\/\/myspainfood.com\/cs\/wp-json\/wp\/v2\/pages"}],"about":[{"href":"https:\/\/myspainfood.com\/cs\/wp-json\/wp\/v2\/types\/page"}],"author":[{"embeddable":true,"href":"https:\/\/myspainfood.com\/cs\/wp-json\/wp\/v2\/users\/1"}],"replies":[{"embeddable":true,"href":"https:\/\/myspainfood.com\/cs\/wp-json\/wp\/v2\/comments?post=18522"}],"version-history":[{"count":1,"href":"https:\/\/myspainfood.com\/cs\/wp-json\/wp\/v2\/pages\/18522\/revisions"}],"predecessor-version":[{"id":18523,"href":"https:\/\/myspainfood.com\/cs\/wp-json\/wp\/v2\/pages\/18522\/revisions\/18523"}],"wp:attachment":[{"href":"https:\/\/myspainfood.com\/cs\/wp-json\/wp\/v2\/media?parent=18522"}],"curies":[{"name":"wp","href":"https:\/\/api.w.org\/{rel}","templated":true}]}}