{"id":18006,"date":"2025-04-10T12:05:44","date_gmt":"2025-04-10T10:05:44","guid":{"rendered":"https:\/\/myspainfood.com\/producto\/okurka-plnena-hermankem-38-kg-kimbitos\/"},"modified":"2025-09-17T17:41:10","modified_gmt":"2025-09-17T15:41:10","slug":"okurka-plnena-hermankem-38-kg-kimbitos","status":"publish","type":"product","link":"https:\/\/myspainfood.com\/cs\/producto\/okurka-plnena-hermankem-38-kg-kimbitos\/","title":{"rendered":"Okurka pln\u011bn\u00e1 he\u0159m\u00e1nkem 3,8 kg Kimbitos"},"content":{"rendered":"<p>Manzanilla pln\u011bn\u00e9 okurky 3,8 kg Kimbitos je sva\u010dinka, ve kter\u00e9 najdeme tradi\u010dn\u00ed olivy <a href=\"https:\/\/www.laencajera.es\/encurtidos-de-almagro\" target=\"_blank\" rel=\"noopener noreferrer nofollow\">manzanilla<\/a> pln\u011bn\u00e9 okurkami.<\/p>\n<p>Ide\u00e1ln\u00ed dopln\u011bk k tradi\u010dn\u00edm pokrm\u016fm.<\/p>\n<p>Kimbitos je n\u00e1zev, pod kter\u00fdm v n\u011bkter\u00fdch \u010d\u00e1stech \u0160pan\u011blska zn\u00e1me vypeckovan\u00e9 olivy manzanilla s nakl\u00e1dan\u00fdmi okurkami.<\/p>\n<p>Je ru\u010dn\u011b vyroben, aby vytvo\u0159il toto spojen\u00ed.<\/p>\n<h3>V\u00fdhody okurky pln\u011bn\u00e9 he\u0159m\u00e1nkem 3,8 kg Kimbitos<\/h3>\n<p>V\u011bd\u011bli jste, \u017ee tyto olivy maj\u00ed mnohostrann\u00fd p\u0159\u00ednos? Jsou velmi \u00fa\u010dinn\u00e9 v prevenci srde\u010dn\u00edch a ob\u011bhov\u00fdch onemocn\u011bn\u00ed obecn\u011b. <\/p>\n<p>To je zp\u016fsobeno vysok\u00fdm obsahem nenasycen\u00fdch tuk\u016f. Krom\u011b toho obsahuje hodn\u011b \u017eeleza a vl\u00e1kniny a je velmi syt\u00fd, tak\u017ee je ide\u00e1ln\u00ed sva\u010dinou. <\/p>\n<p>Pokud si chcete koupit olivy nebo jak\u00fdkoli jin\u00fd druh <a href=\"https:\/\/latiendadesami.com\/categoria-producto\/encurtidos\/\" rel=\"noopener noreferrer nofollow\" target=\"_blank\">nakl\u00e1dan\u00fdch potravin<\/a>, nev\u00e1hejte se pod\u00edvat do na\u0161eho online katalogu a prohl\u00e9dnout si \u0161irokou nab\u00eddku <a href=\"https:\/\/latiendadesami.com\/categoria-producto\/encurtidos\/aceitunas\/\" target=\"_blank\" rel=\"noopener noreferrer nofollow\">oliv<\/a>.<\/p>\n<p>P\u016fvod: Castilla la Mancha.<\/p>\n<p>Slo\u017een\u00ed: Slo\u017een\u00ed: olivy, okurky, voda, s\u016fl, okyseluj\u00edc\u00ed l\u00e1tka (E-330), konzerva\u010dn\u00ed l\u00e1tky (E211, E-202, E-260), l\u00e1tky zv\u00fdraz\u0148uj\u00edc\u00ed chu\u0165 a v\u016fni (E-621, E-631, E-627), antioxidanty (E-300) a p\u0159\u00edrodn\u00ed aromata. M\u016f\u017ee obsahovat stopy si\u0159i\u010ditan\u016f. <\/p>\n<h3>V\u00fd\u017eivov\u00e9 informace<\/h3>\n<p>Energetick\u00e1 hodnota 132 kcal\/ 553 kj Tuky 13,4 g, z toho nasycen\u00e9 1,7 g Sacharidy 0,8 g, z toho cukr 0,09 g Vl\u00e1knina 0,5 g B\u00edlkoviny 2,6 g S\u016fl 2,0 g<\/p>\n","protected":false},"excerpt":{"rendered":"<p>Manzanilla pln\u011bn\u00e9 okurky 3,8 kg Kimbitos je sva\u010dinka, ve kter\u00e9 najdeme tradi\u010dn\u00ed olivy manzanilla pln\u011bn\u00e9 okurkami. Ide\u00e1ln\u00ed dopln\u011bk k tradi\u010dn\u00edm pokrm\u016fm. Kimbitos je n\u00e1zev, pod kter\u00fdm v n\u011bkter\u00fdch \u010d\u00e1stech \u0160pan\u011blska zn\u00e1me vypeckovan\u00e9 olivy manzanilla s nakl\u00e1dan\u00fdmi okurkami. Je ru\u010dn\u011b vyroben, aby vytvo\u0159il toto spojen\u00ed. V\u00fdhody okurky pln\u011bn\u00e9 he\u0159m\u00e1nkem 3,8 kg Kimbitos V\u011bd\u011bli jste, \u017ee tyto [&hellip;]<\/p>\n","protected":false},"featured_media":18013,"template":"","meta":{"_et_pb_use_builder":"","_et_pb_old_content":"","_et_gb_content_width":""},"product_brand":[],"product_cat":[1994,1780,1778],"product_tag":[1997],"class_list":{"0":"post-18006","1":"product","2":"type-product","3":"status-publish","4":"has-post-thumbnail","6":"product_cat-okurky","7":"product_cat-olivy-cs","8":"product_cat-pickles-cs","9":"product_tag-kimbo-cs","11":"first","12":"instock","13":"taxable","14":"shipping-taxable","15":"purchasable","16":"product-type-simple"},"_links":{"self":[{"href":"https:\/\/myspainfood.com\/cs\/wp-json\/wp\/v2\/product\/18006","targetHints":{"allow":["GET"]}}],"collection":[{"href":"https:\/\/myspainfood.com\/cs\/wp-json\/wp\/v2\/product"}],"about":[{"href":"https:\/\/myspainfood.com\/cs\/wp-json\/wp\/v2\/types\/product"}],"wp:featuredmedia":[{"embeddable":true,"href":"https:\/\/myspainfood.com\/cs\/wp-json\/wp\/v2\/media\/18013"}],"wp:attachment":[{"href":"https:\/\/myspainfood.com\/cs\/wp-json\/wp\/v2\/media?parent=18006"}],"wp:term":[{"taxonomy":"product_brand","embeddable":true,"href":"https:\/\/myspainfood.com\/cs\/wp-json\/wp\/v2\/product_brand?post=18006"},{"taxonomy":"product_cat","embeddable":true,"href":"https:\/\/myspainfood.com\/cs\/wp-json\/wp\/v2\/product_cat?post=18006"},{"taxonomy":"product_tag","embeddable":true,"href":"https:\/\/myspainfood.com\/cs\/wp-json\/wp\/v2\/product_tag?post=18006"}],"curies":[{"name":"wp","href":"https:\/\/api.w.org\/{rel}","templated":true}]}}