{"id":18100,"date":"2025-04-10T12:10:57","date_gmt":"2025-04-10T10:10:57","guid":{"rendered":"https:\/\/myspainfood.com\/producto\/olive-chupadedos-aguedo-2-kg-ciste-hmotnosti\/"},"modified":"2025-09-02T11:06:45","modified_gmt":"2025-09-02T09:06:45","slug":"olive-chupadedos-aguedo-2-kg-ciste-hmotnosti","status":"publish","type":"product","link":"https:\/\/myspainfood.com\/cs\/producto\/olive-chupadedos-aguedo-2-kg-ciste-hmotnosti\/","title":{"rendered":"Olive Chupadedos Aguedo 2 kg \u010dist\u00e9 hmotnosti"},"content":{"rendered":"<div>\n<p>Ve spole\u010dnosti ACEITUNAS AGUEDO zaru\u010dujeme dokonalost na\u0161ich v\u00fdrobk\u016f, kter\u00e9 kombinuj\u00ed tradici a nov\u00e9 technologie. Nab\u00edz\u00edme profesionalitu rodinn\u00e9 firmy, kter\u00e1 neust\u00e1le roste a jej\u00edm\u017e jedin\u00fdm c\u00edlem je spokojenost na\u0161ich z\u00e1kazn\u00edk\u016f. <\/p>\n<p>Dohl\u00ed\u017e\u00edme na v\u0161echny v\u00fdrobn\u00ed procesy od za\u010d\u00e1tku a\u017e do konce, jen tak dos\u00e1hneme MAXIM\u00c1LN\u00cdCH v\u00fdrobk\u016f.<\/p>\n<\/div>\n<div class=\"leo_camara_desc\">Na\u0161im z\u00e1kazn\u00edk\u016fm nab\u00edz\u00edme nejzdrav\u011bj\u0161\u00ed a nejp\u0159irozen\u011bj\u0161\u00ed sva\u010dinu s nezam\u011bnitelnou chut\u00ed a nejvy\u0161\u0161\u00ed kvalitou.<\/div>\n","protected":false},"excerpt":{"rendered":"<p>Ve spole\u010dnosti ACEITUNAS AGUEDO zaru\u010dujeme dokonalost na\u0161ich v\u00fdrobk\u016f, kter\u00e9 kombinuj\u00ed tradici a nov\u00e9 technologie. Nab\u00edz\u00edme profesionalitu rodinn\u00e9 firmy, kter\u00e1 neust\u00e1le roste a jej\u00edm\u017e jedin\u00fdm c\u00edlem je spokojenost na\u0161ich z\u00e1kazn\u00edk\u016f. Dohl\u00ed\u017e\u00edme na v\u0161echny v\u00fdrobn\u00ed procesy od za\u010d\u00e1tku a\u017e do konce, jen tak dos\u00e1hneme MAXIM\u00c1LN\u00cdCH v\u00fdrobk\u016f. Na\u0161im z\u00e1kazn\u00edk\u016fm nab\u00edz\u00edme nejzdrav\u011bj\u0161\u00ed a nejp\u0159irozen\u011bj\u0161\u00ed sva\u010dinu s nezam\u011bnitelnou chut\u00ed a [&hellip;]<\/p>\n","protected":false},"featured_media":18101,"template":"","meta":{"_et_pb_use_builder":"","_et_pb_old_content":"","_et_gb_content_width":""},"product_brand":[1397],"product_cat":[1780,1778],"product_tag":[2038],"class_list":{"0":"post-18100","1":"product","2":"type-product","3":"status-publish","4":"has-post-thumbnail","6":"product_brand-aguedo","7":"product_cat-olivy-cs","8":"product_cat-pickles-cs","9":"product_tag-hermanek","11":"first","12":"outofstock","13":"taxable","14":"shipping-taxable","15":"purchasable","16":"product-type-simple"},"_links":{"self":[{"href":"https:\/\/myspainfood.com\/cs\/wp-json\/wp\/v2\/product\/18100","targetHints":{"allow":["GET"]}}],"collection":[{"href":"https:\/\/myspainfood.com\/cs\/wp-json\/wp\/v2\/product"}],"about":[{"href":"https:\/\/myspainfood.com\/cs\/wp-json\/wp\/v2\/types\/product"}],"wp:featuredmedia":[{"embeddable":true,"href":"https:\/\/myspainfood.com\/cs\/wp-json\/wp\/v2\/media\/18101"}],"wp:attachment":[{"href":"https:\/\/myspainfood.com\/cs\/wp-json\/wp\/v2\/media?parent=18100"}],"wp:term":[{"taxonomy":"product_brand","embeddable":true,"href":"https:\/\/myspainfood.com\/cs\/wp-json\/wp\/v2\/product_brand?post=18100"},{"taxonomy":"product_cat","embeddable":true,"href":"https:\/\/myspainfood.com\/cs\/wp-json\/wp\/v2\/product_cat?post=18100"},{"taxonomy":"product_tag","embeddable":true,"href":"https:\/\/myspainfood.com\/cs\/wp-json\/wp\/v2\/product_tag?post=18100"}],"curies":[{"name":"wp","href":"https:\/\/api.w.org\/{rel}","templated":true}]}}