{"id":18146,"date":"2025-04-10T12:05:43","date_gmt":"2025-04-10T10:05:43","guid":{"rendered":"https:\/\/myspainfood.com\/producto\/pikantni-okurky-banderillas-38-kg\/"},"modified":"2025-11-03T16:18:47","modified_gmt":"2025-11-03T15:18:47","slug":"pikantni-okurky-banderillas-38-kg","status":"publish","type":"product","link":"https:\/\/myspainfood.com\/cs\/producto\/pikantni-okurky-banderillas-38-kg\/","title":{"rendered":"Pikantn\u00ed okurky Banderillas 3,8 kg"},"content":{"rendered":"<p>S <a href=\"https:\/\/www.laencajera.es\/encurtidos-de-almagro\" target=\"_blank\" rel=\"noopener noreferrer nofollow\">nakl\u00e1dan\u00fdmi okurkami Banderillas Picantes Pepino Entero 3,8 kg od spole\u010dnosti Almagro si m\u016f\u017eete pochutnat na n\u011bkolika okurk\u00e1ch<\/a> najednou.<\/p>\n<p>Na\u0161e banderilly s osv\u011b\u017euj\u00edc\u00ed a lehkou chut\u00ed si m\u016f\u017eete vychutnat mezi j\u00eddly nebo s p\u0159\u00e1teli.<\/p>\n<p>Vychutnejte si ko\u0159en\u00ed v jednom soustu s t\u011bmito cel\u00fdmi okurkami Banderillas Picantes 3,8 kg. P\u016fvodem z Kastilie la Mancha. <\/p>\n<p>Slo\u017een\u00ed: Cibule 21-23, paprika \u010derven\u00e1, olivy (uva\u017eovan\u00e1 velikost 200-320), okurka cel\u00e1 60-80, chilli papri\u010dky, voda, s\u016fl a plastick\u00e9 \u0161proty, l\u00e1tka zv\u00fdraz\u0148uj\u00edc\u00ed chu\u0165 a v\u016fni (E-621, E-627), regul\u00e1tor kyselosti E-330, antioxidant E-300, konzerva\u010dn\u00ed l\u00e1tky (E-211, E-202, E-270, E-260) Obsahuje si\u0159i\u010ditany.<\/p>\n<p>Podm\u00ednky ochrany:<\/p>\n<p>Uchov\u00e1vejte na chladn\u00e9m a such\u00e9m m\u00edst\u011b p\u0159i teplot\u011b od 3 do 10 \u00b0C. Uchov\u00e1vejte mimo dosah slune\u010dn\u00edho sv\u011btla a siln\u00fdch pach\u016f. <\/p>\n<p>Po otev\u0159en\u00ed uchov\u00e1vejte v chladu a spot\u0159ebujte do 30 dn\u016f.<\/p>\n<p>Pokud si chcete koupit olivy nebo jak\u00fdkoli jin\u00fd druh <a href=\"https:\/\/latiendadesami.com\/categoria-producto\/encurtidos\/\" rel=\"noopener noreferrer nofollow\" target=\"_blank\">nakl\u00e1dan\u00e9 zeleniny<\/a>, nev\u00e1hejte se pod\u00edvat do na\u0161eho online katalogu a prohl\u00e9dnout si \u0161irokou nab\u00eddku <a href=\"https:\/\/latiendadesami.com\/categoria-producto\/encurtidos\/berenjenas\/\" target=\"_blank\" rel=\"noopener noreferrer nofollow\">lilk\u016f<\/a>.<\/p>\n<p>Zna\u010dka La Encajonera je rodinn\u00fd podnik zalo\u017een\u00fd v roce 1990, kter\u00fd se nach\u00e1z\u00ed v srdci regionu La Mancha, ve m\u011bst\u011b ALMAGRO v provincii Ciudad Real.<\/p>\n<p>V\u00fdrobn\u00ed proces jej\u00edch produkt\u016f za\u010d\u00edn\u00e1 ve stejn\u00e9 p\u011bstitelsk\u00e9 oblasti, kde se vyb\u00edr\u00e1 ten nejkvalitn\u011bj\u0161\u00ed produkt.<\/p>\n<p>Tov\u00e1rna je vybavena nejmodern\u011bj\u0161\u00edmi technologiemi a z\u00e1rove\u0148 si zachov\u00e1v\u00e1 tradici a know-how sv\u00fdch \u0159emesln\u00edk\u016f.<\/p>\n","protected":false},"excerpt":{"rendered":"<p>S nakl\u00e1dan\u00fdmi okurkami Banderillas Picantes Pepino Entero 3,8 kg od spole\u010dnosti Almagro si m\u016f\u017eete pochutnat na n\u011bkolika okurk\u00e1ch najednou. Na\u0161e banderilly s osv\u011b\u017euj\u00edc\u00ed a lehkou chut\u00ed si m\u016f\u017eete vychutnat mezi j\u00eddly nebo s p\u0159\u00e1teli. Vychutnejte si ko\u0159en\u00ed v jednom soustu s t\u011bmito cel\u00fdmi okurkami Banderillas Picantes 3,8 kg. P\u016fvodem z Kastilie la Mancha. Slo\u017een\u00ed: Cibule [&hellip;]<\/p>\n","protected":false},"featured_media":18150,"template":"","meta":{"_et_pb_use_builder":"","_et_pb_old_content":"","_et_gb_content_width":""},"product_brand":[],"product_cat":[2063,1994,1778],"product_tag":[2018,2064],"class_list":{"0":"post-18146","1":"product","2":"type-product","3":"status-publish","4":"has-post-thumbnail","6":"product_cat-banderillas-cs","7":"product_cat-okurky","8":"product_cat-pickles-cs","9":"product_tag-gherkin-cs","10":"product_tag-pikantni","12":"first","13":"instock","14":"taxable","15":"shipping-taxable","16":"purchasable","17":"product-type-simple"},"_links":{"self":[{"href":"https:\/\/myspainfood.com\/cs\/wp-json\/wp\/v2\/product\/18146","targetHints":{"allow":["GET"]}}],"collection":[{"href":"https:\/\/myspainfood.com\/cs\/wp-json\/wp\/v2\/product"}],"about":[{"href":"https:\/\/myspainfood.com\/cs\/wp-json\/wp\/v2\/types\/product"}],"wp:featuredmedia":[{"embeddable":true,"href":"https:\/\/myspainfood.com\/cs\/wp-json\/wp\/v2\/media\/18150"}],"wp:attachment":[{"href":"https:\/\/myspainfood.com\/cs\/wp-json\/wp\/v2\/media?parent=18146"}],"wp:term":[{"taxonomy":"product_brand","embeddable":true,"href":"https:\/\/myspainfood.com\/cs\/wp-json\/wp\/v2\/product_brand?post=18146"},{"taxonomy":"product_cat","embeddable":true,"href":"https:\/\/myspainfood.com\/cs\/wp-json\/wp\/v2\/product_cat?post=18146"},{"taxonomy":"product_tag","embeddable":true,"href":"https:\/\/myspainfood.com\/cs\/wp-json\/wp\/v2\/product_tag?post=18146"}],"curies":[{"name":"wp","href":"https:\/\/api.w.org\/{rel}","templated":true}]}}