{"id":18245,"date":"2025-04-10T12:05:35","date_gmt":"2025-04-10T10:05:35","guid":{"rendered":"https:\/\/myspainfood.com\/producto\/olivy-plnene-lilkem-gordal-45-kg\/"},"modified":"2025-09-14T12:51:31","modified_gmt":"2025-09-14T10:51:31","slug":"olivy-plnene-lilkem-gordal-45-kg","status":"publish","type":"product","link":"https:\/\/myspainfood.com\/cs\/producto\/olivy-plnene-lilkem-gordal-45-kg\/","title":{"rendered":"Olivy pln\u011bn\u00e9 lilkem Gordal 4,5 kg"},"content":{"rendered":"<p>Olivy Gordal pln\u011bn\u00e9 lilky odr\u016fdy Gordal pln\u011bn\u00e9 na\u0161imi tradi\u010dn\u00edmi <a href=\"https:\/\/www.laencajera.es\/aceitunas\" target=\"_blank\" rel=\"noopener noreferrer nofollow\">lilky<\/a> Almagro.<\/p>\n<p>Jedna z nejobl\u00edben\u011bj\u0161\u00edch odr\u016fd. Jsou ide\u00e1ln\u00ed jako aperitiv. <\/p>\n<p>Slo\u017een\u00ed: , voda, s\u016fl, vinn\u00fd ocet, mlet\u00fd km\u00edn, paprika de la Vera, oregano, l\u00e1tka zv\u00fdraz\u0148uj\u00edc\u00ed chu\u0165 a v\u016fni (E-621, E-631, E-627), regul\u00e1tor kyselosti (E-330), konzervanty (E-260, E-211, E-202), antioxidant (E-300) a p\u0159\u00edrodn\u00ed esence (esence pep\u0159e, esence \u010desneku, esence km\u00ednu). M\u016f\u017ee obsahovat si\u0159i\u010ditany. <\/p>\n<p>Uchov\u00e1vejte na chladn\u00e9m a such\u00e9m m\u00edst\u011b p\u0159i teplot\u011b od 3 do 10 \u00b0C.<\/p>\n<p>Chra\u0148te p\u0159ed slune\u010dn\u00edm z\u00e1\u0159en\u00edm a siln\u00fdmi pachy.<\/p>\n<p>Olivy Gordal pln\u011bn\u00e9 lilkem. Po otev\u0159en\u00ed uchov\u00e1vejte v chladu a spot\u0159ebujte do 30 dn\u016f.<\/p>\n<p>Pokud si chcete koupit olivy nebo jak\u00fdkoli jin\u00fd druh <a href=\"https:\/\/latiendadesami.com\/categoria-producto\/encurtidos\/\" rel=\"noopener noreferrer nofollow\" target=\"_blank\">nakl\u00e1dan\u00e9 zeleniny<\/a>, nev\u00e1hejte se pod\u00edvat do na\u0161eho online katalogu a prohl\u00e9dnout si \u0161irokou nab\u00eddku <a href=\"https:\/\/latiendadesami.com\/categoria-producto\/encurtidos\/berenjenas\/\" target=\"_blank\" rel=\"noopener noreferrer nofollow\">lilk\u016f<\/a>.<\/p>\n<p>Zna\u010dka La Encajonera je rodinn\u00fd podnik zalo\u017een\u00fd v roce 1990, kter\u00fd se nach\u00e1z\u00ed v srdci regionu La Mancha, ve m\u011bst\u011b ALMAGRO v provincii Ciudad Real.<\/p>\n<p>V\u00fdrobn\u00ed proces jej\u00edch produkt\u016f za\u010d\u00edn\u00e1 ve stejn\u00e9 p\u011bstitelsk\u00e9 oblasti, kde se vyb\u00edr\u00e1 ten nejkvalitn\u011bj\u0161\u00ed produkt.<\/p>\n<p>Tov\u00e1rna je vybavena nejmodern\u011bj\u0161\u00edmi technologiemi a z\u00e1rove\u0148 si zachov\u00e1v\u00e1 tradici a know-how sv\u00fdch \u0159emesln\u00edk\u016f.<\/p>\n","protected":false},"excerpt":{"rendered":"<p>Olivy Gordal pln\u011bn\u00e9 lilky odr\u016fdy Gordal pln\u011bn\u00e9 na\u0161imi tradi\u010dn\u00edmi lilky Almagro. Jedna z nejobl\u00edben\u011bj\u0161\u00edch odr\u016fd. Jsou ide\u00e1ln\u00ed jako aperitiv. Slo\u017een\u00ed: , voda, s\u016fl, vinn\u00fd ocet, mlet\u00fd km\u00edn, paprika de la Vera, oregano, l\u00e1tka zv\u00fdraz\u0148uj\u00edc\u00ed chu\u0165 a v\u016fni (E-621, E-631, E-627), regul\u00e1tor kyselosti (E-330), konzervanty (E-260, E-211, E-202), antioxidant (E-300) a p\u0159\u00edrodn\u00ed esence (esence pep\u0159e, esence [&hellip;]<\/p>\n","protected":false},"featured_media":18246,"template":"","meta":{"_et_pb_use_builder":"","_et_pb_old_content":"","_et_gb_content_width":""},"product_brand":[],"product_cat":[1780,1778],"product_tag":[2146,2147],"class_list":{"0":"post-18245","1":"product","2":"type-product","3":"status-publish","4":"has-post-thumbnail","6":"product_cat-olivy-cs","7":"product_cat-pickles-cs","8":"product_tag-lilek","9":"product_tag-vyplnte","11":"first","12":"instock","13":"taxable","14":"shipping-taxable","15":"purchasable","16":"product-type-simple"},"_links":{"self":[{"href":"https:\/\/myspainfood.com\/cs\/wp-json\/wp\/v2\/product\/18245","targetHints":{"allow":["GET"]}}],"collection":[{"href":"https:\/\/myspainfood.com\/cs\/wp-json\/wp\/v2\/product"}],"about":[{"href":"https:\/\/myspainfood.com\/cs\/wp-json\/wp\/v2\/types\/product"}],"wp:featuredmedia":[{"embeddable":true,"href":"https:\/\/myspainfood.com\/cs\/wp-json\/wp\/v2\/media\/18246"}],"wp:attachment":[{"href":"https:\/\/myspainfood.com\/cs\/wp-json\/wp\/v2\/media?parent=18245"}],"wp:term":[{"taxonomy":"product_brand","embeddable":true,"href":"https:\/\/myspainfood.com\/cs\/wp-json\/wp\/v2\/product_brand?post=18245"},{"taxonomy":"product_cat","embeddable":true,"href":"https:\/\/myspainfood.com\/cs\/wp-json\/wp\/v2\/product_cat?post=18245"},{"taxonomy":"product_tag","embeddable":true,"href":"https:\/\/myspainfood.com\/cs\/wp-json\/wp\/v2\/product_tag?post=18245"}],"curies":[{"name":"wp","href":"https:\/\/api.w.org\/{rel}","templated":true}]}}