{"id":18320,"date":"2025-04-10T12:09:16","date_gmt":"2025-04-10T10:09:16","guid":{"rendered":"https:\/\/myspainfood.com\/producto\/manzanilla-olive-anchovy-flavour-140-160-5-kg-odkapany\/"},"modified":"2025-04-10T12:09:16","modified_gmt":"2025-04-10T10:09:16","slug":"manzanilla-olive-anchovy-flavour-140-160-5-kg-odkapany","status":"publish","type":"product","link":"https:\/\/myspainfood.com\/cs\/producto\/manzanilla-olive-anchovy-flavour-140-160-5-kg-odkapany\/","title":{"rendered":"Manzanilla Olive Anchovy Flavour 140-160 5 kg odkapan\u00fd"},"content":{"rendered":"<p>Nejobl\u00edben\u011bj\u0161\u00ed olivou na trhu je manzanilla s p\u0159\u00edchut\u00ed an\u010dovi\u010dek. Je vysoce cen\u011bna pro svou jemnou chu\u0165. Pou\u017e\u00edv\u00e1 se p\u0159edev\u0161\u00edm jako stoln\u00ed oliva. M\u00e1 \u017elutozelenou barvu, je bez pecky a m\u00e1 jemnou chu\u0165. Hojn\u011b se pou\u017e\u00edv\u00e1 jako aperitiv a p\u0159edkrm. Je sou\u010d\u00e1st\u00ed recept\u016f, jako jsou pizzy, sal\u00e1ty nebo slo\u017eit\u011bj\u0161\u00ed pokrmy.     <\/p>\n<p>Slo\u017een\u00ed: Olivy, voda, s\u016fl, okyseluj\u00edc\u00ed l\u00e1tka (E-330), konzerva\u010dn\u00ed l\u00e1tky.<\/p>\n<p>(E-211, E-202, E-270) Antioxidant (E-300)<\/p>\n<p>M\u016f\u017ee obsahovat si\u0159i\u010ditany.<\/p>\n<p>Uchov\u00e1vejte na chladn\u00e9m a such\u00e9m m\u00edst\u011b p\u0159i teplot\u011b od 3 do 10 \u00b0C.<\/p>\n<p>Chra\u0148te p\u0159ed slune\u010dn\u00edm z\u00e1\u0159en\u00edm a siln\u00fdmi pachy.<\/p>\n<p>Pokud si chcete koupit olivy nebo jak\u00fdkoli jin\u00fd druh <a href=\"https:\/\/latiendadesami.com\/categoria-producto\/encurtidos\/\" rel=\"noopener noreferrer nofollow\" target=\"_blank\">nakl\u00e1dan\u00e9 zeleniny<\/a>, nev\u00e1hejte se pod\u00edvat do na\u0161eho online katalogu a prohl\u00e9dnout si \u0161irokou nab\u00eddku <a href=\"https:\/\/latiendadesami.com\/categoria-producto\/encurtidos\/berenjenas\/\" target=\"_blank\" rel=\"noopener noreferrer nofollow\">lilk\u016f<\/a>.<\/p>\n<p>Zna\u010dka La Encajera je rodinn\u00fd podnik zalo\u017een\u00fd v roce 1990, kter\u00fd se nach\u00e1z\u00ed v srdci La Mancha, ve m\u011bst\u011b ALMAGRO v provincii Ciudad Real.<\/p>\n<p>V\u00fdrobn\u00ed proces jej\u00edch produkt\u016f za\u010d\u00edn\u00e1 ve stejn\u00e9 p\u011bstitelsk\u00e9 oblasti, kde se vyb\u00edr\u00e1 ten nejkvalitn\u011bj\u0161\u00ed produkt.<\/p>\n<p>Tov\u00e1rna je vybavena nejmodern\u011bj\u0161\u00edmi technologiemi a z\u00e1rove\u0148 si zachov\u00e1v\u00e1 tradici a know-how sv\u00fdch \u0159emesln\u00edk\u016f.<\/p>\n","protected":false},"excerpt":{"rendered":"<p>Nejobl\u00edben\u011bj\u0161\u00ed olivou na trhu je manzanilla s p\u0159\u00edchut\u00ed an\u010dovi\u010dek. Je vysoce cen\u011bna pro svou jemnou chu\u0165. Pou\u017e\u00edv\u00e1 se p\u0159edev\u0161\u00edm jako stoln\u00ed oliva. M\u00e1 \u017elutozelenou barvu, je bez pecky a m\u00e1 jemnou chu\u0165. Hojn\u011b se pou\u017e\u00edv\u00e1 jako aperitiv a p\u0159edkrm. Je sou\u010d\u00e1st\u00ed recept\u016f, jako jsou pizzy, sal\u00e1ty nebo slo\u017eit\u011bj\u0161\u00ed pokrmy. Slo\u017een\u00ed: Olivy, voda, s\u016fl, okyseluj\u00edc\u00ed l\u00e1tka [&hellip;]<\/p>\n","protected":false},"featured_media":18325,"template":"","meta":{"_et_pb_use_builder":"","_et_pb_old_content":"","_et_gb_content_width":""},"product_brand":[],"product_cat":[1780,1778],"product_tag":[2146,2147],"class_list":{"0":"post-18320","1":"product","2":"type-product","3":"status-publish","4":"has-post-thumbnail","6":"product_cat-olivy-cs","7":"product_cat-pickles-cs","8":"product_tag-lilek","9":"product_tag-vyplnte","11":"first","12":"instock","13":"taxable","14":"shipping-taxable","15":"purchasable","16":"product-type-simple"},"_links":{"self":[{"href":"https:\/\/myspainfood.com\/cs\/wp-json\/wp\/v2\/product\/18320","targetHints":{"allow":["GET"]}}],"collection":[{"href":"https:\/\/myspainfood.com\/cs\/wp-json\/wp\/v2\/product"}],"about":[{"href":"https:\/\/myspainfood.com\/cs\/wp-json\/wp\/v2\/types\/product"}],"wp:featuredmedia":[{"embeddable":true,"href":"https:\/\/myspainfood.com\/cs\/wp-json\/wp\/v2\/media\/18325"}],"wp:attachment":[{"href":"https:\/\/myspainfood.com\/cs\/wp-json\/wp\/v2\/media?parent=18320"}],"wp:term":[{"taxonomy":"product_brand","embeddable":true,"href":"https:\/\/myspainfood.com\/cs\/wp-json\/wp\/v2\/product_brand?post=18320"},{"taxonomy":"product_cat","embeddable":true,"href":"https:\/\/myspainfood.com\/cs\/wp-json\/wp\/v2\/product_cat?post=18320"},{"taxonomy":"product_tag","embeddable":true,"href":"https:\/\/myspainfood.com\/cs\/wp-json\/wp\/v2\/product_tag?post=18320"}],"curies":[{"name":"wp","href":"https:\/\/api.w.org\/{rel}","templated":true}]}}