{"id":18637,"date":"2025-04-10T12:16:51","date_gmt":"2025-04-10T10:16:51","guid":{"rendered":"https:\/\/myspainfood.com\/producto\/sarze-3c-kantabrijske-sardelove-file-file-ze-slede-file-ze-slede-s-olivami-picarpicar\/"},"modified":"2025-09-19T08:41:49","modified_gmt":"2025-09-19T06:41:49","slug":"sarze-3c-kantabrijske-sardelove-file-file-ze-slede-file-ze-slede-s-olivami-picarpicar","status":"publish","type":"product","link":"https:\/\/myspainfood.com\/cs\/producto\/sarze-3c-kantabrijske-sardelove-file-file-ze-slede-file-ze-slede-s-olivami-picarpicar\/","title":{"rendered":"\u0161ar\u017ee 3C Kantabrijsk\u00e9 sardelov\u00e9 fil\u00e9 - fil\u00e9 ze sled\u011b - fil\u00e9 ze sled\u011b s olivami Picar&amp;Picar"},"content":{"rendered":"<p>OBSAH:<\/p>\n<ul>\n<li>Filet ze sardel\u00ed z Biskajsk\u00e9ho z\u00e1livu:<\/li>\n<\/ul>\n<p>300 g vani\u010dka: 1 ks<\/p>\n<ul>\n<li>Filety ze sled\u011b obecn\u00e9ho:<\/li>\n<\/ul>\n<p>Z\u00e1sobn\u00edk 220 gr: 1 ks<\/p>\n<ul>\n<li>Filety ze sled\u011b s olivami:<\/li>\n<\/ul>\n<p>Z\u00e1sobn\u00edk 220 gr: 1 ks<\/p>\n","protected":false},"excerpt":{"rendered":"<p>OBSAH: Filet ze sardel\u00ed z Biskajsk\u00e9ho z\u00e1livu: 300 g vani\u010dka: 1 ks Filety ze sled\u011b obecn\u00e9ho: Z\u00e1sobn\u00edk 220 gr: 1 ks Filety ze sled\u011b s olivami: Z\u00e1sobn\u00edk 220 gr: 1 ks<\/p>\n","protected":false},"featured_media":18638,"template":"","meta":{"_et_pb_use_builder":"","_et_pb_old_content":"","_et_gb_content_width":""},"product_brand":[1127],"product_cat":[1897,1868],"product_tag":[],"class_list":{"0":"post-18637","1":"product","2":"type-product","3":"status-publish","4":"has-post-thumbnail","6":"product_brand-picarpicar","7":"product_cat-ancovicky-cs-2","8":"product_cat-cold-cs","9":"product_shipping_class-preprava-za-studena","11":"first","12":"outofstock","13":"taxable","14":"shipping-taxable","15":"purchasable","16":"product-type-simple"},"_links":{"self":[{"href":"https:\/\/myspainfood.com\/cs\/wp-json\/wp\/v2\/product\/18637","targetHints":{"allow":["GET"]}}],"collection":[{"href":"https:\/\/myspainfood.com\/cs\/wp-json\/wp\/v2\/product"}],"about":[{"href":"https:\/\/myspainfood.com\/cs\/wp-json\/wp\/v2\/types\/product"}],"wp:featuredmedia":[{"embeddable":true,"href":"https:\/\/myspainfood.com\/cs\/wp-json\/wp\/v2\/media\/18638"}],"wp:attachment":[{"href":"https:\/\/myspainfood.com\/cs\/wp-json\/wp\/v2\/media?parent=18637"}],"wp:term":[{"taxonomy":"product_brand","embeddable":true,"href":"https:\/\/myspainfood.com\/cs\/wp-json\/wp\/v2\/product_brand?post=18637"},{"taxonomy":"product_cat","embeddable":true,"href":"https:\/\/myspainfood.com\/cs\/wp-json\/wp\/v2\/product_cat?post=18637"},{"taxonomy":"product_tag","embeddable":true,"href":"https:\/\/myspainfood.com\/cs\/wp-json\/wp\/v2\/product_tag?post=18637"}],"curies":[{"name":"wp","href":"https:\/\/api.w.org\/{rel}","templated":true}]}}