{"id":18707,"date":"2025-04-10T12:16:51","date_gmt":"2025-04-10T10:16:51","guid":{"rendered":"https:\/\/myspainfood.com\/producto\/cast-1f-file-ze-sardeli-v-oleji-file-ze-sardeli-v-octe-file-ze-sardeli-v-cesnekove-a-petrzelove-omacce-cesnek-a-petrzel-chop-chop\/"},"modified":"2026-01-13T13:54:39","modified_gmt":"2026-01-13T12:54:39","slug":"cast-1f-file-ze-sardeli-v-oleji-file-ze-sardeli-v-octe-file-ze-sardeli-v-cesnekove-a-petrzelove-omacce-cesnek-a-petrzel-chop-chop","status":"publish","type":"product","link":"https:\/\/myspainfood.com\/cs\/producto\/cast-1f-file-ze-sardeli-v-oleji-file-ze-sardeli-v-octe-file-ze-sardeli-v-cesnekove-a-petrzelove-omacce-cesnek-a-petrzel-chop-chop\/","title":{"rendered":"\u010c\u00e1st 1F Fil\u00e9 ze sardel\u00ed v oleji - fil\u00e9 ze sardel\u00ed v oct\u011b - fil\u00e9 ze sardel\u00ed v \u010desnekov\u00e9 a petr\u017eelov\u00e9 om\u00e1\u010dce (\u010desnek a petr\u017eel) Chop &amp; Chop"},"content":{"rendered":"<p>OBSAH:<\/p>\n<ul>\n<li>Sardelov\u00fd filet v oleji:<\/li>\n<\/ul>\n<p>Z\u00e1sobn\u00edk 200 gr: 3 ks<\/p>\n<ul>\n<li>Sardelov\u00fd filet v oct\u011b:<\/li>\n<\/ul>\n<p>Z\u00e1sobn\u00edk 200 gr: 3 ks<\/p>\n<ul>\n<li>Ochucen\u00e9 sardelov\u00e9 fil\u00e9 (\u010desnek a petr\u017eel):<\/li>\n<\/ul>\n<p>Z\u00e1sobn\u00edk 200 gr: 3 ks<\/p>\n","protected":false},"excerpt":{"rendered":"<p>OBSAH: Sardelov\u00fd filet v oleji: Z\u00e1sobn\u00edk 200 gr: 3 ks Sardelov\u00fd filet v oct\u011b: Z\u00e1sobn\u00edk 200 gr: 3 ks Ochucen\u00e9 sardelov\u00e9 fil\u00e9 (\u010desnek a petr\u017eel): Z\u00e1sobn\u00edk 200 gr: 3 ks<\/p>\n","protected":false},"featured_media":18708,"template":"","meta":{"_et_pb_use_builder":"","_et_pb_old_content":"","_et_gb_content_width":""},"product_brand":[1127],"product_cat":[1897,1868],"product_tag":[],"class_list":{"0":"post-18707","1":"product","2":"type-product","3":"status-publish","4":"has-post-thumbnail","6":"product_brand-picarpicar","7":"product_cat-ancovicky-cs-2","8":"product_cat-cold-cs","9":"product_shipping_class-preprava-za-studena","11":"first","12":"outofstock","13":"taxable","14":"shipping-taxable","15":"purchasable","16":"product-type-simple"},"_links":{"self":[{"href":"https:\/\/myspainfood.com\/cs\/wp-json\/wp\/v2\/product\/18707","targetHints":{"allow":["GET"]}}],"collection":[{"href":"https:\/\/myspainfood.com\/cs\/wp-json\/wp\/v2\/product"}],"about":[{"href":"https:\/\/myspainfood.com\/cs\/wp-json\/wp\/v2\/types\/product"}],"wp:featuredmedia":[{"embeddable":true,"href":"https:\/\/myspainfood.com\/cs\/wp-json\/wp\/v2\/media\/18708"}],"wp:attachment":[{"href":"https:\/\/myspainfood.com\/cs\/wp-json\/wp\/v2\/media?parent=18707"}],"wp:term":[{"taxonomy":"product_brand","embeddable":true,"href":"https:\/\/myspainfood.com\/cs\/wp-json\/wp\/v2\/product_brand?post=18707"},{"taxonomy":"product_cat","embeddable":true,"href":"https:\/\/myspainfood.com\/cs\/wp-json\/wp\/v2\/product_cat?post=18707"},{"taxonomy":"product_tag","embeddable":true,"href":"https:\/\/myspainfood.com\/cs\/wp-json\/wp\/v2\/product_tag?post=18707"}],"curies":[{"name":"wp","href":"https:\/\/api.w.org\/{rel}","templated":true}]}}