{"id":18762,"date":"2025-04-10T12:16:50","date_gmt":"2025-04-10T10:16:50","guid":{"rendered":"https:\/\/myspainfood.com\/producto\/cast-3a-filet-ze-sardeli-z-biskajskeho-zalivu-filet-ze-sardeli-s-cesnekovou-a-petrzelovou-omackou-picarpicar\/"},"modified":"2026-01-13T13:51:32","modified_gmt":"2026-01-13T12:51:32","slug":"cast-3a-filet-ze-sardeli-z-biskajskeho-zalivu-filet-ze-sardeli-s-cesnekovou-a-petrzelovou-omackou-picarpicar","status":"publish","type":"product","link":"https:\/\/myspainfood.com\/cs\/producto\/cast-3a-filet-ze-sardeli-z-biskajskeho-zalivu-filet-ze-sardeli-s-cesnekovou-a-petrzelovou-omackou-picarpicar\/","title":{"rendered":"\u010c\u00e1st 3A Filet ze sardel\u00ed z Biskajsk\u00e9ho z\u00e1livu - filet ze sardel\u00ed s \u010desnekovou a petr\u017eelovou om\u00e1\u010dkou - Picar&amp;Picar"},"content":{"rendered":"<p>OBSAH:<\/p>\n<ul>\n<li>Sardelov\u00fd filet:<\/li>\n<\/ul>\n<p>Balen\u00ed Tripack: 3 ks<\/p>\n<ul>\n<li>Filet ze sardel\u00ed z Biskajsk\u00e9ho z\u00e1livu:<\/li>\n<\/ul>\n<p>Z\u00e1sobn\u00edk 120 gr: 2 ks<\/p>\n<ul>\n<li>Ochucen\u00e9 sardelov\u00e9 fil\u00e9 (\u010desnek a petr\u017eel):<\/li>\n<\/ul>\n<p>700 g vani\u010dka: 1 ks<\/p>\n<p>Gurm\u00e1nsk\u00fd v\u00fdrobek.<\/p>\n","protected":false},"excerpt":{"rendered":"<p>OBSAH: Sardelov\u00fd filet: Balen\u00ed Tripack: 3 ks Filet ze sardel\u00ed z Biskajsk\u00e9ho z\u00e1livu: Z\u00e1sobn\u00edk 120 gr: 2 ks Ochucen\u00e9 sardelov\u00e9 fil\u00e9 (\u010desnek a petr\u017eel): 700 g vani\u010dka: 1 ks Gurm\u00e1nsk\u00fd v\u00fdrobek.<\/p>\n","protected":false},"featured_media":18764,"template":"","meta":{"_et_pb_use_builder":"","_et_pb_old_content":"","_et_gb_content_width":""},"product_brand":[1127],"product_cat":[1897,1868],"product_tag":[],"class_list":{"0":"post-18762","1":"product","2":"type-product","3":"status-publish","4":"has-post-thumbnail","6":"product_brand-picarpicar","7":"product_cat-ancovicky-cs-2","8":"product_cat-cold-cs","9":"product_shipping_class-preprava-za-studena","11":"first","12":"outofstock","13":"taxable","14":"shipping-taxable","15":"purchasable","16":"product-type-simple"},"_links":{"self":[{"href":"https:\/\/myspainfood.com\/cs\/wp-json\/wp\/v2\/product\/18762","targetHints":{"allow":["GET"]}}],"collection":[{"href":"https:\/\/myspainfood.com\/cs\/wp-json\/wp\/v2\/product"}],"about":[{"href":"https:\/\/myspainfood.com\/cs\/wp-json\/wp\/v2\/types\/product"}],"wp:featuredmedia":[{"embeddable":true,"href":"https:\/\/myspainfood.com\/cs\/wp-json\/wp\/v2\/media\/18764"}],"wp:attachment":[{"href":"https:\/\/myspainfood.com\/cs\/wp-json\/wp\/v2\/media?parent=18762"}],"wp:term":[{"taxonomy":"product_brand","embeddable":true,"href":"https:\/\/myspainfood.com\/cs\/wp-json\/wp\/v2\/product_brand?post=18762"},{"taxonomy":"product_cat","embeddable":true,"href":"https:\/\/myspainfood.com\/cs\/wp-json\/wp\/v2\/product_cat?post=18762"},{"taxonomy":"product_tag","embeddable":true,"href":"https:\/\/myspainfood.com\/cs\/wp-json\/wp\/v2\/product_tag?post=18762"}],"curies":[{"name":"wp","href":"https:\/\/api.w.org\/{rel}","templated":true}]}}