{"id":18843,"date":"2025-04-10T12:16:18","date_gmt":"2025-04-10T10:16:18","guid":{"rendered":"https:\/\/myspainfood.com\/producto\/sardinky-ve-slunecnicovem-oleji-rias-baixas-855-g\/"},"modified":"2026-01-30T14:37:31","modified_gmt":"2026-01-30T13:37:31","slug":"sardinky-ve-slunecnicovem-oleji-rias-baixas-855-g","status":"publish","type":"product","link":"https:\/\/myspainfood.com\/cs\/producto\/sardinky-ve-slunecnicovem-oleji-rias-baixas-855-g\/","title":{"rendered":"Sardinky ve slune\u010dnicov\u00e9m oleji - Rias Baixas - 855 g"},"content":{"rendered":"<h3><strong>Sardinky ve slune\u010dnicov\u00e9m oleji - R\u00edas Baixas - 855 g<\/strong><\/h3>\n<p><strong>Sardinky ve slune\u010dnicov\u00e9m oleji z regionu R\u00edas Baixas<\/strong> jsou pe\u010dliv\u011b vyb\u00edr\u00e1ny a baleny tak, aby si zachovaly svou \u010derstvost a p\u0159irozenou chu\u0165 a vy jste si mohli vychutnat v\u0161echny jejich chu\u0165ov\u00e9 vlastnosti. Jsou ide\u00e1ln\u00ed do sal\u00e1t\u016f, p\u0159edkrm\u016f nebo tradi\u010dn\u00edch recept\u016f a vynikaj\u00ed jemnou strukturou a vynikaj\u00edc\u00ed chut\u00ed v \u00fastech. <\/p>\n<p>Nev\u00e1hejte a dop\u0159ejte si ty nejlep\u0161\u00ed sardinky. Objevte n\u00e1\u0161 v\u00fdb\u011br <a href=\"https:\/\/latiendadesami.com\/categoria-producto\/conservas\/\" target=\"_blank\" rel=\"noopener noreferrer nofollow\"><b>konzervovan\u00fdch potravin<\/b> <\/a>  <\/p>\n<h4><strong>Pro\u010d si je vybrat<\/strong><\/h4>\n<ul>\n<li><strong>Zaru\u010den\u00fd p\u016fvod!<\/strong>  Lov\u00ed se v \u010dist\u00fdch a bohat\u00fdch vod\u00e1ch Atlantiku v oblasti R\u00edas Baixas v Galicii.<\/li>\n<li><strong>Prvot\u0159\u00eddn\u00ed slune\u010dnicov\u00fd olej, kter\u00fd dod\u00e1v\u00e1<\/strong>chuti jemnost a vyv\u00e1\u017eenost.<\/li>\n<li><strong>Form\u00e1t<\/strong>: 855 g plechovka, ide\u00e1ln\u00ed pro rodiny nebo speci\u00e1ln\u00ed akce.<\/li>\n<\/ul>\n","protected":false},"excerpt":{"rendered":"<p>Sardinky ve slune\u010dnicov\u00e9m oleji - R\u00edas Baixas - 855 g Sardinky ve slune\u010dnicov\u00e9m oleji z regionu R\u00edas Baixas jsou pe\u010dliv\u011b vyb\u00edr\u00e1ny a baleny tak, aby si zachovaly svou \u010derstvost a p\u0159irozenou chu\u0165 a vy jste si mohli vychutnat v\u0161echny jejich chu\u0165ov\u00e9 vlastnosti. Jsou ide\u00e1ln\u00ed do sal\u00e1t\u016f, p\u0159edkrm\u016f nebo tradi\u010dn\u00edch recept\u016f a vynikaj\u00ed jemnou strukturou a [&hellip;]<\/p>\n","protected":false},"featured_media":18846,"template":"","meta":{"_et_pb_use_builder":"","_et_pb_old_content":"","_et_gb_content_width":""},"product_brand":[],"product_cat":[1935],"product_tag":[],"class_list":{"0":"post-18843","1":"product","2":"type-product","3":"status-publish","4":"has-post-thumbnail","6":"product_cat-zachovava","8":"first","9":"outofstock","10":"taxable","11":"shipping-taxable","12":"product-type-variable"},"_links":{"self":[{"href":"https:\/\/myspainfood.com\/cs\/wp-json\/wp\/v2\/product\/18843","targetHints":{"allow":["GET"]}}],"collection":[{"href":"https:\/\/myspainfood.com\/cs\/wp-json\/wp\/v2\/product"}],"about":[{"href":"https:\/\/myspainfood.com\/cs\/wp-json\/wp\/v2\/types\/product"}],"wp:featuredmedia":[{"embeddable":true,"href":"https:\/\/myspainfood.com\/cs\/wp-json\/wp\/v2\/media\/18846"}],"wp:attachment":[{"href":"https:\/\/myspainfood.com\/cs\/wp-json\/wp\/v2\/media?parent=18843"}],"wp:term":[{"taxonomy":"product_brand","embeddable":true,"href":"https:\/\/myspainfood.com\/cs\/wp-json\/wp\/v2\/product_brand?post=18843"},{"taxonomy":"product_cat","embeddable":true,"href":"https:\/\/myspainfood.com\/cs\/wp-json\/wp\/v2\/product_cat?post=18843"},{"taxonomy":"product_tag","embeddable":true,"href":"https:\/\/myspainfood.com\/cs\/wp-json\/wp\/v2\/product_tag?post=18843"}],"curies":[{"name":"wp","href":"https:\/\/api.w.org\/{rel}","templated":true}]}}