{"id":19074,"date":"2025-04-10T12:16:39","date_gmt":"2025-04-10T10:16:39","guid":{"rendered":"https:\/\/myspainfood.com\/producto\/cele-extra-pecene-papriky-piquillo-la-joya-del-valle-320gr\/"},"modified":"2026-01-30T14:26:47","modified_gmt":"2026-01-30T13:26:47","slug":"cele-extra-pecene-papriky-piquillo-la-joya-del-valle-320gr","status":"publish","type":"product","link":"https:\/\/myspainfood.com\/cs\/producto\/cele-extra-pecene-papriky-piquillo-la-joya-del-valle-320gr\/","title":{"rendered":"Cel\u00e9 extra pe\u010den\u00e9 papriky Piquillo La joya del valle 320gr"},"content":{"rendered":"<p>Slo\u017een\u00ed: <\/p>\n<p> Po otev\u0159en\u00ed uchov\u00e1vejte v chladu a spot\u0159ebujte nejl\u00e9pe do 5 dn\u016f.<\/p>\n<p>M\u00e1me nejvy\u0161\u0161\u00ed kvalitu za nejlep\u0161\u00ed cenu.<\/p>\n<p>Napi\u0161te n\u00e1m pro v\u00edce informac\u00ed nebo pokud m\u00e1te jak\u00e9koliv dotazy k tomuto nebo jin\u00e9mu v\u00fdrobku z na\u0161eho katalogu.<\/p>\n","protected":false},"excerpt":{"rendered":"<p>Slo\u017een\u00ed: Po otev\u0159en\u00ed uchov\u00e1vejte v chladu a spot\u0159ebujte nejl\u00e9pe do 5 dn\u016f. M\u00e1me nejvy\u0161\u0161\u00ed kvalitu za nejlep\u0161\u00ed cenu. Napi\u0161te n\u00e1m pro v\u00edce informac\u00ed nebo pokud m\u00e1te jak\u00e9koliv dotazy k tomuto nebo jin\u00e9mu v\u00fdrobku z na\u0161eho katalogu.<\/p>\n","protected":false},"featured_media":19080,"template":"","meta":{"_et_pb_use_builder":"","_et_pb_old_content":"","_et_gb_content_width":""},"product_brand":[1129],"product_cat":[2371,1935],"product_tag":[2372,2373],"class_list":{"0":"post-19074","1":"product","2":"type-product","3":"status-publish","4":"has-post-thumbnail","6":"product_brand-mateo","7":"product_cat-peppers-cs","8":"product_cat-zachovava","9":"product_tag-pecene-cs","10":"product_tag-pepr","12":"first","13":"outofstock","14":"featured","15":"taxable","16":"shipping-taxable","17":"product-type-variable"},"_links":{"self":[{"href":"https:\/\/myspainfood.com\/cs\/wp-json\/wp\/v2\/product\/19074","targetHints":{"allow":["GET"]}}],"collection":[{"href":"https:\/\/myspainfood.com\/cs\/wp-json\/wp\/v2\/product"}],"about":[{"href":"https:\/\/myspainfood.com\/cs\/wp-json\/wp\/v2\/types\/product"}],"wp:featuredmedia":[{"embeddable":true,"href":"https:\/\/myspainfood.com\/cs\/wp-json\/wp\/v2\/media\/19080"}],"wp:attachment":[{"href":"https:\/\/myspainfood.com\/cs\/wp-json\/wp\/v2\/media?parent=19074"}],"wp:term":[{"taxonomy":"product_brand","embeddable":true,"href":"https:\/\/myspainfood.com\/cs\/wp-json\/wp\/v2\/product_brand?post=19074"},{"taxonomy":"product_cat","embeddable":true,"href":"https:\/\/myspainfood.com\/cs\/wp-json\/wp\/v2\/product_cat?post=19074"},{"taxonomy":"product_tag","embeddable":true,"href":"https:\/\/myspainfood.com\/cs\/wp-json\/wp\/v2\/product_tag?post=19074"}],"curies":[{"name":"wp","href":"https:\/\/api.w.org\/{rel}","templated":true}]}}