{"id":19185,"date":"2025-04-10T12:16:39","date_gmt":"2025-04-10T10:16:39","guid":{"rendered":"https:\/\/myspainfood.com\/producto\/extra-panensky-olivovy-olej-viejo-olivar-5-litru-cazorla-jaen\/"},"modified":"2026-01-29T12:36:57","modified_gmt":"2026-01-29T11:36:57","slug":"extra-panensky-olivovy-olej-viejo-olivar-5-litru-cazorla-jaen","status":"publish","type":"product","link":"https:\/\/myspainfood.com\/cs\/producto\/extra-panensky-olivovy-olej-viejo-olivar-5-litru-cazorla-jaen\/","title":{"rendered":"Extra panensk\u00fd olivov\u00fd olej Viejo Olivar 5 litr\u016f Cazorla Ja\u00e9n"},"content":{"rendered":"<p><strong>Extra panensk\u00fd olivov\u00fd olej z<\/strong> Ja\u00e9nu je jedn\u00edm z hv\u011bzdn\u00fdch produkt\u016f \u0161pan\u011blsk\u00e9 gastronomie a z\u00e1rove\u0148 na\u0161\u00edm pr\u016fvodn\u00edm dopisem po cel\u00e9m sv\u011bt\u011b. Koup\u011b olivov\u00e9ho oleje znamen\u00e1 po\u0159\u00edzen\u00ed v\u00fdjime\u010dn\u00e9ho produktu d\u00edky jeho neuv\u011b\u0159iteln\u00fdm zdravotn\u00edm \u00fa\u010dink\u016fm. Nav\u00edc je z\u00e1kladn\u00ed slo\u017ekou st\u0159edomo\u0159sk\u00e9 stravy, ingredienc\u00ed, kter\u00e1 by nem\u011bla chyb\u011bt v \u017e\u00e1dn\u00e9 sebe\u00factyhodn\u00e9 kuchyni.  <\/p>\n<p>Extra panensk\u00fd olivov\u00fd olej je mezi olivov\u00fdmi oleji v\u00fdjime\u010dn\u00fd svou chut\u00ed, v\u016fn\u00ed a prosp\u011b\u0161nost\u00ed pro organismus. Je bohat\u00fd na vitaminy A, D, E a K, zabra\u0148uje riziku hromad\u011bn\u00ed cholesterolu, zlep\u0161uje krevn\u00ed tlak a podporuje st\u0159evn\u00ed tranzit. Ze v\u0161ech t\u011bchto d\u016fvod\u016f bude n\u00e1kup extra panensk\u00e9ho olivov\u00e9ho oleje v\u017edy tou nejlep\u0161\u00ed volbou pro va\u0161e zdrav\u00ed i chu\u0165ov\u00e9 bu\u0148ky.  <\/p>\n<p>V Ja\u00e9nu jsme hrd\u00ed na to, \u017ee jsme nejv\u011bt\u0161\u00edmi producenty olivov\u00e9ho oleje na sv\u011bt\u011b a extra panensk\u00e9 olivov\u00e9 oleje z na\u0161\u00ed zem\u011b jsou bezpochyby nejzn\u00e1m\u011bj\u0161\u00ed na n\u00e1rodn\u00ed i mezin\u00e1rodn\u00ed \u00farovni a nejkvalitn\u011bj\u0161\u00ed, kter\u00e9 lze koupit.<\/p>\n","protected":false},"excerpt":{"rendered":"<p>Extra panensk\u00fd olivov\u00fd olej z Ja\u00e9nu je jedn\u00edm z hv\u011bzdn\u00fdch produkt\u016f \u0161pan\u011blsk\u00e9 gastronomie a z\u00e1rove\u0148 na\u0161\u00edm pr\u016fvodn\u00edm dopisem po cel\u00e9m sv\u011bt\u011b. Koup\u011b olivov\u00e9ho oleje znamen\u00e1 po\u0159\u00edzen\u00ed v\u00fdjime\u010dn\u00e9ho produktu d\u00edky jeho neuv\u011b\u0159iteln\u00fdm zdravotn\u00edm \u00fa\u010dink\u016fm. Nav\u00edc je z\u00e1kladn\u00ed slo\u017ekou st\u0159edomo\u0159sk\u00e9 stravy, ingredienc\u00ed, kter\u00e1 by nem\u011bla chyb\u011bt v \u017e\u00e1dn\u00e9 sebe\u00factyhodn\u00e9 kuchyni. Extra panensk\u00fd olivov\u00fd olej je mezi olivov\u00fdmi [&hellip;]<\/p>\n","protected":false},"featured_media":19193,"template":"","meta":{"_et_pb_use_builder":"","_et_pb_old_content":"","_et_gb_content_width":""},"product_brand":[1221],"product_cat":[2621,2620],"product_tag":[2622],"class_list":{"0":"post-19185","1":"product","2":"type-product","3":"status-publish","4":"has-post-thumbnail","6":"product_brand-valdezarza","7":"product_cat-extra-panenske-olivy-cs","8":"product_cat-olej-cs","9":"product_tag-olej-cs","11":"first","12":"outofstock","13":"featured","14":"taxable","15":"shipping-taxable","16":"product-type-variable"},"_links":{"self":[{"href":"https:\/\/myspainfood.com\/cs\/wp-json\/wp\/v2\/product\/19185","targetHints":{"allow":["GET"]}}],"collection":[{"href":"https:\/\/myspainfood.com\/cs\/wp-json\/wp\/v2\/product"}],"about":[{"href":"https:\/\/myspainfood.com\/cs\/wp-json\/wp\/v2\/types\/product"}],"wp:featuredmedia":[{"embeddable":true,"href":"https:\/\/myspainfood.com\/cs\/wp-json\/wp\/v2\/media\/19193"}],"wp:attachment":[{"href":"https:\/\/myspainfood.com\/cs\/wp-json\/wp\/v2\/media?parent=19185"}],"wp:term":[{"taxonomy":"product_brand","embeddable":true,"href":"https:\/\/myspainfood.com\/cs\/wp-json\/wp\/v2\/product_brand?post=19185"},{"taxonomy":"product_cat","embeddable":true,"href":"https:\/\/myspainfood.com\/cs\/wp-json\/wp\/v2\/product_cat?post=19185"},{"taxonomy":"product_tag","embeddable":true,"href":"https:\/\/myspainfood.com\/cs\/wp-json\/wp\/v2\/product_tag?post=19185"}],"curies":[{"name":"wp","href":"https:\/\/api.w.org\/{rel}","templated":true}]}}