{"id":19235,"date":"2025-04-10T12:16:41","date_gmt":"2025-04-10T10:16:41","guid":{"rendered":"https:\/\/myspainfood.com\/producto\/iberska-sunka-cebo-huelva-sn-finca-6-kg-cca\/"},"modified":"2026-01-30T14:27:48","modified_gmt":"2026-01-30T13:27:48","slug":"iberska-sunka-cebo-huelva-sn-finca-6-kg-cca","status":"publish","type":"product","link":"https:\/\/myspainfood.com\/cs\/producto\/iberska-sunka-cebo-huelva-sn-finca-6-kg-cca\/","title":{"rendered":"Ibersk\u00e1 \u0161unka Cebo Huelva - SN Finca - 6 kg (cca)"},"content":{"rendered":"<p>Ibersk\u00e1 \u0161unka Cebo Huelva - SN Finca - 6 kg je \u0161unka vynikaj\u00edc\u00ed kvality, su\u0161en\u00e1 v p\u0159\u00edrodn\u00edch su\u0161\u00e1rn\u00e1ch v Huelv\u011b tradi\u010dn\u00edm postupem su\u0161en\u00ed, kter\u00fd j\u00ed dod\u00e1v\u00e1 charakteristick\u00e9 aroma i zn\u00e1mou chu\u0165. D\u00edky t\u00e9to p\u00e9\u010di je tento kus pot\u011b\u0161en\u00edm pro milovn\u00edky ibersk\u00e9 \u0161unky.<\/p>\n<h3><strong>Charakteristika ibersk\u00e9 \u0161unky Cebo Huelva<\/strong><\/h3>\n<ol>\n<li><strong>Zaru\u010den\u00fd p\u016fvod<\/strong>\n<p>Tato \u0161unka se vyr\u00e1b\u00ed v oblasti Huelva, kter\u00e1 je celosv\u011btov\u011b proslul\u00e1 sv\u00fdm ide\u00e1ln\u00edm klimatem pro uzen\u00ed \u0161unky. Poho\u0159\u00ed Sierra de Huelva poskytuje dokonalou rovnov\u00e1hu vlhkosti a teploty, co\u017e vede k optim\u00e1ln\u00edmu zr\u00e1n\u00ed \u0161unky. <\/li>\n<li><strong>Certifikovan\u00e1 kvalita<\/strong>\n<p>Ka\u017ed\u00fd kus podl\u00e9h\u00e1 p\u0159\u00edsn\u00fdm kontrol\u00e1m kvality. SN Finca zaru\u010duje, \u017ee v\u00fdrobek m\u00e1 dohledateln\u00fd p\u016fvod, a spot\u0159ebitel tak dost\u00e1v\u00e1 to nejlep\u0161\u00ed z ibersk\u00e9 tradice. <\/li>\n<li><strong>Dlouhodob\u00e9 zr\u00e1n\u00ed<\/strong>\n<p>Tato \u0161unka, zraj\u00edc\u00ed p\u0159ibli\u017en\u011b 24 m\u011bs\u00edc\u016f, z\u00edsk\u00e1v\u00e1 komplexn\u00ed chu\u0165 a jedine\u010dn\u00e9 aroma, kter\u00e9 si podman\u00ed smysly ji\u017e p\u0159i prvn\u00edm rozkrojen\u00ed.<\/li>\n<li><strong>Ide\u00e1ln\u00ed hmotnost<\/strong>\n<p>Tato \u0161unka o <strong>hmotnosti 6 kg<\/strong> je ide\u00e1ln\u00ed pro rodiny a speci\u00e1ln\u00ed akce a nab\u00edz\u00ed vynikaj\u00edc\u00ed pom\u011br mno\u017estv\u00ed a kvality.<\/li>\n<li><strong>V\u00fdjime\u010dn\u00e1 prezentace<\/strong>\n<p>Na \u0159ezu je patrn\u00e9 charakteristick\u00e9 mramorov\u00e1n\u00ed, kter\u00e9 je nezam\u011bniteln\u00fdm znakem kvality. Rovnov\u00e1ha mezi pronikaj\u00edc\u00edm tukem a masem zaji\u0161\u0165uje jedine\u010dn\u00fd chu\u0165ov\u00fd z\u00e1\u017eitek v ka\u017ed\u00e9m pl\u00e1tku. <\/li>\n<\/ol>\n<p>M\u016f\u017eete se pod\u00edvat na na\u0161i nab\u00eddku uzenin, <a href=\"https:\/\/latiendadesami.com\/categoria-producto\/queso-embutido\/\" target=\"_blank\" rel=\"noopener noreferrer nofollow\">kde<\/a> najdete gurm\u00e1nsk\u00e9 v\u00fdrobky, kter\u00e9 si m\u016f\u017eete vychutnat s rodinou a p\u0159\u00e1teli.<\/p>\n","protected":false},"excerpt":{"rendered":"<p>Ibersk\u00e1 \u0161unka Cebo Huelva - SN Finca - 6 kg je \u0161unka vynikaj\u00edc\u00ed kvality, su\u0161en\u00e1 v p\u0159\u00edrodn\u00edch su\u0161\u00e1rn\u00e1ch v Huelv\u011b tradi\u010dn\u00edm postupem su\u0161en\u00ed, kter\u00fd j\u00ed dod\u00e1v\u00e1 charakteristick\u00e9 aroma i zn\u00e1mou chu\u0165. D\u00edky t\u00e9to p\u00e9\u010di je tento kus pot\u011b\u0161en\u00edm pro milovn\u00edky ibersk\u00e9 \u0161unky. Charakteristika ibersk\u00e9 \u0161unky Cebo Huelva Zaru\u010den\u00fd p\u016fvod Tato \u0161unka se vyr\u00e1b\u00ed v oblasti [&hellip;]<\/p>\n","protected":false},"featured_media":19505,"template":"","meta":{"_et_pb_use_builder":"","_et_pb_old_content":"","_et_gb_content_width":""},"product_brand":[],"product_cat":[2194],"product_tag":[],"class_list":{"0":"post-19235","1":"product","2":"type-product","3":"status-publish","4":"has-post-thumbnail","6":"product_cat-kategorie-testovani","8":"first","9":"outofstock","10":"taxable","11":"shipping-taxable","12":"purchasable","13":"product-type-simple"},"_links":{"self":[{"href":"https:\/\/myspainfood.com\/cs\/wp-json\/wp\/v2\/product\/19235","targetHints":{"allow":["GET"]}}],"collection":[{"href":"https:\/\/myspainfood.com\/cs\/wp-json\/wp\/v2\/product"}],"about":[{"href":"https:\/\/myspainfood.com\/cs\/wp-json\/wp\/v2\/types\/product"}],"wp:featuredmedia":[{"embeddable":true,"href":"https:\/\/myspainfood.com\/cs\/wp-json\/wp\/v2\/media\/19505"}],"wp:attachment":[{"href":"https:\/\/myspainfood.com\/cs\/wp-json\/wp\/v2\/media?parent=19235"}],"wp:term":[{"taxonomy":"product_brand","embeddable":true,"href":"https:\/\/myspainfood.com\/cs\/wp-json\/wp\/v2\/product_brand?post=19235"},{"taxonomy":"product_cat","embeddable":true,"href":"https:\/\/myspainfood.com\/cs\/wp-json\/wp\/v2\/product_cat?post=19235"},{"taxonomy":"product_tag","embeddable":true,"href":"https:\/\/myspainfood.com\/cs\/wp-json\/wp\/v2\/product_tag?post=19235"}],"curies":[{"name":"wp","href":"https:\/\/api.w.org\/{rel}","templated":true}]}}