{"id":19307,"date":"2025-04-10T12:16:47","date_gmt":"2025-04-10T10:16:47","guid":{"rendered":"https:\/\/myspainfood.com\/producto\/sarze-1c-sardel-sardel-a-sled-picarpicar\/"},"modified":"2026-01-13T13:55:58","modified_gmt":"2026-01-13T12:55:58","slug":"sarze-1c-sardel-sardel-a-sled-picarpicar","status":"publish","type":"product","link":"https:\/\/myspainfood.com\/cs\/producto\/sarze-1c-sardel-sardel-a-sled-picarpicar\/","title":{"rendered":"\u0161ar\u017ee 1c - sardel, sardel a sle\u010f Picar&amp;Picar"},"content":{"rendered":"<p>D\u00cdL 1C: Ryb\u00ed konzervy nejvy\u0161\u0161\u00ed kvality, \u0161ar\u017ee sest\u00e1vaj\u00edc\u00ed z: Sardelov\u00e9 fil\u00e9 45g (3 kusy), Kantabrijsk\u00e9 sardelov\u00e9 fil\u00e9 120g (1 kus), Sardelov\u00e9 fil\u00e9 v oleji 200g (1 kus), Sle\u010fov\u00e9 fil\u00e9 220g (1 kus) a Sle\u010fov\u00e9 fil\u00e9 s olivami 220g (1 kus).<\/p>\n<p>OBSAH:<\/p>\n<ul>\n<li>Sardelov\u00fd filet:<\/li>\n<\/ul>\n<p>Balen\u00ed Tripack 120 gr: 3 ks<\/p>\n<ul>\n<li>Filet ze sardel\u00ed z Biskajsk\u00e9ho z\u00e1livu:<\/li>\n<\/ul>\n<p>Z\u00e1sobn\u00edk 120 gr: 1 ks<\/p>\n<ul>\n<li>Sardelov\u00fd filet v oleji:<\/li>\n<\/ul>\n<p>Z\u00e1sobn\u00edk 200 gr: 1 ks<\/p>\n<ul>\n<li>Sardelov\u00fd filet v oct\u011b:<\/li>\n<\/ul>\n<p>Z\u00e1sobn\u00edk 200 gr: 2 ks<\/p>\n<ul>\n<li>Filety ze sled\u011b obecn\u00e9ho:<\/li>\n<\/ul>\n<p>Z\u00e1sobn\u00edk 220 gr: 1 ks<\/p>\n<ul>\n<li>Filety ze sled\u011b s olivami:<\/li>\n<\/ul>\n<p>Z\u00e1sobn\u00edk 220 gr: 1 ks<\/p>\n","protected":false},"excerpt":{"rendered":"<p>D\u00cdL 1C: Ryb\u00ed konzervy nejvy\u0161\u0161\u00ed kvality, \u0161ar\u017ee sest\u00e1vaj\u00edc\u00ed z: Sardelov\u00e9 fil\u00e9 45g (3 kusy), Kantabrijsk\u00e9 sardelov\u00e9 fil\u00e9 120g (1 kus), Sardelov\u00e9 fil\u00e9 v oleji 200g (1 kus), Sle\u010fov\u00e9 fil\u00e9 220g (1 kus) a Sle\u010fov\u00e9 fil\u00e9 s olivami 220g (1 kus). OBSAH: Sardelov\u00fd filet: Balen\u00ed Tripack 120 gr: 3 ks Filet ze sardel\u00ed z Biskajsk\u00e9ho z\u00e1livu: [&hellip;]<\/p>\n","protected":false},"featured_media":19309,"template":"","meta":{"_et_pb_use_builder":"","_et_pb_old_content":"","_et_gb_content_width":""},"product_brand":[1127],"product_cat":[1897,1868],"product_tag":[],"class_list":{"0":"post-19307","1":"product","2":"type-product","3":"status-publish","4":"has-post-thumbnail","6":"product_brand-picarpicar","7":"product_cat-ancovicky-cs-2","8":"product_cat-cold-cs","9":"product_shipping_class-preprava-za-studena","11":"first","12":"outofstock","13":"taxable","14":"shipping-taxable","15":"purchasable","16":"product-type-simple"},"_links":{"self":[{"href":"https:\/\/myspainfood.com\/cs\/wp-json\/wp\/v2\/product\/19307","targetHints":{"allow":["GET"]}}],"collection":[{"href":"https:\/\/myspainfood.com\/cs\/wp-json\/wp\/v2\/product"}],"about":[{"href":"https:\/\/myspainfood.com\/cs\/wp-json\/wp\/v2\/types\/product"}],"wp:featuredmedia":[{"embeddable":true,"href":"https:\/\/myspainfood.com\/cs\/wp-json\/wp\/v2\/media\/19309"}],"wp:attachment":[{"href":"https:\/\/myspainfood.com\/cs\/wp-json\/wp\/v2\/media?parent=19307"}],"wp:term":[{"taxonomy":"product_brand","embeddable":true,"href":"https:\/\/myspainfood.com\/cs\/wp-json\/wp\/v2\/product_brand?post=19307"},{"taxonomy":"product_cat","embeddable":true,"href":"https:\/\/myspainfood.com\/cs\/wp-json\/wp\/v2\/product_cat?post=19307"},{"taxonomy":"product_tag","embeddable":true,"href":"https:\/\/myspainfood.com\/cs\/wp-json\/wp\/v2\/product_tag?post=19307"}],"curies":[{"name":"wp","href":"https:\/\/api.w.org\/{rel}","templated":true}]}}