{"id":19341,"date":"2025-04-10T12:16:48","date_gmt":"2025-04-10T10:16:48","guid":{"rendered":"https:\/\/myspainfood.com\/producto\/sarze-1d-chop-chop\/"},"modified":"2026-01-13T13:57:15","modified_gmt":"2026-01-13T12:57:15","slug":"sarze-1d-chop-chop","status":"publish","type":"product","link":"https:\/\/myspainfood.com\/cs\/producto\/sarze-1d-chop-chop\/","title":{"rendered":"\u0161ar\u017ee 1d Chop &amp; Chop"},"content":{"rendered":"<p>D\u00cdL 1D: Ryb\u00ed konzervy nejvy\u0161\u0161\u00ed jakosti, \u0161ar\u017ee sest\u00e1vaj\u00edc\u00ed z: Sardelov\u00e9 fil\u00e9 v oleji 200 gr (1 kus), Sardelov\u00e9 fil\u00e9 v oct\u011b 200 gr (1 kus), Sardelov\u00e9 fil\u00e9 v \u010desneku a petr\u017eelce 200 gr (1 kus), Sardelov\u00e1 vlajka 220 gr (3 kusy), Sle\u010fov\u00e9 fil\u00e9 220 gr (1 kus) a Sle\u010fov\u00e9 fil\u00e9 s olivami 220 gr (1 kus).<\/p>\n<p>OBSAH:<\/p>\n<ul>\n<li>Sardelov\u00fd filet v oleji:<\/li>\n<\/ul>\n<p>Z\u00e1sobn\u00edk 200 gr: 1 ks<\/p>\n<ul>\n<li>Sardelov\u00fd filet v oct\u011b:<\/li>\n<\/ul>\n<p>Z\u00e1sobn\u00edk 200 gr: 1 ks<\/p>\n<ul>\n<li>Ochucen\u00e9 sardelov\u00e9 fil\u00e9 (\u010desnek a petr\u017eel):<\/li>\n<\/ul>\n<p>Z\u00e1sobn\u00edk 200 gr: 1 ks<\/p>\n<ul>\n<li>Banderilla de boquer\u00f3n:<\/li>\n<\/ul>\n<p>Z\u00e1sobn\u00edk 220 gr: 3 ks<\/p>\n<ul>\n<li>Filety ze sled\u011b obecn\u00e9ho:<\/li>\n<\/ul>\n<p>Z\u00e1sobn\u00edk 220 gr: 1 ks<\/p>\n<ul>\n<li>Filety ze sled\u011b s olivami:<\/li>\n<\/ul>\n<p>Z\u00e1sobn\u00edk 220 gr: 1 ks<\/p>\n","protected":false},"excerpt":{"rendered":"<p>D\u00cdL 1D: Ryb\u00ed konzervy nejvy\u0161\u0161\u00ed jakosti, \u0161ar\u017ee sest\u00e1vaj\u00edc\u00ed z: Sardelov\u00e9 fil\u00e9 v oleji 200 gr (1 kus), Sardelov\u00e9 fil\u00e9 v oct\u011b 200 gr (1 kus), Sardelov\u00e9 fil\u00e9 v \u010desneku a petr\u017eelce 200 gr (1 kus), Sardelov\u00e1 vlajka 220 gr (3 kusy), Sle\u010fov\u00e9 fil\u00e9 220 gr (1 kus) a Sle\u010fov\u00e9 fil\u00e9 s olivami 220 gr (1 [&hellip;]<\/p>\n","protected":false},"featured_media":19343,"template":"","meta":{"_et_pb_use_builder":"","_et_pb_old_content":"","_et_gb_content_width":""},"product_brand":[1127],"product_cat":[1897,1868],"product_tag":[],"class_list":{"0":"post-19341","1":"product","2":"type-product","3":"status-publish","4":"has-post-thumbnail","6":"product_brand-picarpicar","7":"product_cat-ancovicky-cs-2","8":"product_cat-cold-cs","9":"product_shipping_class-preprava-za-studena","11":"first","12":"outofstock","13":"taxable","14":"shipping-taxable","15":"purchasable","16":"product-type-simple"},"_links":{"self":[{"href":"https:\/\/myspainfood.com\/cs\/wp-json\/wp\/v2\/product\/19341","targetHints":{"allow":["GET"]}}],"collection":[{"href":"https:\/\/myspainfood.com\/cs\/wp-json\/wp\/v2\/product"}],"about":[{"href":"https:\/\/myspainfood.com\/cs\/wp-json\/wp\/v2\/types\/product"}],"wp:featuredmedia":[{"embeddable":true,"href":"https:\/\/myspainfood.com\/cs\/wp-json\/wp\/v2\/media\/19343"}],"wp:attachment":[{"href":"https:\/\/myspainfood.com\/cs\/wp-json\/wp\/v2\/media?parent=19341"}],"wp:term":[{"taxonomy":"product_brand","embeddable":true,"href":"https:\/\/myspainfood.com\/cs\/wp-json\/wp\/v2\/product_brand?post=19341"},{"taxonomy":"product_cat","embeddable":true,"href":"https:\/\/myspainfood.com\/cs\/wp-json\/wp\/v2\/product_cat?post=19341"},{"taxonomy":"product_tag","embeddable":true,"href":"https:\/\/myspainfood.com\/cs\/wp-json\/wp\/v2\/product_tag?post=19341"}],"curies":[{"name":"wp","href":"https:\/\/api.w.org\/{rel}","templated":true}]}}