{"id":19448,"date":"2025-04-10T12:16:30","date_gmt":"2025-04-10T10:16:30","guid":{"rendered":"https:\/\/myspainfood.com\/producto\/veprova-panenka-ze-100-iberskeho-veproveho-masa-krmeneho-zaludem-fili-500-gr\/"},"modified":"2026-01-29T13:12:25","modified_gmt":"2026-01-29T12:12:25","slug":"veprova-panenka-ze-100-iberskeho-veproveho-masa-krmeneho-zaludem-fili-500-gr","status":"publish","type":"product","link":"https:\/\/myspainfood.com\/cs\/producto\/veprova-panenka-ze-100-iberskeho-veproveho-masa-krmeneho-zaludem-fili-500-gr\/","title":{"rendered":"Vep\u0159ov\u00e1 panenka ze 100% ibersk\u00e9ho vep\u0159ov\u00e9ho masa krmen\u00e9ho \u017ealudem - FILI - 500 gr"},"content":{"rendered":"<h3>Vep\u0159ov\u00e1 panenka ze 100% ibersk\u00e9ho vep\u0159ov\u00e9ho masa krmen\u00e9ho \u017ealudy - FILI - 800 gr<\/h3>\n<p><strong>Vep\u0159ov\u00e1 panenka ze 100% ibersk\u00e9ho vep\u0159e krmen\u00e9ho \u017ealudy - FILI<\/strong> o hmotnosti 800 gram\u016f je gurm\u00e1nsk\u00e1 pochoutka vyroben\u00e1 z \u010distokrevn\u00fdch ibersk\u00fdch prasat chovan\u00fdch ve voln\u00e9 p\u0159\u00edrod\u011b a krmen\u00fdch \u017ealudy. D\u00edky tomuto \u0159emesln\u00e9mu postupu a pe\u010dliv\u00e9mu uzen\u00ed m\u00e1 vep\u0159ov\u00e9 maso jedine\u010dnou chu\u0165 a \u0161\u0165avnatou strukturu. Ide\u00e1ln\u00ed pro milovn\u00edky ibersk\u00fdch produkt\u016f a bohat\u00e9 na zdrav\u00e9 mastn\u00e9 kyseliny.  <\/p>\n<p>Chcete-li se dozv\u011bd\u011bt v\u00edce o v\u00fdhod\u00e1ch konzumace ibersk\u00fdch produkt\u016f, nav\u0161tivte str\u00e1nku <a href=\"https:\/\/www.jamonlovers.es\" target=\"_new\" rel=\"noopener noreferrer nofollow\" target=\"_blank\">Jam\u00f3n Lovers<\/a>.<\/p>\n<p>Objevte dal\u0161\u00ed mo\u017enosti v na\u0161ich kategori\u00edch <a href=\"https:\/\/latiendadesami.com\/categoria-producto\/queso-embutido\/\" target=\"_blank\" rel=\"noopener noreferrer nofollow\"><span style=\"color: #2ea3f2;\">Uzeniny<\/span><\/a><\/p>\n","protected":false},"excerpt":{"rendered":"<p>Vep\u0159ov\u00e1 panenka ze 100% ibersk\u00e9ho vep\u0159ov\u00e9ho masa krmen\u00e9ho \u017ealudy - FILI - 800 gr Vep\u0159ov\u00e1 panenka ze 100% ibersk\u00e9ho vep\u0159e krmen\u00e9ho \u017ealudy - FILI o hmotnosti 800 gram\u016f je gurm\u00e1nsk\u00e1 pochoutka vyroben\u00e1 z \u010distokrevn\u00fdch ibersk\u00fdch prasat chovan\u00fdch ve voln\u00e9 p\u0159\u00edrod\u011b a krmen\u00fdch \u017ealudy. D\u00edky tomuto \u0159emesln\u00e9mu postupu a pe\u010dliv\u00e9mu uzen\u00ed m\u00e1 vep\u0159ov\u00e9 maso jedine\u010dnou chu\u0165 [&hellip;]<\/p>\n","protected":false},"featured_media":19450,"template":"","meta":{"_et_pb_use_builder":"","_et_pb_old_content":"","_et_gb_content_width":""},"product_brand":[1388],"product_cat":[2299,2298],"product_tag":[],"class_list":{"0":"post-19448","1":"product","2":"type-product","3":"status-publish","4":"has-post-thumbnail","6":"product_brand-fili","7":"product_cat-klobasa-cs","8":"product_cat-syr-a-klobasa-cs","10":"first","11":"outofstock","12":"taxable","13":"shipping-taxable","14":"purchasable","15":"product-type-simple"},"_links":{"self":[{"href":"https:\/\/myspainfood.com\/cs\/wp-json\/wp\/v2\/product\/19448","targetHints":{"allow":["GET"]}}],"collection":[{"href":"https:\/\/myspainfood.com\/cs\/wp-json\/wp\/v2\/product"}],"about":[{"href":"https:\/\/myspainfood.com\/cs\/wp-json\/wp\/v2\/types\/product"}],"wp:featuredmedia":[{"embeddable":true,"href":"https:\/\/myspainfood.com\/cs\/wp-json\/wp\/v2\/media\/19450"}],"wp:attachment":[{"href":"https:\/\/myspainfood.com\/cs\/wp-json\/wp\/v2\/media?parent=19448"}],"wp:term":[{"taxonomy":"product_brand","embeddable":true,"href":"https:\/\/myspainfood.com\/cs\/wp-json\/wp\/v2\/product_brand?post=19448"},{"taxonomy":"product_cat","embeddable":true,"href":"https:\/\/myspainfood.com\/cs\/wp-json\/wp\/v2\/product_cat?post=19448"},{"taxonomy":"product_tag","embeddable":true,"href":"https:\/\/myspainfood.com\/cs\/wp-json\/wp\/v2\/product_tag?post=19448"}],"curies":[{"name":"wp","href":"https:\/\/api.w.org\/{rel}","templated":true}]}}