{"id":19483,"date":"2025-04-10T12:16:34","date_gmt":"2025-04-10T10:16:34","guid":{"rendered":"https:\/\/myspainfood.com\/producto\/veprova-panenka-z-zaludu-50-iberska-veprova-panenka-fili-500-gr\/"},"modified":"2026-01-30T08:25:04","modified_gmt":"2026-01-30T07:25:04","slug":"veprova-panenka-z-zaludu-50-iberska-veprova-panenka-fili-500-gr","status":"publish","type":"product","link":"https:\/\/myspainfood.com\/cs\/producto\/veprova-panenka-z-zaludu-50-iberska-veprova-panenka-fili-500-gr\/","title":{"rendered":"Vep\u0159ov\u00e1 panenka z \u017ealud\u016f 50% ibersk\u00e1 vep\u0159ov\u00e1 panenka - Fili - 500 gr"},"content":{"rendered":"<p>800 gram\u016f <strong>vep\u0159ov\u00e9 panenky ibersk\u00e9 krmen\u00e9 \u017ealudy 50 % - FILI<\/strong> je gurm\u00e1nsk\u00e1 pochoutka z \u010distokrevn\u00fdch ibersk\u00fdch prasat chovan\u00fdch ve voln\u00e9 p\u0159\u00edrod\u011b a krmen\u00fdch \u017ealudy. D\u00edky tomuto \u0159emesln\u00e9mu postupu a pe\u010dliv\u00e9mu zava\u0159ov\u00e1n\u00ed m\u00e1 vep\u0159ov\u00e9 maso jedine\u010dnou chu\u0165 a \u0161\u0165avnatou strukturu. Ide\u00e1ln\u00ed pro milovn\u00edky ibersk\u00fdch produkt\u016f a bohat\u00e9 na zdrav\u00e9 mastn\u00e9 kyseliny.  <\/p>\n<p>Chcete-li se dozv\u011bd\u011bt v\u00edce o v\u00fdhod\u00e1ch konzumace ibersk\u00fdch produkt\u016f, nav\u0161tivte str\u00e1nku <a href=\"https:\/\/www.jamonlovers.es\" target=\"_new\" rel=\"noopener noreferrer nofollow\" target=\"_blank\">Jam\u00f3n Lovers<\/a>.<\/p>\n<p>Objevte dal\u0161\u00ed mo\u017enosti v na\u0161ich kategori\u00edch <a href=\"https:\/\/latiendadesami.com\/categoria-producto\/queso-embutido\/\" target=\"_blank\" rel=\"noopener noreferrer nofollow\"><span style=\"color: #2ea3f2;\">Uzeniny<\/span><\/a><\/p>\n","protected":false},"excerpt":{"rendered":"<p>800 gram\u016f vep\u0159ov\u00e9 panenky ibersk\u00e9 krmen\u00e9 \u017ealudy 50 % - FILI je gurm\u00e1nsk\u00e1 pochoutka z \u010distokrevn\u00fdch ibersk\u00fdch prasat chovan\u00fdch ve voln\u00e9 p\u0159\u00edrod\u011b a krmen\u00fdch \u017ealudy. D\u00edky tomuto \u0159emesln\u00e9mu postupu a pe\u010dliv\u00e9mu zava\u0159ov\u00e1n\u00ed m\u00e1 vep\u0159ov\u00e9 maso jedine\u010dnou chu\u0165 a \u0161\u0165avnatou strukturu. Ide\u00e1ln\u00ed pro milovn\u00edky ibersk\u00fdch produkt\u016f a bohat\u00e9 na zdrav\u00e9 mastn\u00e9 kyseliny. Chcete-li se dozv\u011bd\u011bt v\u00edce [&hellip;]<\/p>\n","protected":false},"featured_media":19484,"template":"","meta":{"_et_pb_use_builder":"","_et_pb_old_content":"","_et_gb_content_width":""},"product_brand":[],"product_cat":[2299,2298],"product_tag":[],"class_list":{"0":"post-19483","1":"product","2":"type-product","3":"status-publish","4":"has-post-thumbnail","6":"product_cat-klobasa-cs","7":"product_cat-syr-a-klobasa-cs","9":"first","10":"outofstock","11":"taxable","12":"shipping-taxable","13":"purchasable","14":"product-type-simple"},"_links":{"self":[{"href":"https:\/\/myspainfood.com\/cs\/wp-json\/wp\/v2\/product\/19483","targetHints":{"allow":["GET"]}}],"collection":[{"href":"https:\/\/myspainfood.com\/cs\/wp-json\/wp\/v2\/product"}],"about":[{"href":"https:\/\/myspainfood.com\/cs\/wp-json\/wp\/v2\/types\/product"}],"wp:featuredmedia":[{"embeddable":true,"href":"https:\/\/myspainfood.com\/cs\/wp-json\/wp\/v2\/media\/19484"}],"wp:attachment":[{"href":"https:\/\/myspainfood.com\/cs\/wp-json\/wp\/v2\/media?parent=19483"}],"wp:term":[{"taxonomy":"product_brand","embeddable":true,"href":"https:\/\/myspainfood.com\/cs\/wp-json\/wp\/v2\/product_brand?post=19483"},{"taxonomy":"product_cat","embeddable":true,"href":"https:\/\/myspainfood.com\/cs\/wp-json\/wp\/v2\/product_cat?post=19483"},{"taxonomy":"product_tag","embeddable":true,"href":"https:\/\/myspainfood.com\/cs\/wp-json\/wp\/v2\/product_tag?post=19483"}],"curies":[{"name":"wp","href":"https:\/\/api.w.org\/{rel}","templated":true}]}}