{"id":19736,"date":"2025-04-10T12:14:40","date_gmt":"2025-04-10T10:14:40","guid":{"rendered":"https:\/\/myspainfood.com\/producto\/filety-z-makrely-jizni-ubago-s-olivovym-olejem-105-gr\/"},"modified":"2026-01-30T14:23:55","modified_gmt":"2026-01-30T13:23:55","slug":"filety-z-makrely-jizni-ubago-s-olivovym-olejem-105-gr","status":"publish","type":"product","link":"https:\/\/myspainfood.com\/cs\/producto\/filety-z-makrely-jizni-ubago-s-olivovym-olejem-105-gr\/","title":{"rendered":"Filety z makrely ji\u017en\u00ed - Ubago - S olivov\u00fdm olejem- 105 gr"},"content":{"rendered":"<h3><strong>Filet z makrely ji\u017en\u00ed Ubago s olivov\u00fdm olejem - tradi\u010dn\u00ed kvalita a chu\u0165<\/strong><\/h3>\n<p>Objevte <strong>filety z ji\u017en\u00ed makrely v olivov\u00e9m oleji z <a href=\"https:\/\/ubagogroup.com\/\" target=\"_blank\" rel=\"noopener noreferrer nofollow\">Ubaga<\/a><\/strong>, pochoutku bohatou na p\u0159\u00edrodn\u00ed l\u00e1tky. <a href=\"https:\/\/nutribiotica.es\/digestivo-y-nutricion\/omega-3-para-que-sirve\/\" target=\"_blank\" rel=\"noopener noreferrer nofollow\"><strong>omega-3<\/strong><\/a> a b\u00edlkovin. Tato gurm\u00e1nsk\u00e1 konzerva nab\u00edz\u00ed makrelu ulovenou u pob\u0159e\u017e\u00ed Atlantiku a zabalenou v <strong>extra panensk\u00e9m olivov\u00e9m oleji<\/strong>, kter\u00fd zv\u00fdraz\u0148uje jej\u00ed chu\u0165 a \u010derstvost.<\/p>\n<p>Ide\u00e1ln\u00ed pro p\u0159\u00edpravu zdrav\u00fdch recept\u016f nebo k p\u0159\u00edprav\u011b sal\u00e1t\u016f a sva\u010din. V\u00edce informac\u00ed o v\u00fdhod\u00e1ch <strong>extra panensk\u00e9ho olivov\u00e9ho oleje<\/strong> najdete na <a href=\"https:\/\/latiendadesami.com\/category\/recetas\/\" rel=\"noopener noreferrer nofollow\" target=\"_blank\">na\u0161em blogu o gurm\u00e1nsk\u00fdch produktech<\/a>. <\/p>\n<p><strong>Objednejte si je\u0161t\u011b dnes a vychutnejte si autentickou chu\u0165 ji\u017en\u00edch pob\u0159e\u017e\u00ed.<\/strong> Pokud se v\u00e1m tento produkt l\u00edb\u00ed, nenechte si uj\u00edt na\u0161i nab\u00eddku <strong><a href=\"https:\/\/latiendadesami.com\/categoria-producto\/conservas\/\" rel=\"noopener noreferrer nofollow\" target=\"_blank\">gurm\u00e1nsk\u00fdch zava\u0159enin<\/a><\/strong> nebo objevte dal\u0161\u00ed lahodn\u00e9 <strong><a href=\"https:\/\/latiendadesami.com\/categoria-producto\/queso-embutido\/\" rel=\"noopener noreferrer nofollow\" target=\"_blank\">typick\u00e9 \u0161pan\u011blsk\u00e9 produkty<\/a><\/strong> jako jsou oleje, v\u00edna, klob\u00e1sy a mnoho dal\u0161\u00edho.<\/p>\n<p>Prozkoumejte n\u00e1\u0161 obchod a p\u0159ineste si na sv\u016fj st\u016fl to nejlep\u0161\u00ed ze \u0161pan\u011blsk\u00e9 gastronomie!<\/p>\n","protected":false},"excerpt":{"rendered":"<p>Filet z makrely ji\u017en\u00ed Ubago s olivov\u00fdm olejem - tradi\u010dn\u00ed kvalita a chu\u0165<\/p>\n","protected":false},"featured_media":19742,"template":"","meta":{"_et_pb_use_builder":"","_et_pb_old_content":"","_et_gb_content_width":""},"product_brand":[],"product_cat":[2194,1935],"product_tag":[],"class_list":{"0":"post-19736","1":"product","2":"type-product","3":"status-publish","4":"has-post-thumbnail","6":"product_cat-kategorie-testovani","7":"product_cat-zachovava","9":"first","10":"instock","11":"taxable","12":"shipping-taxable","13":"purchasable","14":"product-type-variable"},"_links":{"self":[{"href":"https:\/\/myspainfood.com\/cs\/wp-json\/wp\/v2\/product\/19736","targetHints":{"allow":["GET"]}}],"collection":[{"href":"https:\/\/myspainfood.com\/cs\/wp-json\/wp\/v2\/product"}],"about":[{"href":"https:\/\/myspainfood.com\/cs\/wp-json\/wp\/v2\/types\/product"}],"wp:featuredmedia":[{"embeddable":true,"href":"https:\/\/myspainfood.com\/cs\/wp-json\/wp\/v2\/media\/19742"}],"wp:attachment":[{"href":"https:\/\/myspainfood.com\/cs\/wp-json\/wp\/v2\/media?parent=19736"}],"wp:term":[{"taxonomy":"product_brand","embeddable":true,"href":"https:\/\/myspainfood.com\/cs\/wp-json\/wp\/v2\/product_brand?post=19736"},{"taxonomy":"product_cat","embeddable":true,"href":"https:\/\/myspainfood.com\/cs\/wp-json\/wp\/v2\/product_cat?post=19736"},{"taxonomy":"product_tag","embeddable":true,"href":"https:\/\/myspainfood.com\/cs\/wp-json\/wp\/v2\/product_tag?post=19736"}],"curies":[{"name":"wp","href":"https:\/\/api.w.org\/{rel}","templated":true}]}}