{"id":19852,"date":"2025-04-10T12:16:17","date_gmt":"2025-04-10T10:16:17","guid":{"rendered":"https:\/\/myspainfood.com\/producto\/uzeny-norsky-losos-port-faroe-600-g\/"},"modified":"2026-01-30T14:33:51","modified_gmt":"2026-01-30T13:33:51","slug":"uzeny-norsky-losos-port-faroe-600-g","status":"publish","type":"product","link":"https:\/\/myspainfood.com\/cs\/producto\/uzeny-norsky-losos-port-faroe-600-g\/","title":{"rendered":"Uzen\u00fd norsk\u00fd losos - Port Faroe - 600 g"},"content":{"rendered":"<h3><strong>Uzen\u00fd norsk\u00fd losos - Port Faroe - 600 g<\/strong><\/h3>\n<p><strong>  Nyn\u00ed si m\u016f\u017eete vychutnat \u010derstvost a kvalitu prvot\u0159\u00eddn\u00edho lososa.<\/strong><\/p>\n<p><strong>Uzen\u00fd norsk\u00fd losos - Port Faroe<\/strong> je kombinac\u00ed tradice a chuti, ide\u00e1ln\u00ed pro gurm\u00e1nsk\u00e9 recepty. Poch\u00e1z\u00ed z k\u0159i\u0161\u0165\u00e1lov\u011b \u010dist\u00fdch vod a nab\u00edz\u00ed jemnou a vyv\u00e1\u017eenou uzenou chu\u0165. <\/p>\n<h4><strong>Hlavn\u00ed v\u00fdhody:<\/strong><\/h4>\n<ul>\n<li><strong>Certifikovan\u00fd p\u016fvod<\/strong>: \u010dist\u00e9 a udr\u017eiteln\u00e9 vody z Norska a Faersk\u00fdch ostrov\u016f.<\/li>\n<li><strong>Bohat\u00e9 na omega-3<\/strong>: ide\u00e1ln\u00ed pro zdravou a vyv\u00e1\u017eenou stravu.<\/li>\n<li><strong>Snadn\u00e9 pou\u017eit\u00ed<\/strong>: P\u0159ipraveno pro va\u0161e sal\u00e1ty, sushi nebo ob\u010derstven\u00ed.<\/li>\n<\/ul>\n<p><strong>M\u00e1te r\u00e1di gurm\u00e1nskou kuchyni? Prozkoumejte tak\u00e9 <a href=\"https:\/\/latiendadesami.com\/\" rel=\"noopener noreferrer nofollow\" target=\"_blank\">dal\u0161\u00ed pr\u00e9miov\u00e9 produkty v na\u0161em obchod\u011b<\/a>. <\/strong><\/p>\n","protected":false},"excerpt":{"rendered":"<p>Uzen\u00fd norsk\u00fd losos - Port Faroe - 600 g Nyn\u00ed si m\u016f\u017eete vychutnat \u010derstvost a kvalitu prvot\u0159\u00eddn\u00edho lososa. Uzen\u00fd norsk\u00fd losos - Port Faroe je kombinac\u00ed tradice a chuti, ide\u00e1ln\u00ed pro gurm\u00e1nsk\u00e9 recepty. Poch\u00e1z\u00ed z k\u0159i\u0161\u0165\u00e1lov\u011b \u010dist\u00fdch vod a nab\u00edz\u00ed jemnou a vyv\u00e1\u017eenou uzenou chu\u0165. Hlavn\u00ed v\u00fdhody: Certifikovan\u00fd p\u016fvod: \u010dist\u00e9 a udr\u017eiteln\u00e9 vody z Norska [&hellip;]<\/p>\n","protected":false},"featured_media":19855,"template":"","meta":{"_et_pb_use_builder":"","_et_pb_old_content":"","_et_gb_content_width":""},"product_brand":[],"product_cat":[2194],"product_tag":[],"class_list":{"0":"post-19852","1":"product","2":"type-product","3":"status-publish","4":"has-post-thumbnail","6":"product_cat-kategorie-testovani","8":"first","9":"outofstock","10":"taxable","11":"shipping-taxable","12":"product-type-variable"},"_links":{"self":[{"href":"https:\/\/myspainfood.com\/cs\/wp-json\/wp\/v2\/product\/19852","targetHints":{"allow":["GET"]}}],"collection":[{"href":"https:\/\/myspainfood.com\/cs\/wp-json\/wp\/v2\/product"}],"about":[{"href":"https:\/\/myspainfood.com\/cs\/wp-json\/wp\/v2\/types\/product"}],"wp:featuredmedia":[{"embeddable":true,"href":"https:\/\/myspainfood.com\/cs\/wp-json\/wp\/v2\/media\/19855"}],"wp:attachment":[{"href":"https:\/\/myspainfood.com\/cs\/wp-json\/wp\/v2\/media?parent=19852"}],"wp:term":[{"taxonomy":"product_brand","embeddable":true,"href":"https:\/\/myspainfood.com\/cs\/wp-json\/wp\/v2\/product_brand?post=19852"},{"taxonomy":"product_cat","embeddable":true,"href":"https:\/\/myspainfood.com\/cs\/wp-json\/wp\/v2\/product_cat?post=19852"},{"taxonomy":"product_tag","embeddable":true,"href":"https:\/\/myspainfood.com\/cs\/wp-json\/wp\/v2\/product_tag?post=19852"}],"curies":[{"name":"wp","href":"https:\/\/api.w.org\/{rel}","templated":true}]}}