{"id":19951,"date":"2025-04-10T12:16:17","date_gmt":"2025-04-10T10:16:17","guid":{"rendered":"https:\/\/myspainfood.com\/producto\/polotvrdy-syr-san-isidro-3-kg-priblizne\/"},"modified":"2026-01-30T14:35:05","modified_gmt":"2026-01-30T13:35:05","slug":"polotvrdy-syr-san-isidro-3-kg-priblizne","status":"publish","type":"product","link":"https:\/\/myspainfood.com\/cs\/producto\/polotvrdy-syr-san-isidro-3-kg-priblizne\/","title":{"rendered":"Polotvrd\u00fd s\u00fdr San Isidro - 3 kg (p\u0159ibli\u017en\u011b)"},"content":{"rendered":"<h3><strong>Polotvrd\u00fd s\u00fdr San Isidro - 3 kg<\/strong><\/h3>\n<p><strong>Polotvrd\u00fd s\u00fdr San Isidro<\/strong> 3,4 kg je ide\u00e1ln\u00ed volbou pro milovn\u00edky tradi\u010dn\u00edch s\u00fdr\u016f. D\u00edky vyv\u00e1\u017een\u00e9mu zr\u00e1n\u00ed, kr\u00e9mov\u00e9 konzistenci a jemn\u00e9 chuti s intenzivn\u00edmi t\u00f3ny je ide\u00e1ln\u00ed pro ka\u017edou p\u0159\u00edle\u017eitost. <\/p>\n<h4><strong>Hlavn\u00ed funkce:<\/strong><\/h4>\n<ul>\n<li><strong>Ide\u00e1ln\u00ed<\/strong> hmotnost: 3,4 kg, ur\u010den\u00e1 ke sd\u00edlen\u00ed nebo k u\u017e\u00edv\u00e1n\u00ed na velk\u00fdch akc\u00edch.<\/li>\n<li><strong>\u0158emesln\u00e1 v\u00fdroba<\/strong>: respektov\u00e1n\u00ed m\u00edstn\u00edch s\u00fdra\u0159sk\u00fdch tradic.<\/li>\n<li><strong>Jedine\u010dn\u00e1 chu\u0165<\/strong>: jemn\u00e9 ml\u00e9\u010dn\u00e9 t\u00f3ny s bodem zralosti, kter\u00fd ji odli\u0161uje.<\/li>\n<\/ul>\n<p>Pod\u00e1vejte je s <a href=\"https:\/\/latiendadesami.com\/categoria-producto\/queso-embutido\/\" rel=\"noopener noreferrer nofollow\" target=\"_blank\">na\u0161imi ibersk\u00fdmi uzeninami<\/a> a vytvo\u0159te tak dokonalou s\u00fdrovou tabuli.<\/p>\n","protected":false},"excerpt":{"rendered":"<p>Polotvrd\u00fd s\u00fdr San Isidro - 3 kg Polotvrd\u00fd s\u00fdr San Isidro 3,4 kg je ide\u00e1ln\u00ed volbou pro milovn\u00edky tradi\u010dn\u00edch s\u00fdr\u016f. D\u00edky vyv\u00e1\u017een\u00e9mu zr\u00e1n\u00ed, kr\u00e9mov\u00e9 konzistenci a jemn\u00e9 chuti s intenzivn\u00edmi t\u00f3ny je ide\u00e1ln\u00ed pro ka\u017edou p\u0159\u00edle\u017eitost. Hlavn\u00ed funkce: Ide\u00e1ln\u00ed hmotnost: 3,4 kg, ur\u010den\u00e1 ke sd\u00edlen\u00ed nebo k u\u017e\u00edv\u00e1n\u00ed na velk\u00fdch akc\u00edch. \u0158emesln\u00e1 v\u00fdroba: respektov\u00e1n\u00ed m\u00edstn\u00edch [&hellip;]<\/p>\n","protected":false},"featured_media":19959,"template":"","meta":{"_et_pb_use_builder":"","_et_pb_old_content":"","_et_gb_content_width":""},"product_brand":[],"product_cat":[5743,2298],"product_tag":[],"class_list":{"0":"post-19951","1":"product","2":"type-product","3":"status-publish","4":"has-post-thumbnail","6":"product_cat-lecba-cs","7":"product_cat-syr-a-klobasa-cs","9":"first","10":"instock","11":"taxable","12":"shipping-taxable","13":"purchasable","14":"product-type-variable"},"_links":{"self":[{"href":"https:\/\/myspainfood.com\/cs\/wp-json\/wp\/v2\/product\/19951","targetHints":{"allow":["GET"]}}],"collection":[{"href":"https:\/\/myspainfood.com\/cs\/wp-json\/wp\/v2\/product"}],"about":[{"href":"https:\/\/myspainfood.com\/cs\/wp-json\/wp\/v2\/types\/product"}],"wp:featuredmedia":[{"embeddable":true,"href":"https:\/\/myspainfood.com\/cs\/wp-json\/wp\/v2\/media\/19959"}],"wp:attachment":[{"href":"https:\/\/myspainfood.com\/cs\/wp-json\/wp\/v2\/media?parent=19951"}],"wp:term":[{"taxonomy":"product_brand","embeddable":true,"href":"https:\/\/myspainfood.com\/cs\/wp-json\/wp\/v2\/product_brand?post=19951"},{"taxonomy":"product_cat","embeddable":true,"href":"https:\/\/myspainfood.com\/cs\/wp-json\/wp\/v2\/product_cat?post=19951"},{"taxonomy":"product_tag","embeddable":true,"href":"https:\/\/myspainfood.com\/cs\/wp-json\/wp\/v2\/product_tag?post=19951"}],"curies":[{"name":"wp","href":"https:\/\/api.w.org\/{rel}","templated":true}]}}