{"id":20047,"date":"2025-04-10T12:16:17","date_gmt":"2025-04-10T10:16:17","guid":{"rendered":"https:\/\/myspainfood.com\/producto\/syrovy-ovci-syr-flor-esgueva-1-kg\/"},"modified":"2026-01-30T14:36:31","modified_gmt":"2026-01-30T13:36:31","slug":"syrovy-ovci-syr-flor-esgueva-1-kg","status":"publish","type":"product","link":"https:\/\/myspainfood.com\/cs\/producto\/syrovy-ovci-syr-flor-esgueva-1-kg\/","title":{"rendered":"Syrov\u00fd ov\u010d\u00ed s\u00fdr - Flor Esgueva - 1 kg"},"content":{"rendered":"<h3><strong>Syrov\u00fd ov\u010d\u00ed s\u00fdr - Flor Esgueva - 1 kg<\/strong><\/h3>\n<p><strong>Syrov\u00fd s\u00fdr z ov\u010d\u00edho ml\u00e9ka - Flor Esgueva<\/strong>- je etalonem \u0161pan\u011blsk\u00fdch \u0159emesln\u00fdch s\u00fdr\u016f. Vyr\u00e1b\u00ed se ze syrov\u00e9ho ml\u00e9ka vybran\u00fdch ovc\u00ed a vynik\u00e1 pevnou konzistenc\u00ed, intenzivn\u00ed v\u016fn\u00ed a chut\u00ed, kter\u00e1 kombinuje ml\u00e9\u010dn\u00e9 t\u00f3ny s dokonal\u00fdm n\u00e1dechem zralosti. <\/p>\n<h4><strong>Pro\u010d si vybrat Flor Esgueva<\/strong><\/h4>\n<ul>\n<li><strong>Syrov\u00e9 ov\u010d\u00ed ml\u00e9ko<\/strong>: autentick\u00e1 chu\u0165 a p\u0159\u00edrodn\u00ed vlastnosti z\u016fstaly zachov\u00e1ny.<\/li>\n<li><strong>Tradi\u010dn\u00ed zr\u00e1n\u00ed<\/strong>: Zlep\u0161en\u00e9 zr\u00e1n\u00ed ve sklep\u00edch pro jedine\u010dn\u00fd chu\u0165ov\u00fd profil.<\/li>\n<li><strong>Ide\u00e1ln\u00ed velikost<\/strong>: Ide\u00e1ln\u00ed pro sd\u00edlen\u00ed nebo pou\u017eit\u00ed v r\u016fzn\u00fdch receptech.<\/li>\n<\/ul>\n","protected":false},"excerpt":{"rendered":"<p>Syrov\u00fd ov\u010d\u00ed s\u00fdr - Flor Esgueva - 1 kg Syrov\u00fd s\u00fdr z ov\u010d\u00edho ml\u00e9ka - Flor Esgueva- je etalonem \u0161pan\u011blsk\u00fdch \u0159emesln\u00fdch s\u00fdr\u016f. Vyr\u00e1b\u00ed se ze syrov\u00e9ho ml\u00e9ka vybran\u00fdch ovc\u00ed a vynik\u00e1 pevnou konzistenc\u00ed, intenzivn\u00ed v\u016fn\u00ed a chut\u00ed, kter\u00e1 kombinuje ml\u00e9\u010dn\u00e9 t\u00f3ny s dokonal\u00fdm n\u00e1dechem zralosti. Pro\u010d si vybrat Flor Esgueva Syrov\u00e9 ov\u010d\u00ed ml\u00e9ko: autentick\u00e1 chu\u0165 [&hellip;]<\/p>\n","protected":false},"featured_media":20054,"template":"","meta":{"_et_pb_use_builder":"","_et_pb_old_content":"","_et_gb_content_width":""},"product_brand":[],"product_cat":[2298],"product_tag":[],"class_list":{"0":"post-20047","1":"product","2":"type-product","3":"status-publish","4":"has-post-thumbnail","6":"product_cat-syr-a-klobasa-cs","8":"first","9":"outofstock","10":"taxable","11":"shipping-taxable","12":"product-type-variable"},"_links":{"self":[{"href":"https:\/\/myspainfood.com\/cs\/wp-json\/wp\/v2\/product\/20047","targetHints":{"allow":["GET"]}}],"collection":[{"href":"https:\/\/myspainfood.com\/cs\/wp-json\/wp\/v2\/product"}],"about":[{"href":"https:\/\/myspainfood.com\/cs\/wp-json\/wp\/v2\/types\/product"}],"wp:featuredmedia":[{"embeddable":true,"href":"https:\/\/myspainfood.com\/cs\/wp-json\/wp\/v2\/media\/20054"}],"wp:attachment":[{"href":"https:\/\/myspainfood.com\/cs\/wp-json\/wp\/v2\/media?parent=20047"}],"wp:term":[{"taxonomy":"product_brand","embeddable":true,"href":"https:\/\/myspainfood.com\/cs\/wp-json\/wp\/v2\/product_brand?post=20047"},{"taxonomy":"product_cat","embeddable":true,"href":"https:\/\/myspainfood.com\/cs\/wp-json\/wp\/v2\/product_cat?post=20047"},{"taxonomy":"product_tag","embeddable":true,"href":"https:\/\/myspainfood.com\/cs\/wp-json\/wp\/v2\/product_tag?post=20047"}],"curies":[{"name":"wp","href":"https:\/\/api.w.org\/{rel}","templated":true}]}}