{"id":20121,"date":"2025-04-10T12:10:53","date_gmt":"2025-04-10T10:10:53","guid":{"rendered":"https:\/\/myspainfood.com\/producto\/morske-pochoutky-45-kusu\/"},"modified":"2025-06-24T13:06:39","modified_gmt":"2025-06-24T11:06:39","slug":"morske-pochoutky-45-kusu","status":"publish","type":"product","link":"https:\/\/myspainfood.com\/cs\/producto\/morske-pochoutky-45-kusu\/","title":{"rendered":"Mo\u0159sk\u00e9 pochoutky 45 kus\u016f"},"content":{"rendered":"<p>Olej (85 % slune\u010dnicov\u00fd a 15 % olivov\u00fd), olivy pln\u011bn\u00e9 an\u010dovi\u010dkami, va\u0159en\u00e9 krevety a \u010derven\u00e1 paprika.<\/p>\n","protected":false},"excerpt":{"rendered":"<p>Olej (85 % slune\u010dnicov\u00fd a 15 % olivov\u00fd), olivy pln\u011bn\u00e9 an\u010dovi\u010dkami, va\u0159en\u00e9 krevety a \u010derven\u00e1 paprika.<\/p>\n","protected":false},"featured_media":20123,"template":"","meta":{"_et_pb_use_builder":"","_et_pb_old_content":"","_et_gb_content_width":""},"product_brand":[1277],"product_cat":[2814,1868,1780,1778,1870],"product_tag":[],"class_list":{"0":"post-20121","1":"product","2":"type-product","3":"status-publish","4":"has-post-thumbnail","6":"product_brand-bokeo","7":"product_cat-ancovicky-cs-3","8":"product_cat-cold-cs","9":"product_cat-olivy-cs","10":"product_cat-pickles-cs","11":"product_cat-pintxos-cs","12":"product_shipping_class-preprava-za-studena","14":"first","15":"outofstock","16":"taxable","17":"shipping-taxable","18":"purchasable","19":"product-type-simple"},"_links":{"self":[{"href":"https:\/\/myspainfood.com\/cs\/wp-json\/wp\/v2\/product\/20121","targetHints":{"allow":["GET"]}}],"collection":[{"href":"https:\/\/myspainfood.com\/cs\/wp-json\/wp\/v2\/product"}],"about":[{"href":"https:\/\/myspainfood.com\/cs\/wp-json\/wp\/v2\/types\/product"}],"wp:featuredmedia":[{"embeddable":true,"href":"https:\/\/myspainfood.com\/cs\/wp-json\/wp\/v2\/media\/20123"}],"wp:attachment":[{"href":"https:\/\/myspainfood.com\/cs\/wp-json\/wp\/v2\/media?parent=20121"}],"wp:term":[{"taxonomy":"product_brand","embeddable":true,"href":"https:\/\/myspainfood.com\/cs\/wp-json\/wp\/v2\/product_brand?post=20121"},{"taxonomy":"product_cat","embeddable":true,"href":"https:\/\/myspainfood.com\/cs\/wp-json\/wp\/v2\/product_cat?post=20121"},{"taxonomy":"product_tag","embeddable":true,"href":"https:\/\/myspainfood.com\/cs\/wp-json\/wp\/v2\/product_tag?post=20121"}],"curies":[{"name":"wp","href":"https:\/\/api.w.org\/{rel}","templated":true}]}}