{"id":20326,"date":"2025-04-10T12:10:56","date_gmt":"2025-04-10T10:10:56","guid":{"rendered":"https:\/\/myspainfood.com\/producto\/olive-sabrosita-aguedo-2-kg-ciste-hmotnosti\/"},"modified":"2025-04-10T12:10:56","modified_gmt":"2025-04-10T10:10:56","slug":"olive-sabrosita-aguedo-2-kg-ciste-hmotnosti","status":"publish","type":"product","link":"https:\/\/myspainfood.com\/cs\/producto\/olive-sabrosita-aguedo-2-kg-ciste-hmotnosti\/","title":{"rendered":"Olive Sabrosita Aguedo 2 kg \u010dist\u00e9 hmotnosti"},"content":{"rendered":"<p>Ve spole\u010dnosti ACEITUNAS AGUEDO zaru\u010dujeme dokonalost na\u0161ich v\u00fdrobk\u016f, kter\u00e9 kombinuj\u00ed tradici a nov\u00e9 technologie. Nab\u00edz\u00edme profesionalitu rodinn\u00e9 firmy, kter\u00e1 neust\u00e1le roste a jej\u00edm\u017e jedin\u00fdm c\u00edlem je spokojenost na\u0161ich z\u00e1kazn\u00edk\u016f. <\/p>\n<p>Dohl\u00ed\u017e\u00edme na v\u0161echny v\u00fdrobn\u00ed procesy od za\u010d\u00e1tku a\u017e do konce, jen tak dos\u00e1hneme MAXIM\u00c1LN\u00cdCH v\u00fdrobk\u016f.<\/p>\n","protected":false},"excerpt":{"rendered":"<p>Ve spole\u010dnosti ACEITUNAS AGUEDO zaru\u010dujeme dokonalost na\u0161ich v\u00fdrobk\u016f, kter\u00e9 kombinuj\u00ed tradici a nov\u00e9 technologie. Nab\u00edz\u00edme profesionalitu rodinn\u00e9 firmy, kter\u00e1 neust\u00e1le roste a jej\u00edm\u017e jedin\u00fdm c\u00edlem je spokojenost na\u0161ich z\u00e1kazn\u00edk\u016f. Dohl\u00ed\u017e\u00edme na v\u0161echny v\u00fdrobn\u00ed procesy od za\u010d\u00e1tku a\u017e do konce, jen tak dos\u00e1hneme MAXIM\u00c1LN\u00cdCH v\u00fdrobk\u016f.<\/p>\n","protected":false},"featured_media":20328,"template":"","meta":{"_et_pb_use_builder":"","_et_pb_old_content":"","_et_gb_content_width":""},"product_brand":[1397],"product_cat":[1780,1778],"product_tag":[2038],"class_list":{"0":"post-20326","1":"product","2":"type-product","3":"status-publish","4":"has-post-thumbnail","6":"product_brand-aguedo","7":"product_cat-olivy-cs","8":"product_cat-pickles-cs","9":"product_tag-hermanek","11":"first","12":"outofstock","13":"taxable","14":"shipping-taxable","15":"purchasable","16":"product-type-simple"},"_links":{"self":[{"href":"https:\/\/myspainfood.com\/cs\/wp-json\/wp\/v2\/product\/20326","targetHints":{"allow":["GET"]}}],"collection":[{"href":"https:\/\/myspainfood.com\/cs\/wp-json\/wp\/v2\/product"}],"about":[{"href":"https:\/\/myspainfood.com\/cs\/wp-json\/wp\/v2\/types\/product"}],"wp:featuredmedia":[{"embeddable":true,"href":"https:\/\/myspainfood.com\/cs\/wp-json\/wp\/v2\/media\/20328"}],"wp:attachment":[{"href":"https:\/\/myspainfood.com\/cs\/wp-json\/wp\/v2\/media?parent=20326"}],"wp:term":[{"taxonomy":"product_brand","embeddable":true,"href":"https:\/\/myspainfood.com\/cs\/wp-json\/wp\/v2\/product_brand?post=20326"},{"taxonomy":"product_cat","embeddable":true,"href":"https:\/\/myspainfood.com\/cs\/wp-json\/wp\/v2\/product_cat?post=20326"},{"taxonomy":"product_tag","embeddable":true,"href":"https:\/\/myspainfood.com\/cs\/wp-json\/wp\/v2\/product_tag?post=20326"}],"curies":[{"name":"wp","href":"https:\/\/api.w.org\/{rel}","templated":true}]}}