{"id":20632,"date":"2025-04-10T12:11:04","date_gmt":"2025-04-10T10:11:04","guid":{"rendered":"https:\/\/myspainfood.com\/producto\/iberska-veprova-panenka-iberske-plemeno-fili-cca-500-gramu\/"},"modified":"2025-06-24T13:19:42","modified_gmt":"2025-06-24T11:19:42","slug":"iberska-veprova-panenka-iberske-plemeno-fili-cca-500-gramu","status":"publish","type":"product","link":"https:\/\/myspainfood.com\/cs\/producto\/iberska-veprova-panenka-iberske-plemeno-fili-cca-500-gramu\/","title":{"rendered":"Ibersk\u00e1 vep\u0159ov\u00e1 panenka ibersk\u00e9 plemeno FILI cca 500 gram\u016f."},"content":{"rendered":"<p>Tradi\u010dn\u00ed v\u00fdrobek nejvy\u0161\u0161\u00ed kvality z v\u00fdb\u011bru nejlep\u0161\u00edho libov\u00e9ho masa z Pyrenejsk\u00e9ho poloostrova, p\u0159ipraven\u00fd s p\u0159\u00edrodn\u00edm ko\u0159en\u00edm.<\/p>\n","protected":false},"excerpt":{"rendered":"<p>Tradi\u010dn\u00ed v\u00fdrobek nejvy\u0161\u0161\u00ed kvality z v\u00fdb\u011bru nejlep\u0161\u00edho libov\u00e9ho masa z Pyrenejsk\u00e9ho poloostrova, p\u0159ipraven\u00fd s p\u0159\u00edrodn\u00edm ko\u0159en\u00edm.<\/p>\n","protected":false},"featured_media":20636,"template":"","meta":{"_et_pb_use_builder":"","_et_pb_old_content":"","_et_gb_content_width":""},"product_brand":[],"product_cat":[1868,2299,2298],"product_tag":[],"class_list":{"0":"post-20632","1":"product","2":"type-product","3":"status-publish","4":"has-post-thumbnail","6":"product_cat-cold-cs","7":"product_cat-klobasa-cs","8":"product_cat-syr-a-klobasa-cs","9":"product_shipping_class-preprava-za-studena","11":"first","12":"outofstock","13":"taxable","14":"shipping-taxable","15":"purchasable","16":"product-type-simple"},"_links":{"self":[{"href":"https:\/\/myspainfood.com\/cs\/wp-json\/wp\/v2\/product\/20632","targetHints":{"allow":["GET"]}}],"collection":[{"href":"https:\/\/myspainfood.com\/cs\/wp-json\/wp\/v2\/product"}],"about":[{"href":"https:\/\/myspainfood.com\/cs\/wp-json\/wp\/v2\/types\/product"}],"wp:featuredmedia":[{"embeddable":true,"href":"https:\/\/myspainfood.com\/cs\/wp-json\/wp\/v2\/media\/20636"}],"wp:attachment":[{"href":"https:\/\/myspainfood.com\/cs\/wp-json\/wp\/v2\/media?parent=20632"}],"wp:term":[{"taxonomy":"product_brand","embeddable":true,"href":"https:\/\/myspainfood.com\/cs\/wp-json\/wp\/v2\/product_brand?post=20632"},{"taxonomy":"product_cat","embeddable":true,"href":"https:\/\/myspainfood.com\/cs\/wp-json\/wp\/v2\/product_cat?post=20632"},{"taxonomy":"product_tag","embeddable":true,"href":"https:\/\/myspainfood.com\/cs\/wp-json\/wp\/v2\/product_tag?post=20632"}],"curies":[{"name":"wp","href":"https:\/\/api.w.org\/{rel}","templated":true}]}}