{"id":21338,"date":"2025-04-10T12:10:23","date_gmt":"2025-04-10T10:10:23","guid":{"rendered":"https:\/\/myspainfood.com\/producto\/papriky-piquillo-salat-15-kg\/"},"modified":"2025-04-10T12:10:23","modified_gmt":"2025-04-10T10:10:23","slug":"papriky-piquillo-salat-15-kg","status":"publish","type":"product","link":"https:\/\/myspainfood.com\/cs\/producto\/papriky-piquillo-salat-15-kg\/","title":{"rendered":"Papriky piquillo sal\u00e1t 1,5 kg"},"content":{"rendered":"<p><a href=\"https:\/\/www.alsurvegetales.com\/producto\/id\/35\/pimiento-del-piquillo\" target=\"_blank\" rel=\"noopener noreferrer nofollow\">Alsur\u016fv<\/a> sal\u00e1t z paprik piquillo se p\u0159ipravuje ze sladk\u00fdch konzervovan\u00fdch paprik.<\/p>\n<p>Pep\u0159 je proslul\u00fd svou vysokou kvalitou a velmi zvl\u00e1\u0161tn\u00ed chut\u00ed s n\u00e1dechem pikantnosti.<\/p>\n<p>Vyzna\u010duj\u00ed se tak\u00e9 intenzivn\u00ed \u010dervenou barvou, jedine\u010dnou strukturou, velikost\u00ed a zvl\u00e1\u0161tn\u00edm podlouhl\u00fdm troj\u00faheln\u00edkov\u00fdm tvarem.<\/p>\n<p>Slo\u017een\u00ed: Papriky piquillo, cibule, voda, cukr, s\u016fl, ocet a kyselina citronov\u00e1.<\/p>\n<p>\u010cist\u00e1 hmotnost hrnce je 410 gram\u016f.<\/p>\n<p>Skladujte na chladn\u00e9m a such\u00e9m m\u00edst\u011b. Po otev\u0159en\u00ed p\u0159elijte do nekovov\u00e9 n\u00e1doby, uchov\u00e1vejte v chladni\u010dce a spot\u0159ebujte do 7 dn\u016f. <\/p>\n<p>Alsur je rodinn\u00fd podnik, jeho\u017e hlavn\u00edm hrdinou je podstata j\u00eddla.<\/p>\n<h4>Hlavn\u00ed v\u00fdhody konzervovan\u00fdch potravin<\/h4>\n<ol>\n<li>Zachov\u00e1vaj\u00ed v\u0161echny v\u00fd\u017eivov\u00e9 vlastnosti samotn\u00e9 potraviny. Potraviny si zachov\u00e1vaj\u00ed svou \u010derstvost. <\/li>\n<li>Pou\u017eit\u00e9 potraviny jsou zdrav\u00e9 a d\u00edky vysok\u00e9mu obsahu vitam\u00edn\u016f a b\u00edlkovin vhodn\u00e9 pro optim\u00e1ln\u00ed stravu.<\/li>\n<li>Tyto v\u00fdrobky maj\u00ed del\u0161\u00ed \u017eivotnost (obvykle 2-5 let).<\/li>\n<li>Konzervy se velmi snadno skladuj\u00ed, proto\u017ee jejich obal se snadno nan\u00e1\u0161\u00ed.<\/li>\n<\/ol>\n<p>Pokud si chcete koupit Pep\u0159ov\u00fd sal\u00e1t s tu\u0148\u00e1kem nebo jak\u00fdkoli jin\u00fd druh <a href=\"https:\/\/latiendadesami.com\/categoria-producto\/conservas\/\" rel=\"noopener noreferrer nofollow\" target=\"_blank\">konzervy<\/a>, nev\u00e1hejte se pod\u00edvat do na\u0161eho online katalogu a prohl\u00e9dnout si \u0161irokou nab\u00eddku <a href=\"https:\/\/latiendadesami.com\/categoria-producto\/conservas\/atun-y-bonito\/\" target=\"_blank\" rel=\"noopener noreferrer nofollow\">tu\u0148\u00e1kov\u00fdch konzerv<\/a>.<\/p>\n<p>Napi\u0161te n\u00e1m o dal\u0161\u00ed informace.<\/p>\n","protected":false},"excerpt":{"rendered":"<p>Alsur\u016fv sal\u00e1t z paprik piquillo se p\u0159ipravuje ze sladk\u00fdch konzervovan\u00fdch paprik. Pep\u0159 je proslul\u00fd svou vysokou kvalitou a velmi zvl\u00e1\u0161tn\u00ed chut\u00ed s n\u00e1dechem pikantnosti. Vyzna\u010duj\u00ed se tak\u00e9 intenzivn\u00ed \u010dervenou barvou, jedine\u010dnou strukturou, velikost\u00ed a zvl\u00e1\u0161tn\u00edm podlouhl\u00fdm troj\u00faheln\u00edkov\u00fdm tvarem. Slo\u017een\u00ed: Papriky piquillo, cibule, voda, cukr, s\u016fl, ocet a kyselina citronov\u00e1. \u010cist\u00e1 hmotnost hrnce je 410 gram\u016f. [&hellip;]<\/p>\n","protected":false},"featured_media":21342,"template":"","meta":{"_et_pb_use_builder":"","_et_pb_old_content":"","_et_gb_content_width":""},"product_brand":[1196],"product_cat":[2371,1935,3731],"product_tag":[],"class_list":{"0":"post-21338","1":"product","2":"type-product","3":"status-publish","4":"has-post-thumbnail","6":"product_brand-alsur","7":"product_cat-peppers-cs","8":"product_cat-zachovava","9":"product_cat-zelenina-cs","11":"first","12":"outofstock","13":"taxable","14":"shipping-taxable","15":"purchasable","16":"product-type-simple"},"_links":{"self":[{"href":"https:\/\/myspainfood.com\/cs\/wp-json\/wp\/v2\/product\/21338","targetHints":{"allow":["GET"]}}],"collection":[{"href":"https:\/\/myspainfood.com\/cs\/wp-json\/wp\/v2\/product"}],"about":[{"href":"https:\/\/myspainfood.com\/cs\/wp-json\/wp\/v2\/types\/product"}],"wp:featuredmedia":[{"embeddable":true,"href":"https:\/\/myspainfood.com\/cs\/wp-json\/wp\/v2\/media\/21342"}],"wp:attachment":[{"href":"https:\/\/myspainfood.com\/cs\/wp-json\/wp\/v2\/media?parent=21338"}],"wp:term":[{"taxonomy":"product_brand","embeddable":true,"href":"https:\/\/myspainfood.com\/cs\/wp-json\/wp\/v2\/product_brand?post=21338"},{"taxonomy":"product_cat","embeddable":true,"href":"https:\/\/myspainfood.com\/cs\/wp-json\/wp\/v2\/product_cat?post=21338"},{"taxonomy":"product_tag","embeddable":true,"href":"https:\/\/myspainfood.com\/cs\/wp-json\/wp\/v2\/product_tag?post=21338"}],"curies":[{"name":"wp","href":"https:\/\/api.w.org\/{rel}","templated":true}]}}