{"id":21377,"date":"2025-04-10T12:10:26","date_gmt":"2025-04-10T10:10:26","guid":{"rendered":"https:\/\/myspainfood.com\/producto\/bocaditos-bacalao-salados\/"},"modified":"2025-06-24T13:16:06","modified_gmt":"2025-06-24T11:16:06","slug":"bocaditos-bacalao-salados","status":"publish","type":"product","link":"https:\/\/myspainfood.com\/cs\/producto\/bocaditos-bacalao-salados\/","title":{"rendered":"Bocaditos Bacalao Salados"},"content":{"rendered":"<p style=\"text-align: left\">&#8222;Treska obecn\u00e1 je spole\u010dn\u00fd n\u00e1zev pro n\u011bkolik druh\u016f ryb rodu Gadus, i kdy\u017e n\u011bkter\u00e9 druhy t\u00e9ho\u017e rodu mohou m\u00edt i jin\u00e1 jm\u00e9na. Nejb\u011b\u017en\u011bj\u0161\u00edm druhem je treska atlantsk\u00e1<strong>(Gadus morhua<\/strong> neboli treska obecn\u00e1). Je to jedna z nejzn\u00e1m\u011bj\u0161\u00edch ryb na sv\u011bt\u011b a je cen\u011bna pro svou skv\u011blou chu\u0165.  <\/p>\n<h6 style=\"text-align: left\"><u>NUTRI\u010cN\u00cd HODNOTA<\/u><\/h6>\n<p>Z nutri\u010dn\u00edho hlediska je treska potravina bohat\u00e1 na b\u00edlkoviny s vysokou biologickou hodnotou a stravitelnost\u00ed, s n\u00edzk\u00fdm obsahem tuku a kalori\u00ed. Obsah vody se pohybuje kolem 80 % (v \u010derstv\u00e9 trepce) a je dobr\u00fdm zdrojem vitamin\u016f (p\u0159edev\u0161\u00edm skupiny B) a miner\u00e1ln\u00edch sol\u00ed nezbytn\u00fdch pro organismus. \u010cerstvou nebo odsolenou tresku mohou konzumovat lid\u00e9 s vysok\u00fdm krevn\u00edm tlakem, proto\u017ee m\u00e1 n\u00edzk\u00fd obsah sod\u00edku a je bohat\u00e1 na drasl\u00edk.  <\/p>\n","protected":false},"excerpt":{"rendered":"<p>&#8222;Treska obecn\u00e1 je spole\u010dn\u00fd n\u00e1zev pro n\u011bkolik druh\u016f ryb rodu Gadus, i kdy\u017e n\u011bkter\u00e9 druhy t\u00e9ho\u017e rodu mohou m\u00edt i jin\u00e1 jm\u00e9na. Nejb\u011b\u017en\u011bj\u0161\u00edm druhem je treska atlantsk\u00e1(Gadus morhua neboli treska obecn\u00e1). Je to jedna z nejzn\u00e1m\u011bj\u0161\u00edch ryb na sv\u011bt\u011b a je cen\u011bna pro svou skv\u011blou chu\u0165. NUTRI\u010cN\u00cd HODNOTA Z nutri\u010dn\u00edho hlediska je treska potravina bohat\u00e1 [&hellip;]<\/p>\n","protected":false},"featured_media":21379,"template":"","meta":{"_et_pb_use_builder":"","_et_pb_old_content":"","_et_gb_content_width":""},"product_brand":[1290],"product_cat":[1868,3553],"product_tag":[],"class_list":{"0":"post-21377","1":"product","2":"type-product","3":"status-publish","4":"has-post-thumbnail","6":"product_brand-la-barajilla","7":"product_cat-cold-cs","8":"product_cat-treska-cs","9":"product_shipping_class-preprava-za-studena","11":"first","12":"outofstock","13":"taxable","14":"shipping-taxable","15":"purchasable","16":"product-type-simple"},"_links":{"self":[{"href":"https:\/\/myspainfood.com\/cs\/wp-json\/wp\/v2\/product\/21377","targetHints":{"allow":["GET"]}}],"collection":[{"href":"https:\/\/myspainfood.com\/cs\/wp-json\/wp\/v2\/product"}],"about":[{"href":"https:\/\/myspainfood.com\/cs\/wp-json\/wp\/v2\/types\/product"}],"wp:featuredmedia":[{"embeddable":true,"href":"https:\/\/myspainfood.com\/cs\/wp-json\/wp\/v2\/media\/21379"}],"wp:attachment":[{"href":"https:\/\/myspainfood.com\/cs\/wp-json\/wp\/v2\/media?parent=21377"}],"wp:term":[{"taxonomy":"product_brand","embeddable":true,"href":"https:\/\/myspainfood.com\/cs\/wp-json\/wp\/v2\/product_brand?post=21377"},{"taxonomy":"product_cat","embeddable":true,"href":"https:\/\/myspainfood.com\/cs\/wp-json\/wp\/v2\/product_cat?post=21377"},{"taxonomy":"product_tag","embeddable":true,"href":"https:\/\/myspainfood.com\/cs\/wp-json\/wp\/v2\/product_tag?post=21377"}],"curies":[{"name":"wp","href":"https:\/\/api.w.org\/{rel}","templated":true}]}}