{"id":21722,"date":"2025-04-10T12:10:34","date_gmt":"2025-04-10T10:10:34","guid":{"rendered":"https:\/\/myspainfood.com\/producto\/ibersky-salchichon-extra-fili-500-gramu-salamanca\/"},"modified":"2026-01-29T11:13:43","modified_gmt":"2026-01-29T10:13:43","slug":"ibersky-salchichon-extra-fili-500-gramu-salamanca","status":"publish","type":"product","link":"https:\/\/myspainfood.com\/cs\/producto\/ibersky-salchichon-extra-fili-500-gramu-salamanca\/","title":{"rendered":"Ibersk\u00fd salchich\u00f3n extra Fili 500 gram\u016f Salamanca"},"content":{"rendered":"<p>Tradi\u010dn\u00ed v\u00fdrobek nejvy\u0161\u0161\u00ed kvality z v\u00fdb\u011bru nejlep\u0161\u00edho libov\u00e9ho masa z Pyrenejsk\u00e9ho poloostrova, p\u0159ipraven\u00fd s p\u0159\u00edrodn\u00edm ko\u0159en\u00edm.<\/p>\n","protected":false},"excerpt":{"rendered":"<p>Tradi\u010dn\u00ed v\u00fdrobek nejvy\u0161\u0161\u00ed kvality z v\u00fdb\u011bru nejlep\u0161\u00edho libov\u00e9ho masa z Pyrenejsk\u00e9ho poloostrova, p\u0159ipraven\u00fd s p\u0159\u00edrodn\u00edm ko\u0159en\u00edm.<\/p>\n","protected":false},"featured_media":21732,"template":"","meta":{"_et_pb_use_builder":"","_et_pb_old_content":"","_et_gb_content_width":""},"product_brand":[1388],"product_cat":[1868,2299,2298],"product_tag":[],"class_list":{"0":"post-21722","1":"product","2":"type-product","3":"status-publish","4":"has-post-thumbnail","6":"product_brand-fili","7":"product_cat-cold-cs","8":"product_cat-klobasa-cs","9":"product_cat-syr-a-klobasa-cs","10":"product_shipping_class-preprava-za-studena","12":"first","13":"instock","14":"taxable","15":"shipping-taxable","16":"purchasable","17":"product-type-variable"},"_links":{"self":[{"href":"https:\/\/myspainfood.com\/cs\/wp-json\/wp\/v2\/product\/21722","targetHints":{"allow":["GET"]}}],"collection":[{"href":"https:\/\/myspainfood.com\/cs\/wp-json\/wp\/v2\/product"}],"about":[{"href":"https:\/\/myspainfood.com\/cs\/wp-json\/wp\/v2\/types\/product"}],"wp:featuredmedia":[{"embeddable":true,"href":"https:\/\/myspainfood.com\/cs\/wp-json\/wp\/v2\/media\/21732"}],"wp:attachment":[{"href":"https:\/\/myspainfood.com\/cs\/wp-json\/wp\/v2\/media?parent=21722"}],"wp:term":[{"taxonomy":"product_brand","embeddable":true,"href":"https:\/\/myspainfood.com\/cs\/wp-json\/wp\/v2\/product_brand?post=21722"},{"taxonomy":"product_cat","embeddable":true,"href":"https:\/\/myspainfood.com\/cs\/wp-json\/wp\/v2\/product_cat?post=21722"},{"taxonomy":"product_tag","embeddable":true,"href":"https:\/\/myspainfood.com\/cs\/wp-json\/wp\/v2\/product_tag?post=21722"}],"curies":[{"name":"wp","href":"https:\/\/api.w.org\/{rel}","templated":true}]}}