{"id":21841,"date":"2025-04-10T12:10:34","date_gmt":"2025-04-10T10:10:34","guid":{"rendered":"https:\/\/myspainfood.com\/producto\/sardinilla-25-35-areoso-v-olivovem-oleji-120gr\/"},"modified":"2025-04-10T12:10:34","modified_gmt":"2025-04-10T10:10:34","slug":"sardinilla-25-35-areoso-v-olivovem-oleji-120gr","status":"publish","type":"product","link":"https:\/\/myspainfood.com\/cs\/producto\/sardinilla-25-35-areoso-v-olivovem-oleji-120gr\/","title":{"rendered":"Sardinilla 25\/35 Areoso v olivov\u00e9m oleji 120gr"},"content":{"rendered":"<p>V\u00fdrobek: Sardinky v olivov\u00e9m oleji 25\/35 kus\u016f<\/p>\n<p>Specifikace: Sardinky (Sardina pilchardus) z Galicijsk\u00fdch rias, homogenn\u00ed velikosti, v olivov\u00e9m oleji. Ru\u010dn\u011b vyb\u00edran\u00e9 v ka\u017ed\u00e9 plechovce. <\/p>\n<p>Slo\u017een\u00ed: Sardinky 73 %, olivov\u00fd olej 27 % a s\u016fl.<\/p>\n<p>V\u00fdrobn\u00ed proces: P\u0159esto\u017ee je sardinka ryba, jedn\u00e1 se o n\u00e1ro\u010dn\u00fd produkt, jeho\u017e v\u00fdroba je pom\u011brn\u011b pracn\u00e1. Po p\u0159\u00edchodu do z\u00e1vodu se sardinky pe\u010dliv\u011b zbav\u00ed hlavy a vykuchaj\u00ed, aby se zabr\u00e1nilo jejich rozbit\u00ed a po\u0161kozen\u00ed vzhledu. Pot\u00e9 jsou sardinky ulo\u017eeny na ro\u0161ty, p\u0159ejet\u00e9 a pono\u0159en\u00e9 do soln\u00e9ho n\u00e1levu (voda a s\u016fl), aby z\u00edskaly chu\u0165 a pevnost. Pot\u00e9 se tradi\u010dn\u011b ope\u010dou a ru\u010dn\u011b zabal\u00ed do ka\u017ed\u00e9 konzervy. Po nat\u0159en\u00ed olivov\u00fdm olejem se konzervy uzav\u0159ou a sterilizuj\u00ed, co\u017e je p\u0159\u00edsn\u011b kontrolovan\u00fd proces, kter\u00fd zaru\u010duje zachov\u00e1n\u00ed a kvalitu produktu po dlouh\u00e1 l\u00e9ta bez nutnosti p\u0159id\u00e1vat konzerva\u010dn\u00ed l\u00e1tky nebo um\u011bl\u00e9 p\u0159\u00edsady. Pot\u00e9 jsou konzervy p\u0159ipraveny ke skladov\u00e1n\u00ed a dal\u0161\u00edmu zpracov\u00e1n\u00ed.     <\/p>\n","protected":false},"excerpt":{"rendered":"<p>V\u00fdrobek: Sardinky v olivov\u00e9m oleji 25\/35 kus\u016f Specifikace: Sardinky (Sardina pilchardus) z Galicijsk\u00fdch rias, homogenn\u00ed velikosti, v olivov\u00e9m oleji. Ru\u010dn\u011b vyb\u00edran\u00e9 v ka\u017ed\u00e9 plechovce. Slo\u017een\u00ed: Sardinky 73 %, olivov\u00fd olej 27 % a s\u016fl. V\u00fdrobn\u00ed proces: P\u0159esto\u017ee je sardinka ryba, jedn\u00e1 se o n\u00e1ro\u010dn\u00fd produkt, jeho\u017e v\u00fdroba je pom\u011brn\u011b pracn\u00e1. Po p\u0159\u00edchodu do z\u00e1vodu se [&hellip;]<\/p>\n","protected":false},"featured_media":21845,"template":"","meta":{"_et_pb_use_builder":"","_et_pb_old_content":"","_et_gb_content_width":""},"product_brand":[1358],"product_cat":[3796,1935],"product_tag":[],"class_list":{"0":"post-21841","1":"product","2":"type-product","3":"status-publish","4":"has-post-thumbnail","6":"product_brand-areoso","7":"product_cat-sardinillas-cs","8":"product_cat-zachovava","10":"first","11":"outofstock","12":"taxable","13":"shipping-taxable","14":"product-type-variable"},"_links":{"self":[{"href":"https:\/\/myspainfood.com\/cs\/wp-json\/wp\/v2\/product\/21841","targetHints":{"allow":["GET"]}}],"collection":[{"href":"https:\/\/myspainfood.com\/cs\/wp-json\/wp\/v2\/product"}],"about":[{"href":"https:\/\/myspainfood.com\/cs\/wp-json\/wp\/v2\/types\/product"}],"wp:featuredmedia":[{"embeddable":true,"href":"https:\/\/myspainfood.com\/cs\/wp-json\/wp\/v2\/media\/21845"}],"wp:attachment":[{"href":"https:\/\/myspainfood.com\/cs\/wp-json\/wp\/v2\/media?parent=21841"}],"wp:term":[{"taxonomy":"product_brand","embeddable":true,"href":"https:\/\/myspainfood.com\/cs\/wp-json\/wp\/v2\/product_brand?post=21841"},{"taxonomy":"product_cat","embeddable":true,"href":"https:\/\/myspainfood.com\/cs\/wp-json\/wp\/v2\/product_cat?post=21841"},{"taxonomy":"product_tag","embeddable":true,"href":"https:\/\/myspainfood.com\/cs\/wp-json\/wp\/v2\/product_tag?post=21841"}],"curies":[{"name":"wp","href":"https:\/\/api.w.org\/{rel}","templated":true}]}}