{"id":22665,"date":"2025-04-10T12:05:09","date_gmt":"2025-04-10T10:05:09","guid":{"rendered":"https:\/\/myspainfood.com\/producto\/kimbos-gordal-olivy-gordal-a-okurky-900-gr-chicon\/"},"modified":"2025-04-10T12:05:09","modified_gmt":"2025-04-10T10:05:09","slug":"kimbos-gordal-olivy-gordal-a-okurky-900-gr-chicon","status":"publish","type":"product","link":"https:\/\/myspainfood.com\/cs\/producto\/kimbos-gordal-olivy-gordal-a-okurky-900-gr-chicon\/","title":{"rendered":"Kimbos Gordal - olivy gordal a okurky 900 gr Chicon"},"content":{"rendered":"<h3>Pro\u010d pou\u017e\u00edvat olivy Kimbos Gordal pln\u011bn\u00e9 okurkou?<\/h3>\n<p>Kimbos Gordal je varianta jedn\u00e9 z nejobl\u00edben\u011bj\u0161\u00edch pln\u011bn\u00fdch oliv ve \u0160pan\u011blsku i v zahrani\u010d\u00ed.<\/p>\n<p>Jednou z jej\u00edch zvl\u00e1\u0161tnost\u00ed je velikost, proto\u017ee je obvykle v\u011bt\u0161\u00ed ne\u017e ostatn\u00ed odr\u016fdy.<\/p>\n<p>D\u00edky tomu je ide\u00e1ln\u00ed pro serv\u00edrov\u00e1n\u00ed na st\u016fl s r\u016fzn\u00fdmi druhy potravin, jako jsou nap\u0159\u00edklad an\u010dovi\u010dky, okurky nebo papriky.<\/p>\n<p>N\u00e1zev &#8222;Aceituna Gordal&#8220; je d\u00e1n jej\u00ed velikost\u00ed.<\/p>\n<p>D\u00e1 se \u0159\u00edci, \u017ee je pom\u011brn\u011b atraktivn\u00ed a poutav\u00fd.<\/p>\n<p>A\u010dkoli poch\u00e1z\u00ed z <a href=\"https:\/\/aceitunaschiconlebron.com\/catalogo\/aceituna-gordal-rellena-de-pepinillo\/\" target=\"_blank\" rel=\"noopener noreferrer nofollow\">Andalusie<\/a>, konzumace oliv Gordal pln\u011bn\u00fdch okurkami se roz\u0161\u00ed\u0159ila do Spojen\u00fdch st\u00e1t\u016f, kde se nejv\u00edce roz\u0161\u00ed\u0159ila mimo \u0160pan\u011blsko.<\/p>\n<p>Pokud si chcete koupit olivy nebo jak\u00fdkoli jin\u00fd druh <a href=\"https:\/\/latiendadesami.com\/categoria-producto\/encurtidos\/\" rel=\"noopener noreferrer nofollow\" target=\"_blank\">nakl\u00e1dan\u00fdch potravin<\/a>, nev\u00e1hejte se pod\u00edvat do na\u0161eho online katalogu a prohl\u00e9dnout si \u0161irokou nab\u00eddku <a href=\"https:\/\/latiendadesami.com\/categoria-producto\/encurtidos\/aceitunas\/\" target=\"_blank\" rel=\"noopener noreferrer nofollow\">oliv<\/a>.<\/p>\n","protected":false},"excerpt":{"rendered":"<p>Pro\u010d pou\u017e\u00edvat olivy Kimbos Gordal pln\u011bn\u00e9 okurkou? Kimbos Gordal je varianta jedn\u00e9 z nejobl\u00edben\u011bj\u0161\u00edch pln\u011bn\u00fdch oliv ve \u0160pan\u011blsku i v zahrani\u010d\u00ed. Jednou z jej\u00edch zvl\u00e1\u0161tnost\u00ed je velikost, proto\u017ee je obvykle v\u011bt\u0161\u00ed ne\u017e ostatn\u00ed odr\u016fdy. D\u00edky tomu je ide\u00e1ln\u00ed pro serv\u00edrov\u00e1n\u00ed na st\u016fl s r\u016fzn\u00fdmi druhy potravin, jako jsou nap\u0159\u00edklad an\u010dovi\u010dky, okurky nebo papriky. N\u00e1zev &#8222;Aceituna [&hellip;]<\/p>\n","protected":false},"featured_media":4839,"template":"","meta":{"_et_pb_use_builder":"","_et_pb_old_content":"","_et_gb_content_width":""},"product_brand":[1036],"product_cat":[1780,1778],"product_tag":[4102,1997],"class_list":{"0":"post-22665","1":"product","2":"type-product","3":"status-publish","4":"has-post-thumbnail","6":"product_brand-chicon","7":"product_cat-olivy-cs","8":"product_cat-pickles-cs","9":"product_tag-gordal-cs","10":"product_tag-kimbo-cs","12":"first","13":"instock","14":"taxable","15":"shipping-taxable","16":"purchasable","17":"product-type-variable"},"_links":{"self":[{"href":"https:\/\/myspainfood.com\/cs\/wp-json\/wp\/v2\/product\/22665","targetHints":{"allow":["GET"]}}],"collection":[{"href":"https:\/\/myspainfood.com\/cs\/wp-json\/wp\/v2\/product"}],"about":[{"href":"https:\/\/myspainfood.com\/cs\/wp-json\/wp\/v2\/types\/product"}],"wp:featuredmedia":[{"embeddable":true,"href":"https:\/\/myspainfood.com\/cs\/wp-json\/wp\/v2\/media\/4839"}],"wp:attachment":[{"href":"https:\/\/myspainfood.com\/cs\/wp-json\/wp\/v2\/media?parent=22665"}],"wp:term":[{"taxonomy":"product_brand","embeddable":true,"href":"https:\/\/myspainfood.com\/cs\/wp-json\/wp\/v2\/product_brand?post=22665"},{"taxonomy":"product_cat","embeddable":true,"href":"https:\/\/myspainfood.com\/cs\/wp-json\/wp\/v2\/product_cat?post=22665"},{"taxonomy":"product_tag","embeddable":true,"href":"https:\/\/myspainfood.com\/cs\/wp-json\/wp\/v2\/product_tag?post=22665"}],"curies":[{"name":"wp","href":"https:\/\/api.w.org\/{rel}","templated":true}]}}