{"id":22853,"date":"2025-04-10T12:05:09","date_gmt":"2025-04-10T10:05:09","guid":{"rendered":"https:\/\/myspainfood.com\/producto\/partida-de-la-abuela-900-gr-chicon\/"},"modified":"2026-01-29T11:29:49","modified_gmt":"2026-01-29T10:29:49","slug":"partida-de-la-abuela-900-gr-chicon","status":"publish","type":"product","link":"https:\/\/myspainfood.com\/cs\/producto\/partida-de-la-abuela-900-gr-chicon\/","title":{"rendered":"Partida de la Abuela 900 gr Chicon"},"content":{"rendered":"<p>V\u00fdhody rozd\u011blen\u00fdch oliv Chicon Babi\u010dka<\/p>\n<p>P\u0159\u00ednos\u016f babi\u010d\u010din\u00fdch praskan\u00fdch oliv je cel\u00e1 \u0159ada a krom\u011b vynikaj\u00edc\u00ed chuti jsou jejich vlastnosti tak\u00e9 velmi prosp\u011b\u0161n\u00e9 pro zdrav\u00ed.<\/p>\n<p>Sni\u017euj\u00ed hladinu cholesterolu. D\u00edky kyselin\u011b olejov\u00e9 pom\u00e1haj\u00ed babi\u010d\u010diny rozp\u016flen\u00e9 olivy udr\u017eovat cholesterol na uzd\u011b. <\/p>\n<p>Pom\u00e1haj\u00ed tr\u00e1ven\u00ed. D\u00edky vysok\u00e9mu obsahu vl\u00e1kniny pom\u00e1haj\u00ed olivy odstra\u0148ovat toxiny a celkov\u011b zlep\u0161uj\u00ed tr\u00e1ven\u00ed. <\/p>\n<p>P\u0159\u00edzniv\u00e9 \u00fa\u010dinky na poko\u017eku. Vitam\u00edny A a E prosp\u00edvaj\u00ed pleti a p\u016fsob\u00ed proti jej\u00edmu st\u00e1rnut\u00ed. <\/p>\n<p>Poskytuj\u00ed energii. Maj\u00ed vysok\u00fd obsah \u017eeleza, kter\u00e9 pom\u00e1h\u00e1 syntetizovat karnitin a produkovat energii. <\/p>\n<p>Kupte si olivy z babi\u010d\u010diny party<\/p>\n<p>Babi\u010d\u010diny olivy vynikaj\u00ed sladkou, ale intenzivn\u00ed chut\u00ed a charakteristick\u00fdm ko\u0159en\u00edm, kter\u00e9 se vyr\u00e1b\u00ed z p\u0159\u00edrodn\u00edho ko\u0159en\u00ed.<\/p>\n<p>Plody olivovn\u00edku se po p\u011btilet\u00e9m uchov\u00e1v\u00e1n\u00ed maceruj\u00ed, dokud nedos\u00e1hnou p\u0159\u00edjemn\u00e9 konzistence na\u0161ich <a href=\"https:\/\/latiendadesami.com\/categoria-producto\/encurtidos\/\" target=\"_blank\" rel=\"noopener noreferrer nofollow\">&#8222;Encurtidos Aceitunas de la Abuela&#8220; (Babi\u010d\u010diny nakl\u00e1dan\u00e9<\/a> olivy).<\/p>\n<p>Tyto cel\u00e9 olivy s pevnou du\u017einou, lehce drcen\u00e9 a <a href=\"https:\/\/es.wikipedia.org\/wiki\/Aceitunas_ali%C3%B1adas\" target=\"_blank\" rel=\"noopener noreferrer nofollow\">ochucen\u00e9<\/a> podle babi\u010d\u010dina receptu, jsou v\u00fdsledkem dlouh\u00e9 rodinn\u00e9 tradice, p\u016fvodem z Antequery v Malaze.<\/p>\n","protected":false},"excerpt":{"rendered":"<p>V\u00fdhody rozd\u011blen\u00fdch oliv Chicon Babi\u010dka P\u0159\u00ednos\u016f babi\u010d\u010din\u00fdch praskan\u00fdch oliv je cel\u00e1 \u0159ada a krom\u011b vynikaj\u00edc\u00ed chuti jsou jejich vlastnosti tak\u00e9 velmi prosp\u011b\u0161n\u00e9 pro zdrav\u00ed. Sni\u017euj\u00ed hladinu cholesterolu. D\u00edky kyselin\u011b olejov\u00e9 pom\u00e1haj\u00ed babi\u010d\u010diny rozp\u016flen\u00e9 olivy udr\u017eovat cholesterol na uzd\u011b. Pom\u00e1haj\u00ed tr\u00e1ven\u00ed. D\u00edky vysok\u00e9mu obsahu vl\u00e1kniny pom\u00e1haj\u00ed olivy odstra\u0148ovat toxiny a celkov\u011b zlep\u0161uj\u00ed tr\u00e1ven\u00ed. P\u0159\u00edzniv\u00e9 \u00fa\u010dinky na [&hellip;]<\/p>\n","protected":false},"featured_media":22861,"template":"","meta":{"_et_pb_use_builder":"","_et_pb_old_content":"","_et_gb_content_width":""},"product_brand":[1036],"product_cat":[1780,1778],"product_tag":[1782,1783],"class_list":{"0":"post-22853","1":"product","2":"type-product","3":"status-publish","4":"has-post-thumbnail","6":"product_brand-chicon","7":"product_cat-olivy-cs","8":"product_cat-pickles-cs","9":"product_tag-babicka-cs","10":"product_tag-polozka-cs","12":"first","13":"instock","14":"featured","15":"taxable","16":"shipping-taxable","17":"purchasable","18":"product-type-variable"},"_links":{"self":[{"href":"https:\/\/myspainfood.com\/cs\/wp-json\/wp\/v2\/product\/22853","targetHints":{"allow":["GET"]}}],"collection":[{"href":"https:\/\/myspainfood.com\/cs\/wp-json\/wp\/v2\/product"}],"about":[{"href":"https:\/\/myspainfood.com\/cs\/wp-json\/wp\/v2\/types\/product"}],"wp:featuredmedia":[{"embeddable":true,"href":"https:\/\/myspainfood.com\/cs\/wp-json\/wp\/v2\/media\/22861"}],"wp:attachment":[{"href":"https:\/\/myspainfood.com\/cs\/wp-json\/wp\/v2\/media?parent=22853"}],"wp:term":[{"taxonomy":"product_brand","embeddable":true,"href":"https:\/\/myspainfood.com\/cs\/wp-json\/wp\/v2\/product_brand?post=22853"},{"taxonomy":"product_cat","embeddable":true,"href":"https:\/\/myspainfood.com\/cs\/wp-json\/wp\/v2\/product_cat?post=22853"},{"taxonomy":"product_tag","embeddable":true,"href":"https:\/\/myspainfood.com\/cs\/wp-json\/wp\/v2\/product_tag?post=22853"}],"curies":[{"name":"wp","href":"https:\/\/api.w.org\/{rel}","templated":true}]}}