{"id":23187,"date":"2025-04-10T12:05:47","date_gmt":"2025-04-10T10:05:47","guid":{"rendered":"https:\/\/myspainfood.com\/producto\/okurka-225-kg-ciste-hmotnosti\/"},"modified":"2025-05-08T20:42:49","modified_gmt":"2025-05-08T18:42:49","slug":"okurka-225-kg-ciste-hmotnosti","status":"publish","type":"product","link":"https:\/\/myspainfood.com\/cs\/producto\/okurka-225-kg-ciste-hmotnosti\/","title":{"rendered":"Okurka 2,25 Kg \u010dist\u00e9 hmotnosti"},"content":{"rendered":"<p>Hmotnost okurky 2,25 kg netto - Pouze s okurkami Voda a s\u016fl - z\u00edsk\u00e1te jednu z nejchutn\u011bj\u0161\u00edch <a href=\"https:\/\/www.google.com\/search?q=pepinillos+gordos&amp;tbm=isch&amp;ved=2ahUKEwj6xNCv8-_1AhWXiP0HHcNGC0QQ2-cCegQIABAA&amp;oq=pepinillos+gordos&amp;gs_lcp=CgNpbWcQA1DZFVjlJ2DcK2gAcAB4AIABYYgB4wqSAQIxOJgBAKABAaoBC2d3cy13aXotaW1nwAEB&amp;sclient=img&amp;ei=WUYCYrq0IpeR9u8Pw42toAQ&amp;bih=780&amp;biw=1577\" target=\"_blank\" rel=\"noopener noreferrer nofollow\">sva\u010dinek<\/a> v\u016fbec.<\/p>\n<p>Sm\u011bs chut\u00ed, kter\u00e9 ingredience poskytuj\u00ed, spolu s p\u0159\u00edm\u011bs\u00ed octa mu dod\u00e1vaj\u00ed zvl\u00e1\u0161tn\u00ed chu\u0165, kter\u00e1 je velmi p\u0159\u00edjemn\u00e1 pro chu\u0165ov\u00e9 bu\u0148ky.<\/p>\n<p>Okurky jsou sva\u010dinou, kter\u00e1 posiluje imunitn\u00ed syst\u00e9m, co\u017e znamen\u00e1, \u017ee podporuj\u00ed obranyschopnost organismu a celkov\u00e9 zdrav\u00ed.<\/p>\n<h3><strong>V\u00fdhody hmotnosti okurky 2,25 kg \u010dist\u00e9 hmotnosti<\/strong><\/h3>\n<p>V\u011bd\u011bli jste o prosp\u011b\u0161nosti nakl\u00e1dan\u00e9 zeleniny obecn\u011b? Zde je seznam t\u011bch nejd\u016fle\u017eit\u011bj\u0161\u00edch: <\/p>\n<ul>\n<li>Bohat\u00e9 na probiotika.<\/li>\n<li>Napom\u00e1haj\u00ed tr\u00e1ven\u00ed.<\/li>\n<li>Posiluj\u00ed imunitn\u00ed syst\u00e9m.<\/li>\n<li>Sni\u017euj\u00ed chu\u0165 na cukr.<\/li>\n<li>P\u0159\u00edzniv\u00e9 pro \u017elu\u010dn\u00edk.<\/li>\n<\/ul>\n<p>Pokud si chcete koupit olivy nebo jak\u00fdkoli jin\u00fd druh <a href=\"https:\/\/latiendadesami.com\/categoria-producto\/encurtidos\/\" rel=\"noopener noreferrer nofollow\" target=\"_blank\">nakl\u00e1dan\u00e9 zeleniny<\/a>, nev\u00e1hejte se pod\u00edvat do na\u0161eho online katalogu a prohl\u00e9dnout si \u0161irokou nab\u00eddku <a href=\"https:\/\/latiendadesami.com\/categoria-producto\/encurtidos\/pepinillos\/\" target=\"_blank\" rel=\"noopener noreferrer nofollow\">nakl\u00e1dan\u00e9 zeleniny<\/a>.<\/p>\n","protected":false},"excerpt":{"rendered":"<p>Hmotnost okurky 2,25 kg netto - Pouze s okurkami Voda a s\u016fl - z\u00edsk\u00e1te jednu z nejchutn\u011bj\u0161\u00edch sva\u010dinek v\u016fbec. Sm\u011bs chut\u00ed, kter\u00e9 ingredience poskytuj\u00ed, spolu s p\u0159\u00edm\u011bs\u00ed octa mu dod\u00e1vaj\u00ed zvl\u00e1\u0161tn\u00ed chu\u0165, kter\u00e1 je velmi p\u0159\u00edjemn\u00e1 pro chu\u0165ov\u00e9 bu\u0148ky. Okurky jsou sva\u010dinou, kter\u00e1 posiluje imunitn\u00ed syst\u00e9m, co\u017e znamen\u00e1, \u017ee podporuj\u00ed obranyschopnost organismu a celkov\u00e9 zdrav\u00ed. [&hellip;]<\/p>\n","protected":false},"featured_media":23193,"template":"","meta":{"_et_pb_use_builder":"","_et_pb_old_content":"","_et_gb_content_width":""},"product_brand":[],"product_cat":[1994,1778],"product_tag":[2018],"class_list":{"0":"post-23187","1":"product","2":"type-product","3":"status-publish","4":"has-post-thumbnail","6":"product_cat-okurky","7":"product_cat-pickles-cs","8":"product_tag-gherkin-cs","10":"first","11":"instock","12":"taxable","13":"shipping-taxable","14":"purchasable","15":"product-type-simple"},"_links":{"self":[{"href":"https:\/\/myspainfood.com\/cs\/wp-json\/wp\/v2\/product\/23187","targetHints":{"allow":["GET"]}}],"collection":[{"href":"https:\/\/myspainfood.com\/cs\/wp-json\/wp\/v2\/product"}],"about":[{"href":"https:\/\/myspainfood.com\/cs\/wp-json\/wp\/v2\/types\/product"}],"wp:featuredmedia":[{"embeddable":true,"href":"https:\/\/myspainfood.com\/cs\/wp-json\/wp\/v2\/media\/23193"}],"wp:attachment":[{"href":"https:\/\/myspainfood.com\/cs\/wp-json\/wp\/v2\/media?parent=23187"}],"wp:term":[{"taxonomy":"product_brand","embeddable":true,"href":"https:\/\/myspainfood.com\/cs\/wp-json\/wp\/v2\/product_brand?post=23187"},{"taxonomy":"product_cat","embeddable":true,"href":"https:\/\/myspainfood.com\/cs\/wp-json\/wp\/v2\/product_cat?post=23187"},{"taxonomy":"product_tag","embeddable":true,"href":"https:\/\/myspainfood.com\/cs\/wp-json\/wp\/v2\/product_tag?post=23187"}],"curies":[{"name":"wp","href":"https:\/\/api.w.org\/{rel}","templated":true}]}}