{"id":25201,"date":"2025-04-10T12:05:46","date_gmt":"2025-04-10T10:05:46","guid":{"rendered":"https:\/\/myspainfood.com\/producto\/okurky-plnene-ancovickami-2-kg-ne\/"},"modified":"2025-06-25T12:23:08","modified_gmt":"2025-06-25T10:23:08","slug":"okurky-plnene-ancovickami-2-kg-ne","status":"publish","type":"product","link":"https:\/\/myspainfood.com\/cs\/producto\/okurky-plnene-ancovickami-2-kg-ne\/","title":{"rendered":"Okurky pln\u011bn\u00e9 an\u010dovi\u010dkami 2 kg ne"},"content":{"rendered":"<p>Okurka pln\u011bn\u00e1 an\u010dovi\u010dkami 2 kg - okurka, an\u010dovi\u010dky, cibule, olivy, pep\u0159, s\u016fl. Vychutnejte si jako <a href=\"https:\/\/www.google.com\/search?q=pepinillos+rellenos+de+anchoa&amp;sxsrf=APq-WBt_i-Tka1Uv3POveVZqwLAkAbPIVg:1644316240904&amp;source=lnms&amp;tbm=isch&amp;sa=X&amp;ved=2ahUKEwj7or-r8-_1AhXO57sIHTYYAU0Q_AUoAXoECAEQAw&amp;biw=1577&amp;bih=780&amp;dpr=1\" target=\"_blank\" rel=\"noopener noreferrer nofollow\">p\u0159edkrm<\/a>. <\/p>\n<p>Sm\u011bs chut\u00ed, kter\u00e9 ingredience poskytuj\u00ed, spolu s p\u0159\u00edm\u011bs\u00ed octa mu dod\u00e1vaj\u00ed zvl\u00e1\u0161tn\u00ed chu\u0165, kter\u00e1 je velmi p\u0159\u00edjemn\u00e1 pro chu\u0165ov\u00e9 bu\u0148ky.<\/p>\n<p>Okurky jsou sva\u010dinou, kter\u00e1 posiluje imunitn\u00ed syst\u00e9m, co\u017e znamen\u00e1, \u017ee podporuj\u00ed obranyschopnost organismu a celkov\u00e9 zdrav\u00ed.<\/p>\n<h3><strong>V\u00fdhody okurky pln\u011bn\u00e9 an\u010dovi\u010dkami 2kg<\/strong><\/h3>\n<p>V\u011bd\u011bli jste o prosp\u011b\u0161nosti nakl\u00e1dan\u00e9 zeleniny obecn\u011b? Zde je seznam t\u011bch nejd\u016fle\u017eit\u011bj\u0161\u00edch: <\/p>\n<ul>\n<li>Bohat\u00e9 na probiotika.<\/li>\n<li>Napom\u00e1haj\u00ed tr\u00e1ven\u00ed.<\/li>\n<li>Posiluj\u00ed imunitn\u00ed syst\u00e9m.<\/li>\n<li>Sni\u017euj\u00ed chu\u0165 na cukr.<\/li>\n<li>P\u0159\u00edzniv\u00e9 pro \u017elu\u010dn\u00edk.<\/li>\n<\/ul>\n<p>Pokud si chcete koupit olivy nebo jak\u00fdkoli jin\u00fd druh <a href=\"https:\/\/latiendadesami.com\/categoria-producto\/encurtidos\/\" rel=\"noopener noreferrer nofollow\" target=\"_blank\">nakl\u00e1dan\u00e9 zeleniny<\/a>, nev\u00e1hejte se pod\u00edvat do na\u0161eho online katalogu a prohl\u00e9dnout si \u0161irokou nab\u00eddku <a href=\"https:\/\/latiendadesami.com\/categoria-producto\/encurtidos\/pepinillos\/\" target=\"_blank\" rel=\"noopener noreferrer nofollow\">nakl\u00e1dan\u00e9 zeleniny<\/a>.<\/p>\n","protected":false},"excerpt":{"rendered":"<p>Okurka pln\u011bn\u00e1 an\u010dovi\u010dkami 2 kg - okurka, an\u010dovi\u010dky, cibule, olivy, pep\u0159, s\u016fl. Vychutnejte si jako p\u0159edkrm. Sm\u011bs chut\u00ed, kter\u00e9 ingredience poskytuj\u00ed, spolu s p\u0159\u00edm\u011bs\u00ed octa mu dod\u00e1vaj\u00ed zvl\u00e1\u0161tn\u00ed chu\u0165, kter\u00e1 je velmi p\u0159\u00edjemn\u00e1 pro chu\u0165ov\u00e9 bu\u0148ky. Okurky jsou sva\u010dinou, kter\u00e1 posiluje imunitn\u00ed syst\u00e9m, co\u017e znamen\u00e1, \u017ee podporuj\u00ed obranyschopnost organismu a celkov\u00e9 zdrav\u00ed. V\u00fdhody okurky pln\u011bn\u00e9 [&hellip;]<\/p>\n","protected":false},"featured_media":25203,"template":"","meta":{"_et_pb_use_builder":"","_et_pb_old_content":"","_et_gb_content_width":""},"product_brand":[1069],"product_cat":[1868,1994,1778],"product_tag":[5075,2018],"class_list":{"0":"post-25201","1":"product","2":"type-product","3":"status-publish","4":"has-post-thumbnail","6":"product_brand-sangar","7":"product_cat-cold-cs","8":"product_cat-okurky","9":"product_cat-pickles-cs","10":"product_tag-ancovicky-cs","11":"product_tag-gherkin-cs","12":"product_shipping_class-preprava-za-studena","14":"first","15":"instock","16":"taxable","17":"shipping-taxable","18":"purchasable","19":"product-type-simple"},"_links":{"self":[{"href":"https:\/\/myspainfood.com\/cs\/wp-json\/wp\/v2\/product\/25201","targetHints":{"allow":["GET"]}}],"collection":[{"href":"https:\/\/myspainfood.com\/cs\/wp-json\/wp\/v2\/product"}],"about":[{"href":"https:\/\/myspainfood.com\/cs\/wp-json\/wp\/v2\/types\/product"}],"wp:featuredmedia":[{"embeddable":true,"href":"https:\/\/myspainfood.com\/cs\/wp-json\/wp\/v2\/media\/25203"}],"wp:attachment":[{"href":"https:\/\/myspainfood.com\/cs\/wp-json\/wp\/v2\/media?parent=25201"}],"wp:term":[{"taxonomy":"product_brand","embeddable":true,"href":"https:\/\/myspainfood.com\/cs\/wp-json\/wp\/v2\/product_brand?post=25201"},{"taxonomy":"product_cat","embeddable":true,"href":"https:\/\/myspainfood.com\/cs\/wp-json\/wp\/v2\/product_cat?post=25201"},{"taxonomy":"product_tag","embeddable":true,"href":"https:\/\/myspainfood.com\/cs\/wp-json\/wp\/v2\/product_tag?post=25201"}],"curies":[{"name":"wp","href":"https:\/\/api.w.org\/{rel}","templated":true}]}}