{"id":25382,"date":"2025-04-10T12:05:46","date_gmt":"2025-04-10T10:05:46","guid":{"rendered":"https:\/\/myspainfood.com\/producto\/bez-kosti-45-kg\/"},"modified":"2025-05-08T20:44:07","modified_gmt":"2025-05-08T18:44:07","slug":"bez-kosti-45-kg","status":"publish","type":"product","link":"https:\/\/myspainfood.com\/cs\/producto\/bez-kosti-45-kg\/","title":{"rendered":"Bez kost\u00ed 4,5 kg"},"content":{"rendered":"<p>Olivy bez pecky 4,5 kg maj\u00ed zelenou barvu a jsou <a href=\"https:\/\/www.google.com\/search?q=aceitunas+deshuesadas&amp;sxsrf=APq-WBvbn4FM7rlwj2SbPE3GYq4nrKA1Ug:1644314369924&amp;source=lnms&amp;tbm=isch&amp;sa=X&amp;ved=2ahUKEwjE56uv7O_1AhWrgf0HHWvsDTUQ_AUoAXoECAEQAw&amp;biw=1577&amp;bih=780&amp;dpr=1\" target=\"_blank\" rel=\"noopener noreferrer nofollow\">bez pecky<\/a>. Zachov\u00e1v\u00e1 si sv\u016fj p\u016fvodn\u00ed tvar. <\/p>\n<p>Je to velmi zdrav\u00fd dopln\u011bk na\u0161\u00ed tradi\u010dn\u00ed v\u00fd\u017eivn\u00e9 st\u0159edomo\u0159sk\u00e9 stravy.<\/p>\n<p>Ve \u0160pan\u011blsku najdeme olivy, okurky, lilek almagro, mrkev, cibuli, velmi tradi\u010dn\u00ed kapary, \u010desnek nebo dokonce jejich sm\u011bs.<\/p>\n<p>\u010casto se pod\u00e1vaj\u00ed jako tapas k pivu (nikoli k v\u00ednu kv\u016fli obsahu octa).<\/p>\n<p>Nakl\u00e1dan\u00e9 okurky se z prastar\u00e9 techniky uchov\u00e1v\u00e1n\u00ed potravin na cel\u00e9m sv\u011bt\u011b staly jedn\u00edm z nejobl\u00edben\u011bj\u0161\u00edch tapas nebo p\u0159edkrm\u016f ve \u0161pan\u011blsk\u00e9 gastronomii.<\/p>\n<h3>V\u00fdhody vypeckovan\u00fdch oliv 4,5 kg<\/h3>\n<p>V\u011bd\u011bli jste, \u017ee tyto olivy maj\u00ed mnohostrann\u00fd p\u0159\u00ednos? Jsou velmi \u00fa\u010dinn\u00e9 v prevenci srde\u010dn\u00edch a ob\u011bhov\u00fdch onemocn\u011bn\u00ed obecn\u011b. <\/p>\n<p>To je zp\u016fsobeno vysok\u00fdm obsahem nenasycen\u00fdch tuk\u016f. Krom\u011b toho obsahuje hodn\u011b \u017eeleza a vl\u00e1kniny a je velmi syt\u00fd, tak\u017ee je ide\u00e1ln\u00ed sva\u010dinou. <\/p>\n<p>Pokud si chcete koupit olivy nebo jak\u00fdkoli jin\u00fd druh <a href=\"https:\/\/latiendadesami.com\/categoria-producto\/encurtidos\/\" rel=\"noopener noreferrer nofollow\" target=\"_blank\">nakl\u00e1dan\u00fdch potravin<\/a>, nev\u00e1hejte se pod\u00edvat do na\u0161eho online katalogu a prohl\u00e9dnout si \u0161irokou nab\u00eddku <a href=\"https:\/\/latiendadesami.com\/categoria-producto\/encurtidos\/aceitunas\/\" target=\"_blank\" rel=\"noopener noreferrer nofollow\">oliv<\/a>.<\/p>\n<p>Pro v\u00edce informac\u00ed o cel\u00e9 na\u0161\u00ed kolekci vzork\u016f n\u00e1m m\u016f\u017eete napsat.<\/p>\n","protected":false},"excerpt":{"rendered":"<p>Olivy bez pecky 4,5 kg maj\u00ed zelenou barvu a jsou bez pecky. Zachov\u00e1v\u00e1 si sv\u016fj p\u016fvodn\u00ed tvar. Je to velmi zdrav\u00fd dopln\u011bk na\u0161\u00ed tradi\u010dn\u00ed v\u00fd\u017eivn\u00e9 st\u0159edomo\u0159sk\u00e9 stravy. Ve \u0160pan\u011blsku najdeme olivy, okurky, lilek almagro, mrkev, cibuli, velmi tradi\u010dn\u00ed kapary, \u010desnek nebo dokonce jejich sm\u011bs. \u010casto se pod\u00e1vaj\u00ed jako tapas k pivu (nikoli k v\u00ednu kv\u016fli [&hellip;]<\/p>\n","protected":false},"featured_media":25390,"template":"","meta":{"_et_pb_use_builder":"","_et_pb_old_content":"","_et_gb_content_width":""},"product_brand":[1069],"product_cat":[1780,1778],"product_tag":[5228],"class_list":{"0":"post-25382","1":"product","2":"type-product","3":"status-publish","4":"has-post-thumbnail","6":"product_brand-sangar","7":"product_cat-olivy-cs","8":"product_cat-pickles-cs","9":"product_tag-bez-kosti-cs","11":"first","12":"outofstock","13":"taxable","14":"shipping-taxable","15":"product-type-variable"},"_links":{"self":[{"href":"https:\/\/myspainfood.com\/cs\/wp-json\/wp\/v2\/product\/25382","targetHints":{"allow":["GET"]}}],"collection":[{"href":"https:\/\/myspainfood.com\/cs\/wp-json\/wp\/v2\/product"}],"about":[{"href":"https:\/\/myspainfood.com\/cs\/wp-json\/wp\/v2\/types\/product"}],"wp:featuredmedia":[{"embeddable":true,"href":"https:\/\/myspainfood.com\/cs\/wp-json\/wp\/v2\/media\/25390"}],"wp:attachment":[{"href":"https:\/\/myspainfood.com\/cs\/wp-json\/wp\/v2\/media?parent=25382"}],"wp:term":[{"taxonomy":"product_brand","embeddable":true,"href":"https:\/\/myspainfood.com\/cs\/wp-json\/wp\/v2\/product_brand?post=25382"},{"taxonomy":"product_cat","embeddable":true,"href":"https:\/\/myspainfood.com\/cs\/wp-json\/wp\/v2\/product_cat?post=25382"},{"taxonomy":"product_tag","embeddable":true,"href":"https:\/\/myspainfood.com\/cs\/wp-json\/wp\/v2\/product_tag?post=25382"}],"curies":[{"name":"wp","href":"https:\/\/api.w.org\/{rel}","templated":true}]}}