{"id":26609,"date":"2025-04-10T12:07:09","date_gmt":"2025-04-10T10:07:09","guid":{"rendered":"https:\/\/myspainfood.com\/producto\/kohouti-serie-oro-20-30-kusu\/"},"modified":"2025-04-10T12:07:09","modified_gmt":"2025-04-10T10:07:09","slug":"kohouti-serie-oro-20-30-kusu","status":"publish","type":"product","link":"https:\/\/myspainfood.com\/cs\/producto\/kohouti-serie-oro-20-30-kusu\/","title":{"rendered":"Kohouti s\u00e9rie ORO 20\/30 kus\u016f"},"content":{"rendered":"<p>\u0158ada <a href=\"https:\/\/conservasarlequin.com\/serie-oro\/\" target=\"_blank\" rel=\"noopener noreferrer nofollow\">Arlequ\u00edn<\/a> Golden Cockles 00 je konzervovan\u00fd produkt vyr\u00e1b\u011bn\u00fd tradi\u010dn\u00edm zp\u016fsobem.<\/p>\n<p><strong>\u010cist\u00e1 hmotnost:<\/strong> 113g\/63g<\/p>\n<p><strong>Doba skladov\u00e1n\u00ed<\/strong>: 4 roky<\/p>\n<p><strong>Ochrana p\u0159\u00edrody:<\/strong> \u017divotn\u00ed prost\u0159ed\u00ed<\/p>\n<p><strong>Po\u010det filet\u016f\/po\u010det kus\u016f:<\/strong> 20\/30<\/p>\n<p>Posl\u00e1n\u00edm spole\u010dnosti Conservas Arlequ\u00edn je nab\u00edzet skv\u011bl\u00fd produkt, nejlep\u0161\u00ed slu\u017eby a \u0161irok\u00fd sortiment ryb\u00edch konzerv za nejlep\u0161\u00ed cenu. Posl\u00e1n\u00edm spole\u010dnosti Conservas <a href=\"https:\/\/latiendadesami.com\/marca\/arlequin\/\" target=\"_blank\" rel=\"noopener noreferrer nofollow\">Arlequ\u00edn<\/a> je nab\u00edzet skv\u011bl\u00fd produkt, nejlep\u0161\u00ed slu\u017eby a \u0161irok\u00fd sortiment ryb\u00edch konzerv za nejlep\u0161\u00ed cenu.<\/p>\n<p>Specializuj\u00ed se tak\u00e9 na an\u010dovi\u010dky, kohouty s\u00e9rie 00 gold, an\u010dovi\u010dky, bonito, tu\u0148\u00e1ka \u017elutoploutv\u00e9ho, mu\u0161le, makrely a sardinky.<\/p>\n<p>Nap\u0159\u00edklad Comidista v den\u00edku El Pa\u00eds o ventresce napsal: &#8222;Je tak jemn\u00e1, t\u00e9m\u011b\u0159 kr\u00e9mov\u00e1, \u017ee m\u00e1 \u010dlov\u011bk chu\u0165 se s n\u00ed o\u017eenit a \u017e\u00edt \u0161\u0165astn\u011b, dokud si ji P\u00e1nb\u016fh nevezme.&#8220;<\/p>\n<h4>Hlavn\u00ed v\u00fdhody konzervovan\u00fdch potravin<\/h4>\n<ol>\n<li>Zachov\u00e1vaj\u00ed v\u0161echny v\u00fd\u017eivov\u00e9 vlastnosti samotn\u00e9 potraviny. Potraviny si zachov\u00e1vaj\u00ed svou \u010derstvost. <\/li>\n<li>Pou\u017eit\u00e9 potraviny jsou zdrav\u00e9 a d\u00edky vysok\u00e9mu obsahu vitam\u00edn\u016f a b\u00edlkovin vhodn\u00e9 pro optim\u00e1ln\u00ed stravu.<\/li>\n<li>Tyto v\u00fdrobky maj\u00ed del\u0161\u00ed \u017eivotnost (obvykle 2-5 let).<\/li>\n<li>Konzervy se velmi snadno skladuj\u00ed, proto\u017ee jejich obal se snadno nan\u00e1\u0161\u00ed.<\/li>\n<\/ol>\n<p>Pokud si chcete koupit tu\u0148\u00e1ka nebo jak\u00fdkoli jin\u00fd druh <a href=\"https:\/\/latiendadesami.com\/categoria-producto\/conservas\/\" rel=\"noopener noreferrer nofollow\" target=\"_blank\">konzervy<\/a>, nev\u00e1hejte se pod\u00edvat do na\u0161eho online katalogu a prohl\u00e9dnout si \u0161irokou nab\u00eddku <a href=\"https:\/\/latiendadesami.com\/categoria-producto\/conservas\/atun-y-bonito\/\" target=\"_blank\" rel=\"noopener noreferrer nofollow\">tu\u0148\u00e1k\u016f<\/a>.<\/p>\n<p>Napi\u0161te n\u00e1m o dal\u0161\u00ed informace.<\/p>\n","protected":false},"excerpt":{"rendered":"<p><strong>Z webu R\u00eda de Noia<\/p>\n<p>Vybran\u00e1 kvalita<\/strong><\/p>\n<p><strong>Po\u010det kus\u016f<\/strong>: 15\/25 kus\u016f<\/p>\n<p><strong>\u010cist\u00e1 hmotnost:<\/strong> 113 g<\/p>\n<p><strong>Hmotnost po vysu\u0161en\u00ed: <\/strong>63 g<\/p>\n<p><strong>Slo\u017een\u00ed: <\/strong><em>(<\/em> E330, E331) a antioxidant (E385).<\/p>\n<p><strong>Alergeny:<\/strong> <em>Obsahuje m\u011bkk\u00fd\u0161e, \u0161v\u00e1by.<\/em><\/p>\n<p>Uchov\u00e1vejte p\u0159i pokojov\u00e9 teplot\u011b.<\/p>\n<p>Po otev\u0159en\u00ed se doporu\u010duje konzumovat vcelku.<\/p>\n","protected":false},"featured_media":26613,"template":"","meta":{"_et_pb_use_builder":"","_et_pb_old_content":"","_et_gb_content_width":""},"product_brand":[1162],"product_cat":[5680,1935],"product_tag":[5634],"class_list":{"0":"post-26609","1":"product","2":"type-product","3":"status-publish","4":"has-post-thumbnail","6":"product_brand-arlequin","7":"product_cat-kohouti","8":"product_cat-zachovava","9":"product_tag-serieoro-cs","11":"first","12":"outofstock","13":"sale","14":"taxable","15":"shipping-taxable","16":"purchasable","17":"product-type-simple"},"_links":{"self":[{"href":"https:\/\/myspainfood.com\/cs\/wp-json\/wp\/v2\/product\/26609","targetHints":{"allow":["GET"]}}],"collection":[{"href":"https:\/\/myspainfood.com\/cs\/wp-json\/wp\/v2\/product"}],"about":[{"href":"https:\/\/myspainfood.com\/cs\/wp-json\/wp\/v2\/types\/product"}],"wp:featuredmedia":[{"embeddable":true,"href":"https:\/\/myspainfood.com\/cs\/wp-json\/wp\/v2\/media\/26613"}],"wp:attachment":[{"href":"https:\/\/myspainfood.com\/cs\/wp-json\/wp\/v2\/media?parent=26609"}],"wp:term":[{"taxonomy":"product_brand","embeddable":true,"href":"https:\/\/myspainfood.com\/cs\/wp-json\/wp\/v2\/product_brand?post=26609"},{"taxonomy":"product_cat","embeddable":true,"href":"https:\/\/myspainfood.com\/cs\/wp-json\/wp\/v2\/product_cat?post=26609"},{"taxonomy":"product_tag","embeddable":true,"href":"https:\/\/myspainfood.com\/cs\/wp-json\/wp\/v2\/product_tag?post=26609"}],"curies":[{"name":"wp","href":"https:\/\/api.w.org\/{rel}","templated":true}]}}