{"id":26839,"date":"2025-04-10T12:07:39","date_gmt":"2025-04-10T10:07:39","guid":{"rendered":"https:\/\/myspainfood.com\/producto\/zrajici-kozi-syr-s-paprikou-cca-320gr\/"},"modified":"2025-06-24T14:10:10","modified_gmt":"2025-06-24T12:10:10","slug":"zrajici-kozi-syr-s-paprikou-cca-320gr","status":"publish","type":"product","link":"https:\/\/myspainfood.com\/cs\/producto\/zrajici-kozi-syr-s-paprikou-cca-320gr\/","title":{"rendered":"Zraj\u00edc\u00ed koz\u00ed s\u00fdr s paprikou cca 320gr"},"content":{"rendered":"<p>Zraj\u00edc\u00ed koz\u00ed s\u00fdr s paprikou cca 320gr vyr\u00e1b\u00ed Queser\u00eda El <a href=\"https:\/\/www.facebook.com\/Queser%C3%ADa-El-Manjar-1564604537177140\/\" target=\"_blank\" rel=\"noopener noreferrer nofollow\">Manjar<\/a>.<\/p>\n<p>Tato s\u00fdr\u00e1rna se nach\u00e1z\u00ed v obci Velada v Toledu, nedaleko m\u011bsta Talavera de la Reina.<\/p>\n<p>Vyr\u00e1b\u00ed se z pasterizovan\u00e9ho ml\u00e9ka a na k\u016f\u0159e je pokryt\u00fd vrstvou papriky, kter\u00e1 mu dod\u00e1v\u00e1 zvl\u00e1\u0161tn\u00ed a nezam\u011bnitelnou chu\u0165.<\/p>\n<p>Krom\u011b v\u00fdroby koz\u00edho s\u00fdra zraj\u00edc\u00edho na paprice zahrnuje katalog v\u00fdrobk\u016f tak\u00e9 \u0159adu dal\u0161\u00edch s\u00fdr\u016f, nap\u0159\u00edklad \u010derstv\u00e9 s\u00fdry.<\/p>\n<p>V\u0161echny v\u00fdrobky jsou vyr\u00e1b\u011bny ru\u010dn\u011b tradi\u010dn\u00edm zp\u016fsobem. P\u0159ibli\u017en\u00e1 hmotnost ka\u017ed\u00e9 porce je 320 gram\u016f. <\/p>\n<p>Tento v\u00fdrobek je t\u0159eba uchov\u00e1vat v chladu od 0\u00ba do 8\u00ba.<\/p>\n<p>Koz\u00ed s\u00fdr, p\u0159esn\u011bji \u0159e\u010deno s\u00fdr z koz\u00edho ml\u00e9ka, se naz\u00fdv\u00e1 ch\u00e8vre (co\u017e je francouzsk\u00fd v\u00fdraz pro koz\u00ed) a ozna\u010duje v\u0161echny s\u00fdry vyroben\u00e9 z koz\u00edho ml\u00e9ka.<\/p>\n<p>Koz\u00ed s\u00fdr se vyr\u00e1b\u00ed ji\u017e tis\u00edce let a pravd\u011bpodobn\u011b byl jedn\u00edm z prvn\u00edch ml\u00e9\u010dn\u00fdch v\u00fdrobk\u016f. V nejjednodu\u0161\u0161\u00ed podob\u011b se koz\u00ed s\u00fdr p\u0159ipravuje tak, \u017ee se syrov\u00e9 ml\u00e9ko nech\u00e1 p\u0159irozen\u011b rozkr\u00e1jet, pot\u00e9 se s\u00fd\u0159enina odced\u00ed a vylisuje. <\/p>\n<p>Pokud si chcete koupit jin\u00e9 s\u00fdry nebo jin\u00e9 druhy <a href=\"https:\/\/latiendadesami.com\/\" rel=\"noopener noreferrer nofollow\" target=\"_blank\">potravin<\/a>, nev\u00e1hejte se pod\u00edvat do na\u0161eho online katalogu, kde najdete \u0161irokou nab\u00eddku produkt\u016f.<\/p>\n<p>Napi\u0161te n\u00e1m o dal\u0161\u00ed informace.<\/p>\n","protected":false},"excerpt":{"rendered":"<p>Zraj\u00edc\u00ed koz\u00ed s\u00fdr s paprikou cca 320gr vyr\u00e1b\u00ed Queser\u00eda El Manjar. Tato s\u00fdr\u00e1rna se nach\u00e1z\u00ed v obci Velada v Toledu, nedaleko m\u011bsta Talavera de la Reina. Vyr\u00e1b\u00ed se z pasterizovan\u00e9ho ml\u00e9ka a na k\u016f\u0159e je pokryt\u00fd vrstvou papriky, kter\u00e1 mu dod\u00e1v\u00e1 zvl\u00e1\u0161tn\u00ed a nezam\u011bnitelnou chu\u0165. Krom\u011b v\u00fdroby koz\u00edho s\u00fdra zraj\u00edc\u00edho na paprice zahrnuje katalog v\u00fdrobk\u016f [&hellip;]<\/p>\n","protected":false},"featured_media":26840,"template":"","meta":{"_et_pb_use_builder":"","_et_pb_old_content":"","_et_gb_content_width":""},"product_brand":[1246],"product_cat":[1868,5743,2298],"product_tag":[],"class_list":{"0":"post-26839","1":"product","2":"type-product","3":"status-publish","4":"has-post-thumbnail","6":"product_brand-el-manjar","7":"product_cat-cold-cs","8":"product_cat-lecba-cs","9":"product_cat-syr-a-klobasa-cs","10":"product_shipping_class-preprava-za-studena","12":"first","13":"instock","14":"taxable","15":"shipping-taxable","16":"purchasable","17":"product-type-simple"},"_links":{"self":[{"href":"https:\/\/myspainfood.com\/cs\/wp-json\/wp\/v2\/product\/26839","targetHints":{"allow":["GET"]}}],"collection":[{"href":"https:\/\/myspainfood.com\/cs\/wp-json\/wp\/v2\/product"}],"about":[{"href":"https:\/\/myspainfood.com\/cs\/wp-json\/wp\/v2\/types\/product"}],"wp:featuredmedia":[{"embeddable":true,"href":"https:\/\/myspainfood.com\/cs\/wp-json\/wp\/v2\/media\/26840"}],"wp:attachment":[{"href":"https:\/\/myspainfood.com\/cs\/wp-json\/wp\/v2\/media?parent=26839"}],"wp:term":[{"taxonomy":"product_brand","embeddable":true,"href":"https:\/\/myspainfood.com\/cs\/wp-json\/wp\/v2\/product_brand?post=26839"},{"taxonomy":"product_cat","embeddable":true,"href":"https:\/\/myspainfood.com\/cs\/wp-json\/wp\/v2\/product_cat?post=26839"},{"taxonomy":"product_tag","embeddable":true,"href":"https:\/\/myspainfood.com\/cs\/wp-json\/wp\/v2\/product_tag?post=26839"}],"curies":[{"name":"wp","href":"https:\/\/api.w.org\/{rel}","templated":true}]}}