{"id":26860,"date":"2025-04-10T12:07:31","date_gmt":"2025-04-10T10:07:31","guid":{"rendered":"https:\/\/myspainfood.com\/producto\/campo-real-olivy-45-kg\/"},"modified":"2025-04-10T12:07:31","modified_gmt":"2025-04-10T10:07:31","slug":"campo-real-olivy-45-kg","status":"publish","type":"product","link":"https:\/\/myspainfood.com\/cs\/producto\/campo-real-olivy-45-kg\/","title":{"rendered":"Campo Real olivy 4,5 kg"},"content":{"rendered":"<p>Jestli je obec Campo Real n\u011b\u010d\u00edm zn\u00e1m\u00e1, pak sv\u00fdmi proslul\u00fdmi olivami Campo Real 4,5 kg.<\/p>\n<p>Odr\u016fdy manzanilla de Campo Real a cacere\u00f1a, jejich\u017e tajemstv\u00ed spo\u010d\u00edv\u00e1 ve stalet\u00fdch olivovn\u00edc\u00edch, z nich\u017e olivy poch\u00e1zej\u00ed, ve zku\u0161enostech p\u011bstitel\u016f a v ko\u0159en\u011bn\u00ed oliv.<\/p>\n<p>Tato <a href=\"https:\/\/www.google.com\/search?q=revuelto+aceitunas+s%C3%A1ngar&amp;sxsrf=APq-WBt1wkTZta0IAEDoueZPBxEuaY8Dtw:1644308614563&amp;source=lnms&amp;tbm=isch&amp;sa=X&amp;ved=2ahUKEwjouvz21u_1AhVV_rsIHacjBd0Q_AUoAXoECAEQAw&amp;biw=1577&amp;bih=780&amp;dpr=1\" target=\"_blank\" rel=\"noopener noreferrer nofollow\">kombinace<\/a> oliv a nakl\u00e1dan\u00fdch okurek umo\u017e\u0148uje vychutnat si nep\u0159ekonatelnou chu\u0165 tapas nebo p\u0159edkrm\u016f.<\/p>\n<p>Je to velmi zdrav\u00fd dopln\u011bk na\u0161\u00ed tradi\u010dn\u00ed v\u00fd\u017eivn\u00e9 st\u0159edomo\u0159sk\u00e9 stravy.<\/p>\n<p>Ve \u0160pan\u011blsku najdeme olivy, okurky, lilek almagro, mrkev, cibuli, velmi tradi\u010dn\u00ed kapary, \u010desnek nebo dokonce jejich sm\u011bs.<\/p>\n<p>\u010casto se pod\u00e1vaj\u00ed jako tapas k pivu (nikoli k v\u00ednu kv\u016fli obsahu octa).<\/p>\n<p>Nakl\u00e1dan\u00e9 okurky se z prastar\u00e9 techniky uchov\u00e1v\u00e1n\u00ed potravin na cel\u00e9m sv\u011bt\u011b staly jedn\u00edm z nejobl\u00edben\u011bj\u0161\u00edch tapas nebo p\u0159edkrm\u016f ve \u0161pan\u011blsk\u00e9 gastronomii.<\/p>\n<h3><strong>V\u00fdhody produktu Campo Real Olive 4,5 kg<\/strong><\/h3>\n<p>V\u011bd\u011bli jste, jak\u00e9 jsou v\u00fdhody Campo Real Olives 4,5 kg a nakl\u00e1dan\u00fdch okurek obecn\u011b? Zde je seznam t\u011bch nejd\u016fle\u017eit\u011bj\u0161\u00edch: <\/p>\n<ul>\n<li>Bohat\u00e9 na probiotika.<\/li>\n<li>Napom\u00e1haj\u00ed tr\u00e1ven\u00ed.<\/li>\n<li>Posiluj\u00ed imunitn\u00ed syst\u00e9m.<\/li>\n<li>Sni\u017euj\u00ed chu\u0165 na cukr.<\/li>\n<li>P\u0159\u00edzniv\u00e9 pro \u017elu\u010dn\u00edk.<\/li>\n<\/ul>\n<p>Pokud si chcete koupit olivy nebo jak\u00fdkoli jin\u00fd druh <a href=\"https:\/\/latiendadesami.com\/categoria-producto\/encurtidos\/\" rel=\"noopener noreferrer nofollow\" target=\"_blank\">nakl\u00e1dan\u00fdch potravin<\/a>, nev\u00e1hejte se pod\u00edvat do na\u0161eho online katalogu a prohl\u00e9dnout si \u0161irokou nab\u00eddku <a href=\"https:\/\/latiendadesami.com\/categoria-producto\/encurtidos\/aceitunas\/\" target=\"_blank\" rel=\"noopener noreferrer nofollow\">oliv<\/a>.<\/p>\n<p>Napi\u0161te n\u00e1m o dal\u0161\u00ed informace.<\/p>\n","protected":false},"excerpt":{"rendered":"<p>Jestli je obec Campo Real n\u011b\u010d\u00edm zn\u00e1m\u00e1, pak sv\u00fdmi proslul\u00fdmi olivami Campo Real 4,5 kg. Odr\u016fdy manzanilla de Campo Real a cacere\u00f1a, jejich\u017e tajemstv\u00ed spo\u010d\u00edv\u00e1 ve stalet\u00fdch olivovn\u00edc\u00edch, z nich\u017e olivy poch\u00e1zej\u00ed, ve zku\u0161enostech p\u011bstitel\u016f a v ko\u0159en\u011bn\u00ed oliv. Tato kombinace oliv a nakl\u00e1dan\u00fdch okurek umo\u017e\u0148uje vychutnat si nep\u0159ekonatelnou chu\u0165 tapas nebo p\u0159edkrm\u016f. Je to [&hellip;]<\/p>\n","protected":false},"featured_media":20447,"template":"","meta":{"_et_pb_use_builder":"","_et_pb_old_content":"","_et_gb_content_width":""},"product_brand":[],"product_cat":[1780,1778],"product_tag":[3142],"class_list":{"0":"post-26860","1":"product","2":"type-product","3":"status-publish","4":"has-post-thumbnail","6":"product_cat-olivy-cs","7":"product_cat-pickles-cs","8":"product_tag-campo-real-cs","10":"first","11":"outofstock","12":"taxable","13":"shipping-taxable","14":"purchasable","15":"product-type-simple"},"_links":{"self":[{"href":"https:\/\/myspainfood.com\/cs\/wp-json\/wp\/v2\/product\/26860","targetHints":{"allow":["GET"]}}],"collection":[{"href":"https:\/\/myspainfood.com\/cs\/wp-json\/wp\/v2\/product"}],"about":[{"href":"https:\/\/myspainfood.com\/cs\/wp-json\/wp\/v2\/types\/product"}],"wp:featuredmedia":[{"embeddable":true,"href":"https:\/\/myspainfood.com\/cs\/wp-json\/wp\/v2\/media\/20447"}],"wp:attachment":[{"href":"https:\/\/myspainfood.com\/cs\/wp-json\/wp\/v2\/media?parent=26860"}],"wp:term":[{"taxonomy":"product_brand","embeddable":true,"href":"https:\/\/myspainfood.com\/cs\/wp-json\/wp\/v2\/product_brand?post=26860"},{"taxonomy":"product_cat","embeddable":true,"href":"https:\/\/myspainfood.com\/cs\/wp-json\/wp\/v2\/product_cat?post=26860"},{"taxonomy":"product_tag","embeddable":true,"href":"https:\/\/myspainfood.com\/cs\/wp-json\/wp\/v2\/product_tag?post=26860"}],"curies":[{"name":"wp","href":"https:\/\/api.w.org\/{rel}","templated":true}]}}