{"id":26940,"date":"2025-04-10T12:07:32","date_gmt":"2025-04-10T10:07:32","guid":{"rendered":"https:\/\/myspainfood.com\/producto\/suseny-syr-ctyri-tycinky-cca-25-kg\/"},"modified":"2025-06-24T13:51:50","modified_gmt":"2025-06-24T11:51:50","slug":"suseny-syr-ctyri-tycinky-cca-25-kg","status":"publish","type":"product","link":"https:\/\/myspainfood.com\/cs\/producto\/suseny-syr-ctyri-tycinky-cca-25-kg\/","title":{"rendered":"Su\u0161en\u00fd s\u00fdr \u010cty\u0159i ty\u010dinky cca 2,5 kg."},"content":{"rendered":"<p>S\u00fdr Cuatro barras se vyr\u00e1b\u00ed z <a href=\"https:\/\/es.wikipedia.org\/wiki\/Queso_de_leche_de_oveja\" target=\"_blank\" rel=\"noopener noreferrer nofollow\">ov\u010d\u00edho ml\u00e9ka<\/a> a zraje p\u0159ibli\u017en\u011b 12 m\u011bs\u00edc\u016f.<\/p>\n<p>Cel\u00fd kus v\u00e1\u017e\u00ed p\u0159ibli\u017en\u011b 2,5 kg.<\/p>\n<p>S\u00fdr vyroben\u00fd z pasterizovan\u00e9ho ov\u010d\u00edho (min. 65 %) a kravsk\u00e9ho ml\u00e9ka, vynikaj\u00edc\u00ed chuti, jeho\u017e pevn\u00e1 struktura podtrhuje intenzivn\u00ed chu\u0165. Vynikaj\u00edc\u00ed s\u00fdr, kter\u00fd v\u00e1s nenech\u00e1 lhostejn\u00fdmi. <\/p>\n<p>Doporu\u010dujeme uchov\u00e1vat na such\u00e9m a chladn\u00e9m m\u00edst\u011b p\u0159i teplot\u011b 4-8 \u00b0C, aby se l\u00e9pe uchovala.<\/p>\n<p>Ovce maj\u00ed pouze dva struky a produkuj\u00ed mnohem men\u0161\u00ed mno\u017estv\u00ed ml\u00e9ka ne\u017e kr\u00e1vy.<\/p>\n<p>Ov\u010d\u00ed ml\u00e9ko v\u0161ak obsahuje mnohem v\u00edce tuku, su\u0161iny a miner\u00e1ln\u00edch l\u00e1tek ne\u017e ml\u00e9ko kravsk\u00e9, a proto je pro v\u00fdrobu s\u00fdr\u016f ide\u00e1ln\u00ed.<\/p>\n<p>D\u00edky mnohem vy\u0161\u0161\u00edmu obsahu v\u00e1pn\u00edku tak\u00e9 l\u00e9pe odol\u00e1v\u00e1 kontaminaci p\u0159i chlazen\u00ed.<\/p>\n<p>A\u010dkoli se ov\u010d\u00ed ml\u00e9ko m\u016f\u017ee p\u00edt \u010derstv\u00e9, dnes se pou\u017e\u00edv\u00e1 hlavn\u011b k v\u00fdrob\u011b s\u00fdr\u016f a jogurt\u016f.<\/p>\n<p>Pokud si chcete koupit Queso Curado Cuatro barras nebo jak\u00fdkoli jin\u00fd druh <a href=\"https:\/\/latiendadesami.com\/categoria-producto\/queso-embutido\/\" rel=\"noopener noreferrer nofollow\" target=\"_blank\">s\u00fdra \u010di uzeniny<\/a>, nev\u00e1hejte se pod\u00edvat do na\u0161eho online katalogu. M\u00e1me nejvy\u0161\u0161\u00ed kvalitu za nejlep\u0161\u00ed cenu.<\/p>\n<p>Napi\u0161te n\u00e1m pro v\u00edce informac\u00ed nebo v p\u0159\u00edpad\u011b dotaz\u016f k tomuto nebo jin\u00e9mu produktu.<\/p>\n","protected":false},"excerpt":{"rendered":"<p>S\u00fdr Cuatro barras se vyr\u00e1b\u00ed z ov\u010d\u00edho ml\u00e9ka a zraje p\u0159ibli\u017en\u011b 12 m\u011bs\u00edc\u016f. Cel\u00fd kus v\u00e1\u017e\u00ed p\u0159ibli\u017en\u011b 2,5 kg. S\u00fdr vyroben\u00fd z pasterizovan\u00e9ho ov\u010d\u00edho (min. 65 %) a kravsk\u00e9ho ml\u00e9ka, vynikaj\u00edc\u00ed chuti, jeho\u017e pevn\u00e1 struktura podtrhuje intenzivn\u00ed chu\u0165. Vynikaj\u00edc\u00ed s\u00fdr, kter\u00fd v\u00e1s nenech\u00e1 lhostejn\u00fdmi. Doporu\u010dujeme uchov\u00e1vat na such\u00e9m a chladn\u00e9m m\u00edst\u011b p\u0159i teplot\u011b 4-8 \u00b0C, [&hellip;]<\/p>\n","protected":false},"featured_media":26944,"template":"","meta":{"_et_pb_use_builder":"","_et_pb_old_content":"","_et_gb_content_width":""},"product_brand":[1234],"product_cat":[1868,5743,2298],"product_tag":[],"class_list":{"0":"post-26940","1":"product","2":"type-product","3":"status-publish","4":"has-post-thumbnail","6":"product_brand-cuatro-barras","7":"product_cat-cold-cs","8":"product_cat-lecba-cs","9":"product_cat-syr-a-klobasa-cs","10":"product_shipping_class-preprava-za-studena","12":"first","13":"outofstock","14":"taxable","15":"shipping-taxable","16":"product-type-variable"},"_links":{"self":[{"href":"https:\/\/myspainfood.com\/cs\/wp-json\/wp\/v2\/product\/26940","targetHints":{"allow":["GET"]}}],"collection":[{"href":"https:\/\/myspainfood.com\/cs\/wp-json\/wp\/v2\/product"}],"about":[{"href":"https:\/\/myspainfood.com\/cs\/wp-json\/wp\/v2\/types\/product"}],"wp:featuredmedia":[{"embeddable":true,"href":"https:\/\/myspainfood.com\/cs\/wp-json\/wp\/v2\/media\/26944"}],"wp:attachment":[{"href":"https:\/\/myspainfood.com\/cs\/wp-json\/wp\/v2\/media?parent=26940"}],"wp:term":[{"taxonomy":"product_brand","embeddable":true,"href":"https:\/\/myspainfood.com\/cs\/wp-json\/wp\/v2\/product_brand?post=26940"},{"taxonomy":"product_cat","embeddable":true,"href":"https:\/\/myspainfood.com\/cs\/wp-json\/wp\/v2\/product_cat?post=26940"},{"taxonomy":"product_tag","embeddable":true,"href":"https:\/\/myspainfood.com\/cs\/wp-json\/wp\/v2\/product_tag?post=26940"}],"curies":[{"name":"wp","href":"https:\/\/api.w.org\/{rel}","templated":true}]}}