{"id":26975,"date":"2025-04-10T12:07:30","date_gmt":"2025-04-10T10:07:30","guid":{"rendered":"https:\/\/myspainfood.com\/producto\/cusumano-olympos-d-o-bonito-drobky\/"},"modified":"2025-04-10T12:07:30","modified_gmt":"2025-04-10T10:07:30","slug":"cusumano-olympos-d-o-bonito-drobky","status":"publish","type":"product","link":"https:\/\/myspainfood.com\/cs\/producto\/cusumano-olympos-d-o-bonito-drobky\/","title":{"rendered":"Cusumano Olympos D.O. bonito drobky"},"content":{"rendered":"<p>OLYMPOS Bonito drobky ve slune\u010dnicov\u00e9m oleji, 900 g \u010dist\u00e9ho \/ 650 g su\u0161en\u00e9ho.<\/p>\n","protected":false},"excerpt":{"rendered":"<p>OLYMPOS Bonito drobky ve slune\u010dnicov\u00e9m oleji, 900 g \u010dist\u00e9ho \/ 650 g su\u0161en\u00e9ho.<\/p>\n","protected":false},"featured_media":26983,"template":"","meta":{"_et_pb_use_builder":"","_et_pb_old_content":"","_et_gb_content_width":""},"product_brand":[1248],"product_cat":[4317,1935],"product_tag":[],"class_list":{"0":"post-26975","1":"product","2":"type-product","3":"status-publish","4":"has-post-thumbnail","6":"product_brand-olympos","7":"product_cat-tunak-a-bonito","8":"product_cat-zachovava","10":"first","11":"outofstock","12":"featured","13":"taxable","14":"shipping-taxable","15":"product-type-variable"},"_links":{"self":[{"href":"https:\/\/myspainfood.com\/cs\/wp-json\/wp\/v2\/product\/26975","targetHints":{"allow":["GET"]}}],"collection":[{"href":"https:\/\/myspainfood.com\/cs\/wp-json\/wp\/v2\/product"}],"about":[{"href":"https:\/\/myspainfood.com\/cs\/wp-json\/wp\/v2\/types\/product"}],"wp:featuredmedia":[{"embeddable":true,"href":"https:\/\/myspainfood.com\/cs\/wp-json\/wp\/v2\/media\/26983"}],"wp:attachment":[{"href":"https:\/\/myspainfood.com\/cs\/wp-json\/wp\/v2\/media?parent=26975"}],"wp:term":[{"taxonomy":"product_brand","embeddable":true,"href":"https:\/\/myspainfood.com\/cs\/wp-json\/wp\/v2\/product_brand?post=26975"},{"taxonomy":"product_cat","embeddable":true,"href":"https:\/\/myspainfood.com\/cs\/wp-json\/wp\/v2\/product_cat?post=26975"},{"taxonomy":"product_tag","embeddable":true,"href":"https:\/\/myspainfood.com\/cs\/wp-json\/wp\/v2\/product_tag?post=26975"}],"curies":[{"name":"wp","href":"https:\/\/api.w.org\/{rel}","templated":true}]}}