{"id":27535,"date":"2025-04-10T12:07:30","date_gmt":"2025-04-10T10:07:30","guid":{"rendered":"https:\/\/myspainfood.com\/producto\/harlekynsti-kohouti-30-40-kusu\/"},"modified":"2025-04-10T12:07:30","modified_gmt":"2025-04-10T10:07:30","slug":"harlekynsti-kohouti-30-40-kusu","status":"publish","type":"product","link":"https:\/\/myspainfood.com\/cs\/producto\/harlekynsti-kohouti-30-40-kusu\/","title":{"rendered":"Harlek\u00fdn\u0161t\u00ed kohouti 30\/40 kus\u016f"},"content":{"rendered":"","protected":false},"excerpt":{"rendered":"","protected":false},"featured_media":27541,"template":"","meta":{"_et_pb_use_builder":"","_et_pb_old_content":"","_et_gb_content_width":""},"product_brand":[1162],"product_cat":[5680,1935],"product_tag":[],"class_list":{"0":"post-27535","1":"product","2":"type-product","3":"status-publish","4":"has-post-thumbnail","6":"product_brand-arlequin","7":"product_cat-kohouti","8":"product_cat-zachovava","10":"first","11":"outofstock","12":"taxable","13":"shipping-taxable","14":"product-type-variable"},"_links":{"self":[{"href":"https:\/\/myspainfood.com\/cs\/wp-json\/wp\/v2\/product\/27535","targetHints":{"allow":["GET"]}}],"collection":[{"href":"https:\/\/myspainfood.com\/cs\/wp-json\/wp\/v2\/product"}],"about":[{"href":"https:\/\/myspainfood.com\/cs\/wp-json\/wp\/v2\/types\/product"}],"wp:featuredmedia":[{"embeddable":true,"href":"https:\/\/myspainfood.com\/cs\/wp-json\/wp\/v2\/media\/27541"}],"wp:attachment":[{"href":"https:\/\/myspainfood.com\/cs\/wp-json\/wp\/v2\/media?parent=27535"}],"wp:term":[{"taxonomy":"product_brand","embeddable":true,"href":"https:\/\/myspainfood.com\/cs\/wp-json\/wp\/v2\/product_brand?post=27535"},{"taxonomy":"product_cat","embeddable":true,"href":"https:\/\/myspainfood.com\/cs\/wp-json\/wp\/v2\/product_cat?post=27535"},{"taxonomy":"product_tag","embeddable":true,"href":"https:\/\/myspainfood.com\/cs\/wp-json\/wp\/v2\/product_tag?post=27535"}],"curies":[{"name":"wp","href":"https:\/\/api.w.org\/{rel}","templated":true}]}}