{"id":27664,"date":"2025-04-10T12:07:50","date_gmt":"2025-04-10T10:07:50","guid":{"rendered":"https:\/\/myspainfood.com\/producto\/almagro-variant-olivy-760-g\/"},"modified":"2025-04-10T12:07:50","modified_gmt":"2025-04-10T10:07:50","slug":"almagro-variant-olivy-760-g","status":"publish","type":"product","link":"https:\/\/myspainfood.com\/cs\/producto\/almagro-variant-olivy-760-g\/","title":{"rendered":"Almagro Variant Olivy 760 g"},"content":{"rendered":"<p>Almagro Variety Olive 760 gr - La Tienda de Sami<\/p>\n<p>Oliva s p\u0159\u00edchut\u00ed lilkuOliva s p\u0159\u00edchut\u00ed lilkuOliva s jemnou chut\u00ed. Odv\u00e1\u017en\u00fd p\u0159edkrm, kter\u00fd je v\u017edy l\u00e1kav\u00fd a je ide\u00e1ln\u00edm dopl\u0148kem l\u017ei\u010dkov\u00fdch pokrm\u016f. Lze si ji vychutnat se sklenkou v\u00edna.  <\/p>\n","protected":false},"excerpt":{"rendered":"<p>Almagro Variety Olive 760 gr - La Tienda de Sami Oliva s p\u0159\u00edchut\u00ed lilkuOliva s p\u0159\u00edchut\u00ed lilkuOliva s jemnou chut\u00ed. Odv\u00e1\u017en\u00fd p\u0159edkrm, kter\u00fd je v\u017edy l\u00e1kav\u00fd a je ide\u00e1ln\u00edm dopl\u0148kem l\u017ei\u010dkov\u00fdch pokrm\u016f. Lze si ji vychutnat se sklenkou v\u00edna.<\/p>\n","protected":false},"featured_media":27671,"template":"","meta":{"_et_pb_use_builder":"","_et_pb_old_content":"","_et_gb_content_width":""},"product_brand":[1057],"product_cat":[1780,1778],"product_tag":[3986],"class_list":{"0":"post-27664","1":"product","2":"type-product","3":"status-publish","4":"has-post-thumbnail","6":"product_brand-la-encajera","7":"product_cat-olivy-cs","8":"product_cat-pickles-cs","9":"product_tag-almagro-cs","11":"first","12":"outofstock","13":"taxable","14":"shipping-taxable","15":"product-type-variable"},"_links":{"self":[{"href":"https:\/\/myspainfood.com\/cs\/wp-json\/wp\/v2\/product\/27664","targetHints":{"allow":["GET"]}}],"collection":[{"href":"https:\/\/myspainfood.com\/cs\/wp-json\/wp\/v2\/product"}],"about":[{"href":"https:\/\/myspainfood.com\/cs\/wp-json\/wp\/v2\/types\/product"}],"wp:featuredmedia":[{"embeddable":true,"href":"https:\/\/myspainfood.com\/cs\/wp-json\/wp\/v2\/media\/27671"}],"wp:attachment":[{"href":"https:\/\/myspainfood.com\/cs\/wp-json\/wp\/v2\/media?parent=27664"}],"wp:term":[{"taxonomy":"product_brand","embeddable":true,"href":"https:\/\/myspainfood.com\/cs\/wp-json\/wp\/v2\/product_brand?post=27664"},{"taxonomy":"product_cat","embeddable":true,"href":"https:\/\/myspainfood.com\/cs\/wp-json\/wp\/v2\/product_cat?post=27664"},{"taxonomy":"product_tag","embeddable":true,"href":"https:\/\/myspainfood.com\/cs\/wp-json\/wp\/v2\/product_tag?post=27664"}],"curies":[{"name":"wp","href":"https:\/\/api.w.org\/{rel}","templated":true}]}}