{"id":27873,"date":"2025-04-10T12:07:50","date_gmt":"2025-04-10T10:07:50","guid":{"rendered":"https:\/\/myspainfood.com\/producto\/cele-papriky-piquillo-extra\/"},"modified":"2025-04-10T12:07:50","modified_gmt":"2025-04-10T10:07:50","slug":"cele-papriky-piquillo-extra","status":"publish","type":"product","link":"https:\/\/myspainfood.com\/cs\/producto\/cele-papriky-piquillo-extra\/","title":{"rendered":"Cel\u00e9 papriky Piquillo extra"},"content":{"rendered":"<p>Cel\u00e9 papriky Piquillo extra je <a href=\"https:\/\/twitter.com\/mca_spain\" target=\"_blank\" rel=\"noopener noreferrer nofollow\">v\u00fdrobek spole\u010dnosti MCA \u0160pan\u011blsko<\/a>.<\/p>\n<p>Slo\u017een\u00ed: Slo\u017een\u00ed: papriky piquillo a okyseluj\u00edc\u00ed l\u00e1tka: kyselina citronov\u00e1.<\/p>\n<p>Po otev\u0159en\u00ed uchov\u00e1vejte v chladu a spot\u0159ebujte nejl\u00e9pe do 5 dn\u016f.<\/p>\n<p>La Viuda de Mateo je jednou z obchodn\u00edch zna\u010dek, pod nimi\u017e skupina MCA Spain vstupuje na trh.<\/p>\n<p>P\u016fvod spole\u010dnosti MCA Spain spo\u010d\u00edv\u00e1 ve zku\u0161enostech Carlose Ripy, jej\u00edho sou\u010dasn\u00e9ho gener\u00e1ln\u00edho \u0159editele, kter\u00fd deset let pracoval v rodinn\u00e9 firm\u011b spojen\u00e9 s maloobchodn\u00edm prodejem potravin.<\/p>\n<p>V polovin\u011b 80. let v\u0161ak Ripa ve sv\u00e9m rodn\u00e9m m\u011bst\u011b (Mendavia, Navarra) zah\u00e1jil sv\u016fj vlastn\u00ed projekt: konzerv\u00e1renskou spole\u010dnost MCA Spain.<\/p>\n<p>Tato spole\u010dnost, kter\u00e1 vyr\u00e1b\u00ed zeleninov\u00e9 a ryb\u00ed konzervy, se um\u00edstila v prvn\u00ed divizi \u0161pan\u011blsk\u00e9ho zem\u011bd\u011blsko-potravin\u00e1\u0159sk\u00e9ho odv\u011btv\u00ed.<\/p>\n<p>Velkolep\u00fd v\u00fdvoj, kter\u00fd by nebyl mo\u017en\u00fd bez prvot\u0159\u00eddn\u00edho t\u00fdmu a nad\u0161en\u00ed pro slu\u017eby z\u00e1kazn\u00edk\u016fm.<\/p>\n<p>Pokud si chcete koupit Extra cel\u00e9 papriky Piquillo nebo jak\u00fdkoli jin\u00fd druh <a href=\"https:\/\/latiendadesami.com\/categoria-producto\/conservas\/\" rel=\"noopener noreferrer nofollow\" target=\"_blank\">konzervy<\/a>, nev\u00e1hejte se pod\u00edvat do na\u0161eho online katalogu.<\/p>\n<p>M\u00e1me nejvy\u0161\u0161\u00ed kvalitu za nejlep\u0161\u00ed cenu.<\/p>\n<p>Napi\u0161te n\u00e1m pro v\u00edce informac\u00ed nebo v p\u0159\u00edpad\u011b dotaz\u016f k tomuto nebo jin\u00e9mu v\u00fdrobku z na\u0161eho katalogu.<\/p>\n","protected":false},"excerpt":{"rendered":"<p>Cel\u00e9 papriky Piquillo extra je v\u00fdrobek spole\u010dnosti MCA \u0160pan\u011blsko. Slo\u017een\u00ed: Slo\u017een\u00ed: papriky piquillo a okyseluj\u00edc\u00ed l\u00e1tka: kyselina citronov\u00e1. Po otev\u0159en\u00ed uchov\u00e1vejte v chladu a spot\u0159ebujte nejl\u00e9pe do 5 dn\u016f. La Viuda de Mateo je jednou z obchodn\u00edch zna\u010dek, pod nimi\u017e skupina MCA Spain vstupuje na trh. P\u016fvod spole\u010dnosti MCA Spain spo\u010d\u00edv\u00e1 ve zku\u0161enostech Carlose Ripy, [&hellip;]<\/p>\n","protected":false},"featured_media":27879,"template":"","meta":{"_et_pb_use_builder":"","_et_pb_old_content":"","_et_gb_content_width":""},"product_brand":[1129],"product_cat":[2371,1935],"product_tag":[2373,5951],"class_list":{"0":"post-27873","1":"product","2":"type-product","3":"status-publish","4":"has-post-thumbnail","6":"product_brand-mateo","7":"product_cat-peppers-cs","8":"product_cat-zachovava","9":"product_tag-pepr","10":"product_tag-spanelsko","12":"first","13":"outofstock","14":"taxable","15":"shipping-taxable","16":"product-type-variable"},"_links":{"self":[{"href":"https:\/\/myspainfood.com\/cs\/wp-json\/wp\/v2\/product\/27873","targetHints":{"allow":["GET"]}}],"collection":[{"href":"https:\/\/myspainfood.com\/cs\/wp-json\/wp\/v2\/product"}],"about":[{"href":"https:\/\/myspainfood.com\/cs\/wp-json\/wp\/v2\/types\/product"}],"wp:featuredmedia":[{"embeddable":true,"href":"https:\/\/myspainfood.com\/cs\/wp-json\/wp\/v2\/media\/27879"}],"wp:attachment":[{"href":"https:\/\/myspainfood.com\/cs\/wp-json\/wp\/v2\/media?parent=27873"}],"wp:term":[{"taxonomy":"product_brand","embeddable":true,"href":"https:\/\/myspainfood.com\/cs\/wp-json\/wp\/v2\/product_brand?post=27873"},{"taxonomy":"product_cat","embeddable":true,"href":"https:\/\/myspainfood.com\/cs\/wp-json\/wp\/v2\/product_cat?post=27873"},{"taxonomy":"product_tag","embeddable":true,"href":"https:\/\/myspainfood.com\/cs\/wp-json\/wp\/v2\/product_tag?post=27873"}],"curies":[{"name":"wp","href":"https:\/\/api.w.org\/{rel}","templated":true}]}}