{"id":27921,"date":"2025-04-10T12:07:50","date_gmt":"2025-04-10T10:07:50","guid":{"rendered":"https:\/\/myspainfood.com\/producto\/oti-nakladane-musle-40-50-kusu\/"},"modified":"2025-04-10T12:07:50","modified_gmt":"2025-04-10T10:07:50","slug":"oti-nakladane-musle-40-50-kusu","status":"publish","type":"product","link":"https:\/\/myspainfood.com\/cs\/producto\/oti-nakladane-musle-40-50-kusu\/","title":{"rendered":"Oti nakl\u00e1dan\u00e9 mu\u0161le 40\/50 kus\u016f"},"content":{"rendered":"<p>Nejkvalitn\u011bj\u0161\u00ed a nejv\u011bt\u0161\u00ed vzorky se z\u00edsk\u00e1vaj\u00ed v optim\u00e1ln\u00edm okam\u017eiku z nejlep\u0161\u00edch p\u00e1nv\u00ed. Vynikaj\u00edc\u00ed vzhled, stejnom\u011brn\u00e1 barva, \u010dist\u00e9 vousy a velmi chutn\u00fd vzhled jsou v\u00fdsledkem pe\u010dliv\u00e9ho v\u00fdb\u011bru a zpracov\u00e1n\u00ed. Z prvot\u0159\u00eddn\u00edch surovin se p\u0159ipravuje lahodn\u00e1 nakl\u00e1dan\u00e1 om\u00e1\u010dka, kter\u00e1 je ide\u00e1ln\u00ed z\u00e1livkou pro tohoto m\u011bkk\u00fd\u0161e.  <\/p>\n","protected":false},"excerpt":{"rendered":"<p>Nejkvalitn\u011bj\u0161\u00ed a nejv\u011bt\u0161\u00ed vzorky se z\u00edsk\u00e1vaj\u00ed v optim\u00e1ln\u00edm okam\u017eiku z nejlep\u0161\u00edch p\u00e1nv\u00ed. Vynikaj\u00edc\u00ed vzhled, stejnom\u011brn\u00e1 barva, \u010dist\u00e9 vousy a velmi chutn\u00fd vzhled jsou v\u00fdsledkem pe\u010dliv\u00e9ho v\u00fdb\u011bru a zpracov\u00e1n\u00ed. Z prvot\u0159\u00eddn\u00edch surovin se p\u0159ipravuje lahodn\u00e1 nakl\u00e1dan\u00e1 om\u00e1\u010dka, kter\u00e1 je ide\u00e1ln\u00ed z\u00e1livkou pro tohoto m\u011bkk\u00fd\u0161e.<\/p>\n","protected":false},"featured_media":27927,"template":"","meta":{"_et_pb_use_builder":"","_et_pb_old_content":"","_et_gb_content_width":""},"product_brand":[1075],"product_cat":[4071,1935],"product_tag":[],"class_list":{"0":"post-27921","1":"product","2":"type-product","3":"status-publish","4":"has-post-thumbnail","6":"product_brand-oti","7":"product_cat-musle-cs-2","8":"product_cat-zachovava","10":"first","11":"outofstock","12":"taxable","13":"shipping-taxable","14":"product-type-variable"},"_links":{"self":[{"href":"https:\/\/myspainfood.com\/cs\/wp-json\/wp\/v2\/product\/27921","targetHints":{"allow":["GET"]}}],"collection":[{"href":"https:\/\/myspainfood.com\/cs\/wp-json\/wp\/v2\/product"}],"about":[{"href":"https:\/\/myspainfood.com\/cs\/wp-json\/wp\/v2\/types\/product"}],"wp:featuredmedia":[{"embeddable":true,"href":"https:\/\/myspainfood.com\/cs\/wp-json\/wp\/v2\/media\/27927"}],"wp:attachment":[{"href":"https:\/\/myspainfood.com\/cs\/wp-json\/wp\/v2\/media?parent=27921"}],"wp:term":[{"taxonomy":"product_brand","embeddable":true,"href":"https:\/\/myspainfood.com\/cs\/wp-json\/wp\/v2\/product_brand?post=27921"},{"taxonomy":"product_cat","embeddable":true,"href":"https:\/\/myspainfood.com\/cs\/wp-json\/wp\/v2\/product_cat?post=27921"},{"taxonomy":"product_tag","embeddable":true,"href":"https:\/\/myspainfood.com\/cs\/wp-json\/wp\/v2\/product_tag?post=27921"}],"curies":[{"name":"wp","href":"https:\/\/api.w.org\/{rel}","templated":true}]}}