{"id":28525,"date":"2025-04-10T12:07:50","date_gmt":"2025-04-10T10:07:50","guid":{"rendered":"https:\/\/myspainfood.com\/producto\/broskev-v-sirupu-oti-530-gr-12-jednotek\/"},"modified":"2025-04-10T12:07:50","modified_gmt":"2025-04-10T10:07:50","slug":"broskev-v-sirupu-oti-530-gr-12-jednotek","status":"publish","type":"product","link":"https:\/\/myspainfood.com\/cs\/producto\/broskev-v-sirupu-oti-530-gr-12-jednotek\/","title":{"rendered":"Broskev v sirupu Oti 530 gr 12 JEDNOTEK"},"content":{"rendered":"<p>Ovoce v sirupu je druh d\u017eemu1 , kter\u00fd se z\u00edsk\u00e1v\u00e1 z kousk\u016f ovoce (kousky mohou b\u00fdt \u010dtverce, p\u016flky, \u010dtvrtky, pl\u00e1tky, julieny), kter\u00e9 se va\u0159\u00ed v sirupu nebo povidlech, dokud nezhoustnou. P\u0159i tomto procesu doch\u00e1z\u00ed k v\u00fdm\u011bn\u011b nebo vyt\u011bsn\u011bn\u00ed vody z hypotonick\u00e9ho prost\u0159ed\u00ed (kde je men\u0161\u00ed mno\u017estv\u00ed rozpu\u0161t\u011bn\u00fdch l\u00e1tek) do hypertonick\u00e9ho prost\u0159ed\u00ed (kde je v\u011bt\u0161\u00ed mno\u017estv\u00ed rozpu\u0161t\u011bn\u00fdch l\u00e1tek), kter\u00e1 je nahrazena rozpu\u0161t\u011bn\u00fdmi l\u00e1tkami (rozpustn\u00fdmi pevn\u00fdmi l\u00e1tkami s.s.) nach\u00e1zej\u00edc\u00edmi se v hypertonick\u00e9m prost\u0159ed\u00ed, tj. voda obsa\u017een\u00e1 v ovocn\u00fdch listech a cukry sirupu nebo sirupu se do n\u011bj dost\u00e1vaj\u00ed. Tento proces se pou\u017e\u00edv\u00e1 ke konzervaci ovoce, kter\u00e9 m\u00e1 b\u00fdt konzumov\u00e1no po dlouh\u00e9 dob\u011b.    <\/p>\n","protected":false},"excerpt":{"rendered":"<p>Ovoce v sirupu je druh d\u017eemu1 , kter\u00fd se z\u00edsk\u00e1v\u00e1 z kousk\u016f ovoce (kousky mohou b\u00fdt \u010dtverce, p\u016flky, \u010dtvrtky, pl\u00e1tky, julieny), kter\u00e9 se va\u0159\u00ed v sirupu nebo povidlech, dokud nezhoustnou. P\u0159i tomto procesu doch\u00e1z\u00ed k v\u00fdm\u011bn\u011b nebo vyt\u011bsn\u011bn\u00ed vody z hypotonick\u00e9ho prost\u0159ed\u00ed (kde je men\u0161\u00ed mno\u017estv\u00ed rozpu\u0161t\u011bn\u00fdch l\u00e1tek) do hypertonick\u00e9ho prost\u0159ed\u00ed (kde je v\u011bt\u0161\u00ed mno\u017estv\u00ed [&hellip;]<\/p>\n","protected":false},"featured_media":25237,"template":"","meta":{"_et_pb_use_builder":"","_et_pb_old_content":"","_et_gb_content_width":""},"product_brand":[1075],"product_cat":[5122,1935],"product_tag":[3215],"class_list":{"0":"post-28525","1":"product","2":"type-product","3":"status-publish","4":"has-post-thumbnail","6":"product_brand-oti","7":"product_cat-peach-cs","8":"product_cat-zachovava","9":"product_tag-sirup-cs","11":"first","12":"outofstock","13":"sale","14":"taxable","15":"shipping-taxable","16":"purchasable","17":"product-type-simple"},"_links":{"self":[{"href":"https:\/\/myspainfood.com\/cs\/wp-json\/wp\/v2\/product\/28525","targetHints":{"allow":["GET"]}}],"collection":[{"href":"https:\/\/myspainfood.com\/cs\/wp-json\/wp\/v2\/product"}],"about":[{"href":"https:\/\/myspainfood.com\/cs\/wp-json\/wp\/v2\/types\/product"}],"wp:featuredmedia":[{"embeddable":true,"href":"https:\/\/myspainfood.com\/cs\/wp-json\/wp\/v2\/media\/25237"}],"wp:attachment":[{"href":"https:\/\/myspainfood.com\/cs\/wp-json\/wp\/v2\/media?parent=28525"}],"wp:term":[{"taxonomy":"product_brand","embeddable":true,"href":"https:\/\/myspainfood.com\/cs\/wp-json\/wp\/v2\/product_brand?post=28525"},{"taxonomy":"product_cat","embeddable":true,"href":"https:\/\/myspainfood.com\/cs\/wp-json\/wp\/v2\/product_cat?post=28525"},{"taxonomy":"product_tag","embeddable":true,"href":"https:\/\/myspainfood.com\/cs\/wp-json\/wp\/v2\/product_tag?post=28525"}],"curies":[{"name":"wp","href":"https:\/\/api.w.org\/{rel}","templated":true}]}}