{"id":28951,"date":"2025-04-10T12:08:22","date_gmt":"2025-04-10T10:08:22","guid":{"rendered":"https:\/\/myspainfood.com\/producto\/treska-30-40-cela-cela-solena-treska-faerska\/"},"modified":"2025-07-31T16:43:43","modified_gmt":"2025-07-31T14:43:43","slug":"treska-30-40-cela-cela-solena-treska-faerska","status":"publish","type":"product","link":"https:\/\/myspainfood.com\/cs\/producto\/treska-30-40-cela-cela-solena-treska-faerska\/","title":{"rendered":"Treska 30\/40 Cel\u00e1 cel\u00e1 solen\u00e1 treska faersk\u00e1"},"content":{"rendered":"<div class=\"et_pb_tab clearfix et_pb_active_content et-pb-active-slide\">\n<div class=\"et_pb_tab_content\">\n<p>Treska 30\/40 Cel\u00e1 solen\u00e1 faersk\u00e1 treska <a href=\"https:\/\/labarajilla.es\/bacalao\/\" target=\"_blank\" rel=\"noopener noreferrer nofollow\">La Barajilla<\/a> je zalo\u017eena na cel\u00e9m kusu tresky roz\u0159\u00edznut\u00e9m na polovinu, nasolen\u00e9m a nalo\u017een\u00e9m.<\/p>\n<p>Z\u00e1klad pro p\u0159\u00edpravu region\u00e1ln\u00edch pokrm\u016f podle tradic jednotliv\u00fdch zem\u00ed.<\/p>\n<ul>\n<li><strong>VELIKOST<\/strong>: 30\/40<\/li>\n<li><strong>DRUH<\/strong>: Treska obecn\u00e1 ( Gadus Morhua )<u><\/u><u><\/u><\/li>\n<li><strong>RYBOLOVN\u00c1 OBLAST<\/strong>: severoz\u00e1padn\u00ed Atlantik ( FAO 27 )<u><\/u><u><\/u><\/li>\n<li><strong>SKLADOV\u00c1N\u00cd<\/strong>: p\u0159i teplot\u011b od 0 do 5 \u00b0C.<\/li>\n<\/ul>\n<p>Z nutri\u010dn\u00edho hlediska je treska potravina bohat\u00e1 na b\u00edlkoviny s vysokou biologickou hodnotou a stravitelnost\u00ed, s n\u00edzk\u00fdm obsahem tuku a kalori\u00ed.<\/p>\n<p>Obsah vody je p\u0159ibli\u017en\u011b 80 % (u \u010derstv\u00e9 tresky).<\/p>\n<p>Tato treska je dobr\u00fdm zdrojem vitam\u00edn\u016f (p\u0159edev\u0161\u00edm skupiny B) a miner\u00e1ln\u00edch sol\u00ed nezbytn\u00fdch pro organismus.<\/p>\n<p>\u010cerstvou nebo odsolenou tresku mohou konzumovat lid\u00e9 s vysok\u00fdm krevn\u00edm tlakem, proto\u017ee m\u00e1 n\u00edzk\u00fd obsah sod\u00edku a je bohat\u00e1 na drasl\u00edk.<\/p>\n<p>&#8222;Treska obecn\u00e1 je spole\u010dn\u00fd n\u00e1zev pro n\u011bkolik druh\u016f ryb rodu Gadus, i kdy\u017e n\u011bkter\u00e9 druhy t\u00e9ho\u017e rodu mohou m\u00edt i jin\u00e1 jm\u00e9na.<\/p>\n<p>Nejb\u011b\u017en\u011bj\u0161\u00edm druhem je treska obecn\u00e1 (Gadus morhua).<\/p>\n<p>Pokud si chcete koupit tresku 30\/40 Cel\u00e1 solen\u00e1 Faersk\u00e1 treska nebo jak\u00fdkoli jin\u00fd druh <a href=\"https:\/\/latiendadesami.com\/categoria-producto\/frio\/\" rel=\"noopener noreferrer nofollow\" target=\"_blank\">studen\u00e9ho<\/a> v\u00fdrobku, nev\u00e1hejte a prohl\u00e9dn\u011bte si cel\u00fd n\u00e1\u0161 online katalog, abyste vid\u011bli \u0161irokou nab\u00eddku tresek, kter\u00e9 m\u00e1me.<\/p>\n<p>Napi\u0161te n\u00e1m o dal\u0161\u00ed informace.<\/p>\n<\/div>\n<\/div>\n","protected":false},"excerpt":{"rendered":"<p>Treska 30\/40 Cel\u00e1 solen\u00e1 faersk\u00e1 treska La Barajilla je zalo\u017eena na cel\u00e9m kusu tresky roz\u0159\u00edznut\u00e9m na polovinu, nasolen\u00e9m a nalo\u017een\u00e9m. Z\u00e1klad pro p\u0159\u00edpravu region\u00e1ln\u00edch pokrm\u016f podle tradic jednotliv\u00fdch zem\u00ed. VELIKOST: 30\/40 DRUH: Treska obecn\u00e1 ( Gadus Morhua ) RYBOLOVN\u00c1 OBLAST: severoz\u00e1padn\u00ed Atlantik ( FAO 27 ) SKLADOV\u00c1N\u00cd: p\u0159i teplot\u011b od 0 do 5 \u00b0C. Z [&hellip;]<\/p>\n","protected":false},"featured_media":28960,"template":"","meta":{"_et_pb_use_builder":"","_et_pb_old_content":"","_et_gb_content_width":""},"product_brand":[1290],"product_cat":[1868,3553],"product_tag":[],"class_list":{"0":"post-28951","1":"product","2":"type-product","3":"status-publish","4":"has-post-thumbnail","6":"product_brand-la-barajilla","7":"product_cat-cold-cs","8":"product_cat-treska-cs","9":"product_shipping_class-preprava-za-studena","11":"first","12":"instock","13":"taxable","14":"shipping-taxable","15":"purchasable","16":"product-type-variable"},"_links":{"self":[{"href":"https:\/\/myspainfood.com\/cs\/wp-json\/wp\/v2\/product\/28951","targetHints":{"allow":["GET"]}}],"collection":[{"href":"https:\/\/myspainfood.com\/cs\/wp-json\/wp\/v2\/product"}],"about":[{"href":"https:\/\/myspainfood.com\/cs\/wp-json\/wp\/v2\/types\/product"}],"wp:featuredmedia":[{"embeddable":true,"href":"https:\/\/myspainfood.com\/cs\/wp-json\/wp\/v2\/media\/28960"}],"wp:attachment":[{"href":"https:\/\/myspainfood.com\/cs\/wp-json\/wp\/v2\/media?parent=28951"}],"wp:term":[{"taxonomy":"product_brand","embeddable":true,"href":"https:\/\/myspainfood.com\/cs\/wp-json\/wp\/v2\/product_brand?post=28951"},{"taxonomy":"product_cat","embeddable":true,"href":"https:\/\/myspainfood.com\/cs\/wp-json\/wp\/v2\/product_cat?post=28951"},{"taxonomy":"product_tag","embeddable":true,"href":"https:\/\/myspainfood.com\/cs\/wp-json\/wp\/v2\/product_tag?post=28951"}],"curies":[{"name":"wp","href":"https:\/\/api.w.org\/{rel}","templated":true}]}}