{"id":29250,"date":"2025-04-10T12:08:11","date_gmt":"2025-04-10T10:08:11","guid":{"rendered":"https:\/\/myspainfood.com\/producto\/syrove-pochoutky-s-ancovickami-75-jednotek\/"},"modified":"2025-08-06T12:57:15","modified_gmt":"2025-08-06T10:57:15","slug":"syrove-pochoutky-s-ancovickami-75-jednotek","status":"publish","type":"product","link":"https:\/\/myspainfood.com\/cs\/producto\/syrove-pochoutky-s-ancovickami-75-jednotek\/","title":{"rendered":"S\u00fdrov\u00e9 pochoutky s an\u010dovi\u010dkami 75 jednotek"},"content":{"rendered":"<p>Olej (85 % slune\u010dnicov\u00fd, 15 % olivov\u00fd), olivy pln\u011bn\u00e9 <strong>an\u010dovi\u010dkami<\/strong>,<strong> sardelov\u00e9<\/strong> fil\u00e9, polotvrd\u00fd s\u00fdr, piparra a \u010derven\u00e1 paprika.<\/p>\n","protected":false},"excerpt":{"rendered":"<p>Olej (85 % slune\u010dnicov\u00fd, 15 % olivov\u00fd), olivy pln\u011bn\u00e9 an\u010dovi\u010dkami, sardelov\u00e9 fil\u00e9, polotvrd\u00fd s\u00fdr, piparra a \u010derven\u00e1 paprika.<\/p>\n","protected":false},"featured_media":29252,"template":"","meta":{"_et_pb_use_builder":"","_et_pb_old_content":"","_et_gb_content_width":""},"product_brand":[1277],"product_cat":[1869,1868,1780,1778,1870],"product_tag":[],"class_list":{"0":"post-29250","1":"product","2":"type-product","3":"status-publish","4":"has-post-thumbnail","6":"product_brand-bokeo","7":"product_cat-ancovicky-cs","8":"product_cat-cold-cs","9":"product_cat-olivy-cs","10":"product_cat-pickles-cs","11":"product_cat-pintxos-cs","12":"product_shipping_class-preprava-za-studena","14":"first","15":"instock","16":"taxable","17":"shipping-taxable","18":"purchasable","19":"product-type-simple"},"_links":{"self":[{"href":"https:\/\/myspainfood.com\/cs\/wp-json\/wp\/v2\/product\/29250","targetHints":{"allow":["GET"]}}],"collection":[{"href":"https:\/\/myspainfood.com\/cs\/wp-json\/wp\/v2\/product"}],"about":[{"href":"https:\/\/myspainfood.com\/cs\/wp-json\/wp\/v2\/types\/product"}],"wp:featuredmedia":[{"embeddable":true,"href":"https:\/\/myspainfood.com\/cs\/wp-json\/wp\/v2\/media\/29252"}],"wp:attachment":[{"href":"https:\/\/myspainfood.com\/cs\/wp-json\/wp\/v2\/media?parent=29250"}],"wp:term":[{"taxonomy":"product_brand","embeddable":true,"href":"https:\/\/myspainfood.com\/cs\/wp-json\/wp\/v2\/product_brand?post=29250"},{"taxonomy":"product_cat","embeddable":true,"href":"https:\/\/myspainfood.com\/cs\/wp-json\/wp\/v2\/product_cat?post=29250"},{"taxonomy":"product_tag","embeddable":true,"href":"https:\/\/myspainfood.com\/cs\/wp-json\/wp\/v2\/product_tag?post=29250"}],"curies":[{"name":"wp","href":"https:\/\/api.w.org\/{rel}","templated":true}]}}