{"id":29470,"date":"2025-04-10T12:08:21","date_gmt":"2025-04-10T10:08:21","guid":{"rendered":"https:\/\/myspainfood.com\/producto\/pokuseni-z-lososa-170-gr\/"},"modified":"2025-04-10T12:08:21","modified_gmt":"2025-04-10T10:08:21","slug":"pokuseni-z-lososa-170-gr","status":"publish","type":"product","link":"https:\/\/myspainfood.com\/cs\/producto\/pokuseni-z-lososa-170-gr\/","title":{"rendered":"Poku\u0161en\u00ed z lososa 170 gr"},"content":{"rendered":"<p>Olej (100% slune\u010dnicov\u00fd), sladk\u00e1 t\u0159e\u0161\u0148ov\u00e1 paprika, smetanov\u00fd s\u00fdr a drcen\u00fd <strong>losos<\/strong>.<\/p>\n","protected":false},"excerpt":{"rendered":"<p>Olej (100% slune\u010dnicov\u00fd), sladk\u00e1 t\u0159e\u0161\u0148ov\u00e1 paprika, smetanov\u00fd s\u00fdr a drcen\u00fd losos.<\/p>\n","protected":false},"featured_media":29479,"template":"","meta":{"_et_pb_use_builder":"","_et_pb_old_content":"","_et_gb_content_width":""},"product_brand":[1277],"product_cat":[2371,2298,1935],"product_tag":[],"class_list":{"0":"post-29470","1":"product","2":"type-product","3":"status-publish","4":"has-post-thumbnail","6":"product_brand-bokeo","7":"product_cat-peppers-cs","8":"product_cat-syr-a-klobasa-cs","9":"product_cat-zachovava","10":"product_shipping_class-preprava-za-studena","12":"first","13":"outofstock","14":"taxable","15":"shipping-taxable","16":"product-type-variable"},"_links":{"self":[{"href":"https:\/\/myspainfood.com\/cs\/wp-json\/wp\/v2\/product\/29470","targetHints":{"allow":["GET"]}}],"collection":[{"href":"https:\/\/myspainfood.com\/cs\/wp-json\/wp\/v2\/product"}],"about":[{"href":"https:\/\/myspainfood.com\/cs\/wp-json\/wp\/v2\/types\/product"}],"wp:featuredmedia":[{"embeddable":true,"href":"https:\/\/myspainfood.com\/cs\/wp-json\/wp\/v2\/media\/29479"}],"wp:attachment":[{"href":"https:\/\/myspainfood.com\/cs\/wp-json\/wp\/v2\/media?parent=29470"}],"wp:term":[{"taxonomy":"product_brand","embeddable":true,"href":"https:\/\/myspainfood.com\/cs\/wp-json\/wp\/v2\/product_brand?post=29470"},{"taxonomy":"product_cat","embeddable":true,"href":"https:\/\/myspainfood.com\/cs\/wp-json\/wp\/v2\/product_cat?post=29470"},{"taxonomy":"product_tag","embeddable":true,"href":"https:\/\/myspainfood.com\/cs\/wp-json\/wp\/v2\/product_tag?post=29470"}],"curies":[{"name":"wp","href":"https:\/\/api.w.org\/{rel}","templated":true}]}}