{"id":29901,"date":"2025-04-10T12:08:04","date_gmt":"2025-04-10T10:08:04","guid":{"rendered":"https:\/\/myspainfood.com\/producto\/blok-pastiky-z-foie-gras-90-canard-picarpicar-150-g\/"},"modified":"2025-07-28T10:34:49","modified_gmt":"2025-07-28T08:34:49","slug":"blok-pastiky-z-foie-gras-90-canard-picarpicar-150-g","status":"publish","type":"product","link":"https:\/\/myspainfood.com\/cs\/producto\/blok-pastiky-z-foie-gras-90-canard-picarpicar-150-g\/","title":{"rendered":"Blok pa\u0161tiky z Foie Gras 90% Canard Picar&amp;picar 150 g"},"content":{"rendered":"<p>PICAR&amp;PICAR nab\u00edz\u00ed Bloc Foie Gras prvot\u0159\u00eddn\u00ed kvality v balen\u00edch po 150 gr<\/p>\n<p><strong>Foie gras de canard<\/strong> m\u00e1 intenzivn\u011bj\u0161\u00ed chu\u0165 a je ide\u00e1ln\u00ed jako p\u0159\u00edloha k j\u00eddlu nebo jako p\u0159\u00edsada v kuchyni.<\/p>\n","protected":false},"excerpt":{"rendered":"<p>PICAR&amp;PICAR nab\u00edz\u00ed Bloc Foie Gras prvot\u0159\u00eddn\u00ed kvality v balen\u00edch po 150 gr Foie gras de canard m\u00e1 intenzivn\u011bj\u0161\u00ed chu\u0165 a je ide\u00e1ln\u00ed jako p\u0159\u00edloha k j\u00eddlu nebo jako p\u0159\u00edsada v kuchyni.<\/p>\n","protected":false},"featured_media":29904,"template":"","meta":{"_et_pb_use_builder":"","_et_pb_old_content":"","_et_gb_content_width":""},"product_brand":[1127],"product_cat":[1868,6603],"product_tag":[],"class_list":{"0":"post-29901","1":"product","2":"type-product","3":"status-publish","4":"has-post-thumbnail","6":"product_brand-picarpicar","7":"product_cat-cold-cs","8":"product_cat-foie-cs","9":"product_shipping_class-preprava-za-studena","11":"first","12":"outofstock","13":"sale","14":"featured","15":"taxable","16":"shipping-taxable","17":"purchasable","18":"product-type-simple"},"_links":{"self":[{"href":"https:\/\/myspainfood.com\/cs\/wp-json\/wp\/v2\/product\/29901","targetHints":{"allow":["GET"]}}],"collection":[{"href":"https:\/\/myspainfood.com\/cs\/wp-json\/wp\/v2\/product"}],"about":[{"href":"https:\/\/myspainfood.com\/cs\/wp-json\/wp\/v2\/types\/product"}],"wp:featuredmedia":[{"embeddable":true,"href":"https:\/\/myspainfood.com\/cs\/wp-json\/wp\/v2\/media\/29904"}],"wp:attachment":[{"href":"https:\/\/myspainfood.com\/cs\/wp-json\/wp\/v2\/media?parent=29901"}],"wp:term":[{"taxonomy":"product_brand","embeddable":true,"href":"https:\/\/myspainfood.com\/cs\/wp-json\/wp\/v2\/product_brand?post=29901"},{"taxonomy":"product_cat","embeddable":true,"href":"https:\/\/myspainfood.com\/cs\/wp-json\/wp\/v2\/product_cat?post=29901"},{"taxonomy":"product_tag","embeddable":true,"href":"https:\/\/myspainfood.com\/cs\/wp-json\/wp\/v2\/product_tag?post=29901"}],"curies":[{"name":"wp","href":"https:\/\/api.w.org\/{rel}","templated":true}]}}