{"id":29957,"date":"2025-04-10T12:08:05","date_gmt":"2025-04-10T10:08:05","guid":{"rendered":"https:\/\/myspainfood.com\/producto\/sushi-cecina-a-syr-80-jednotek\/"},"modified":"2025-07-28T13:06:18","modified_gmt":"2025-07-28T11:06:18","slug":"sushi-cecina-a-syr-80-jednotek","status":"publish","type":"product","link":"https:\/\/myspainfood.com\/cs\/producto\/sushi-cecina-a-syr-80-jednotek\/","title":{"rendered":"Sushi Cecina a s\u00fdr 80 jednotek"},"content":{"rendered":"<p>Olej (85 % slune\u010dnicov\u00fd, 15 % olivov\u00fd), olivy pln\u011bn\u00e9<strong> an\u010dovi\u010dkami<\/strong>, k\u0159epel\u010d\u00ed <strong>vejce<\/strong>, m\u00edchan\u00fd s\u00fdr a su\u0161en\u00e9 hov\u011bz\u00ed maso.<\/p>\n","protected":false},"excerpt":{"rendered":"<p>Olej (85 % slune\u010dnicov\u00fd, 15 % olivov\u00fd), olivy pln\u011bn\u00e9 an\u010dovi\u010dkami, k\u0159epel\u010d\u00ed vejce, m\u00edchan\u00fd s\u00fdr a su\u0161en\u00e9 hov\u011bz\u00ed maso.<\/p>\n","protected":false},"featured_media":29961,"template":"","meta":{"_et_pb_use_builder":"","_et_pb_old_content":"","_et_gb_content_width":""},"product_brand":[1277],"product_cat":[1868,1780,1778,1870,2298],"product_tag":[],"class_list":{"0":"post-29957","1":"product","2":"type-product","3":"status-publish","4":"has-post-thumbnail","6":"product_brand-bokeo","7":"product_cat-cold-cs","8":"product_cat-olivy-cs","9":"product_cat-pickles-cs","10":"product_cat-pintxos-cs","11":"product_cat-syr-a-klobasa-cs","12":"product_shipping_class-preprava-za-studena","14":"first","15":"outofstock","16":"taxable","17":"shipping-taxable","18":"purchasable","19":"product-type-simple"},"_links":{"self":[{"href":"https:\/\/myspainfood.com\/cs\/wp-json\/wp\/v2\/product\/29957","targetHints":{"allow":["GET"]}}],"collection":[{"href":"https:\/\/myspainfood.com\/cs\/wp-json\/wp\/v2\/product"}],"about":[{"href":"https:\/\/myspainfood.com\/cs\/wp-json\/wp\/v2\/types\/product"}],"wp:featuredmedia":[{"embeddable":true,"href":"https:\/\/myspainfood.com\/cs\/wp-json\/wp\/v2\/media\/29961"}],"wp:attachment":[{"href":"https:\/\/myspainfood.com\/cs\/wp-json\/wp\/v2\/media?parent=29957"}],"wp:term":[{"taxonomy":"product_brand","embeddable":true,"href":"https:\/\/myspainfood.com\/cs\/wp-json\/wp\/v2\/product_brand?post=29957"},{"taxonomy":"product_cat","embeddable":true,"href":"https:\/\/myspainfood.com\/cs\/wp-json\/wp\/v2\/product_cat?post=29957"},{"taxonomy":"product_tag","embeddable":true,"href":"https:\/\/myspainfood.com\/cs\/wp-json\/wp\/v2\/product_tag?post=29957"}],"curies":[{"name":"wp","href":"https:\/\/api.w.org\/{rel}","templated":true}]}}